{"id":24887,"date":"2022-07-06T09:13:24","date_gmt":"2022-07-06T07:13:24","guid":{"rendered":"https:\/\/gelenkzentrum.at\/de\/?page_id=24887"},"modified":"2026-04-22T09:12:22","modified_gmt":"2026-04-22T07:12:22","slug":"diagnose-koxarthrose","status":"publish","type":"page","link":"https:\/\/gelenkzentrum.at\/de\/leistungen\/hueftoperation\/diagnose-koxarthrose\/","title":{"rendered":"Diagnose Koxarthrose"},"content":{"rendered":"\t\t<div data-elementor-type=\"wp-page\" data-elementor-id=\"24887\" class=\"elementor elementor-24887\">\n\t\t\t\t\t\t<section class=\"elementor-section elementor-top-section elementor-element elementor-element-3c45ae06 elementor-section-full_width elementor-section-height-min-height elementor-section-height-default elementor-section-items-middle\" data-id=\"3c45ae06\" data-element_type=\"section\" data-e-type=\"section\" data-settings=\"{&quot;background_background&quot;:&quot;classic&quot;,&quot;shape_divider_bottom&quot;:&quot;tilt&quot;}\">\n\t\t\t\t\t<div class=\"elementor-shape elementor-shape-bottom\" aria-hidden=\"true\" data-negative=\"false\">\n\t\t\t<svg xmlns=\"http:\/\/www.w3.org\/2000\/svg\" viewBox=\"0 0 1000 100\" preserveAspectRatio=\"none\">\n\t<path class=\"elementor-shape-fill\" d=\"M0,6V0h1000v100L0,6z\"\/>\n<\/svg>\t\t<\/div>\n\t\t\t\t\t<div class=\"elementor-container elementor-column-gap-default\">\n\t\t\t\t\t<div class=\"elementor-column elementor-col-100 elementor-top-column elementor-element elementor-element-793884cb\" data-id=\"793884cb\" data-element_type=\"column\" data-e-type=\"column\">\n\t\t\t<div class=\"elementor-widget-wrap elementor-element-populated\">\n\t\t\t\t\t\t<section class=\"elementor-section elementor-inner-section elementor-element elementor-element-13e1fac4 elementor-section-boxed elementor-section-height-default elementor-section-height-default\" data-id=\"13e1fac4\" data-element_type=\"section\" data-e-type=\"section\">\n\t\t\t\t\t\t<div class=\"elementor-container elementor-column-gap-default\">\n\t\t\t\t\t<div class=\"elementor-column elementor-col-100 elementor-inner-column elementor-element elementor-element-77e2b6b0\" data-id=\"77e2b6b0\" data-element_type=\"column\" data-e-type=\"column\">\n\t\t\t<div class=\"elementor-widget-wrap elementor-element-populated\">\n\t\t\t\t\t\t<div class=\"elementor-element elementor-element-7cd3598c elementor-widget elementor-widget-heading\" data-id=\"7cd3598c\" data-element_type=\"widget\" data-e-type=\"widget\" data-widget_type=\"heading.default\">\n\t\t\t\t<div class=\"elementor-widget-container\">\n\t\t\t\t\t<h1 class=\"elementor-heading-title elementor-size-default\">H\u00fcftoperation:<br>Diagnose Koxarthrose<\/h1>\t\t\t\t<\/div>\n\t\t\t\t<\/div>\n\t\t\t\t<div class=\"elementor-element elementor-element-5a168bc4 elementor-widget elementor-widget-button\" data-id=\"5a168bc4\" data-element_type=\"widget\" data-e-type=\"widget\" data-widget_type=\"button.default\">\n\t\t\t\t<div class=\"elementor-widget-container\">\n\t\t\t\t\t\t\t\t\t<div class=\"elementor-button-wrapper\">\n\t\t\t\t\t<a class=\"elementor-button elementor-button-link elementor-size-sm\" href=\"https:\/\/gelenkzentrum.at\/de\/kontakt#termin\">\n\t\t\t\t\t\t<span class=\"elementor-button-content-wrapper\">\n\t\t\t\t\t\t\t\t\t<span class=\"elementor-button-text\">Jetzt Termin vereinbaren<\/span>\n\t\t\t\t\t<\/span>\n\t\t\t\t\t<\/a>\n\t\t\t\t<\/div>\n\t\t\t\t\t\t\t\t<\/div>\n\t\t\t\t<\/div>\n\t\t\t\t\t<\/div>\n\t\t<\/div>\n\t\t\t\t\t<\/div>\n\t\t<\/section>\n\t\t\t\t\t<\/div>\n\t\t<\/div>\n\t\t\t\t\t<\/div>\n\t\t<\/section>\n\t\t\t\t<section class=\"elementor-section elementor-top-section elementor-element elementor-element-3ace97f6 elementor-reverse-mobile elementor-section-boxed elementor-section-height-default elementor-section-height-default\" data-id=\"3ace97f6\" data-element_type=\"section\" data-e-type=\"section\">\n\t\t\t\t\t\t<div class=\"elementor-container elementor-column-gap-default\">\n\t\t\t\t\t<div class=\"elementor-column elementor-col-33 elementor-top-column elementor-element elementor-element-3e361eef\" data-id=\"3e361eef\" data-element_type=\"column\" data-e-type=\"column\">\n\t\t\t<div class=\"elementor-widget-wrap elementor-element-populated\">\n\t\t\t\t\t\t<div class=\"elementor-element elementor-element-529249c3 elementor-icon-list--layout-traditional elementor-list-item-link-full_width elementor-widget elementor-widget-icon-list\" data-id=\"529249c3\" data-element_type=\"widget\" data-e-type=\"widget\" data-widget_type=\"icon-list.default\">\n\t\t\t\t<div class=\"elementor-widget-container\">\n\t\t\t\t\t\t\t<ul class=\"elementor-icon-list-items\">\n\t\t\t\t\t\t\t<li class=\"elementor-icon-list-item\">\n\t\t\t\t\t\t\t\t\t\t\t<a href=\"https:\/\/gelenkzentrum.at\/de\/leistungen\/hueftoperation\/vorteile\/\">\n\n\t\t\t\t\t\t\t\t\t\t\t\t<span class=\"elementor-icon-list-icon\">\n\t\t\t\t\t\t\t<i aria-hidden=\"true\" class=\"fas fa-chevron-right\"><\/i>\t\t\t\t\t\t<\/span>\n\t\t\t\t\t\t\t\t\t\t<span class=\"elementor-icon-list-text\">Vorteil<\/span>\n\t\t\t\t\t\t\t\t\t\t\t<\/a>\n\t\t\t\t\t\t\t\t\t<\/li>\n\t\t\t\t\t\t\t\t<li class=\"elementor-icon-list-item\">\n\t\t\t\t\t\t\t\t\t\t\t<a href=\"https:\/\/gelenkzentrum.at\/de\/leistungen\/hueftoperation\/diagnose-koxarthrose\/\">\n\n\t\t\t\t\t\t\t\t\t\t\t\t<span class=\"elementor-icon-list-icon\">\n\t\t\t\t\t\t\t<i aria-hidden=\"true\" class=\"fas fa-chevron-right\"><\/i>\t\t\t\t\t\t<\/span>\n\t\t\t\t\t\t\t\t\t\t<span class=\"elementor-icon-list-text\">Diagnose Koxarthrose<\/span>\n\t\t\t\t\t\t\t\t\t\t\t<\/a>\n\t\t\t\t\t\t\t\t\t<\/li>\n\t\t\t\t\t\t<\/ul>\n\t\t\t\t\t\t<\/div>\n\t\t\t\t<\/div>\n\t\t\t\t\t<\/div>\n\t\t<\/div>\n\t\t\t\t<div class=\"elementor-column elementor-col-66 elementor-top-column elementor-element elementor-element-153958b4\" data-id=\"153958b4\" data-element_type=\"column\" data-e-type=\"column\">\n\t\t\t<div class=\"elementor-widget-wrap elementor-element-populated\">\n\t\t\t\t\t\t<div class=\"elementor-element elementor-element-7560b4aa elementor-widget elementor-widget-heading\" data-id=\"7560b4aa\" data-element_type=\"widget\" data-e-type=\"widget\" data-widget_type=\"heading.default\">\n\t\t\t\t<div class=\"elementor-widget-container\">\n\t\t\t\t\t<h2 class=\"elementor-heading-title elementor-size-default\">H\u00fcftgelenksarthrose<\/h2>\t\t\t\t<\/div>\n\t\t\t\t<\/div>\n\t\t\t\t<div class=\"elementor-element elementor-element-393b184a elementor-widget elementor-widget-heading\" data-id=\"393b184a\" data-element_type=\"widget\" data-e-type=\"widget\" data-widget_type=\"heading.default\">\n\t\t\t\t<div class=\"elementor-widget-container\">\n\t\t\t\t\t<h3 class=\"elementor-heading-title elementor-size-default\">H\u00fcftschmerzen: Diagnose Koxarthrose<\/h3>\t\t\t\t<\/div>\n\t\t\t\t<\/div>\n\t\t\t\t<div class=\"elementor-element elementor-element-3ecc75ef elementor-widget elementor-widget-text-editor\" data-id=\"3ecc75ef\" data-element_type=\"widget\" data-e-type=\"widget\" data-widget_type=\"text-editor.default\">\n\t\t\t\t<div class=\"elementor-widget-container\">\n\t\t\t\t\t\t\t\t\t<p>H\u00fcftgelenksarthrose, auch Koxarthrose genannt, ist eine degenerative Erkrankung des H\u00fcftgelenks.<\/p><p>Es handelt sich um eine Abn\u00fctzungserscheinung der Knorpeloberfl\u00e4che von H\u00fcftpfanne und H\u00fcftkopf. Ursachen f\u00fcr die H\u00fcftgelenksarthrose k\u00f6nnen verschiedene (Vor-)Erkrankungen oder Verletzungen im H\u00fcftgelenksbereich sein, bei etwa einem Viertel aller F\u00e4lle kann jedoch keine genaue Ursache ausfindig gemacht werden. Charakterisierend f\u00fcr die Koxarthrose ist ein belastungsabh\u00e4ngiger Schmerz direkt im H\u00fcftgelenk.<\/p>\t\t\t\t\t\t\t\t<\/div>\n\t\t\t\t<\/div>\n\t\t\t\t<div class=\"elementor-element elementor-element-34422978 elementor-widget elementor-widget-heading\" data-id=\"34422978\" data-element_type=\"widget\" data-e-type=\"widget\" data-widget_type=\"heading.default\">\n\t\t\t\t<div class=\"elementor-widget-container\">\n\t\t\t\t\t<h4 class=\"elementor-heading-title elementor-size-default\">H\u00fcftgelenksarthrose: Diagnose &amp; Behandlung im Gelenkzentrum Wien<\/h4>\t\t\t\t<\/div>\n\t\t\t\t<\/div>\n\t\t\t\t<div class=\"elementor-element elementor-element-20929af1 elementor-widget elementor-widget-text-editor\" data-id=\"20929af1\" data-element_type=\"widget\" data-e-type=\"widget\" data-widget_type=\"text-editor.default\">\n\t\t\t\t<div class=\"elementor-widget-container\">\n\t\t\t\t\t\t\t\t\t<div class=\"col-lg-12\"><p><strong>Schematische Darstellung der radiologischen Zeichen der Koxarthrose:<\/strong><\/p><p>(1) (Rand-)Osteophyt<br \/>(2) subchondrale Sklerosierung<br \/>(3) Ger\u00f6llzyste<br \/>(4) Gelenkspaltverschm\u00e4lerung<\/p><\/div><div class=\"col-lg-12 mt-3\"><div class=\"row gallery\">\u00a0<\/div><\/div>\t\t\t\t\t\t\t\t<\/div>\n\t\t\t\t<\/div>\n\t\t\t\t<div class=\"elementor-element elementor-element-0398d5b elementor-widget elementor-widget-image\" data-id=\"0398d5b\" data-element_type=\"widget\" data-e-type=\"widget\" data-widget_type=\"image.default\">\n\t\t\t\t<div class=\"elementor-widget-container\">\n\t\t\t\t\t\t\t\t\t\t\t\t\t\t\t\t<a href=\"https:\/\/gelenkzentrum.at\/de\/wp-content\/uploads\/2022\/07\/1581936265-Coxarthrose.jpeg\" data-elementor-open-lightbox=\"yes\" data-elementor-lightbox-title=\"1581936265-Coxarthrose\" data-e-action-hash=\"#elementor-action%3Aaction%3Dlightbox%26settings%3DeyJpZCI6MjU0NjgsInVybCI6Imh0dHBzOlwvXC9nZWxlbmt6ZW50cnVtLmF0XC9kZVwvd3AtY29udGVudFwvdXBsb2Fkc1wvMjAyMlwvMDdcLzE1ODE5MzYyNjUtQ294YXJ0aHJvc2UuanBlZyJ9\">\n\t\t\t\t\t\t\t<img fetchpriority=\"high\" decoding=\"async\" width=\"334\" height=\"412\" src=\"https:\/\/gelenkzentrum.at\/de\/wp-content\/uploads\/2022\/07\/1581936265-Coxarthrose.jpeg\" class=\"attachment-large size-large wp-image-25468\" alt=\"\" srcset=\"https:\/\/gelenkzentrum.at\/de\/wp-content\/uploads\/2022\/07\/1581936265-Coxarthrose.jpeg 334w, https:\/\/gelenkzentrum.at\/de\/wp-content\/uploads\/2022\/07\/1581936265-Coxarthrose-243x300.jpeg 243w\" sizes=\"(max-width: 334px) 100vw, 334px\" \/>\t\t\t\t\t\t\t\t<\/a>\n\t\t\t\t\t\t\t\t\t\t\t\t\t\t\t<\/div>\n\t\t\t\t<\/div>\n\t\t\t\t<div class=\"elementor-element elementor-element-56805092 elementor-widget elementor-widget-heading\" data-id=\"56805092\" data-element_type=\"widget\" data-e-type=\"widget\" data-widget_type=\"heading.default\">\n\t\t\t\t<div class=\"elementor-widget-container\">\n\t\t\t\t\t<h3 class=\"elementor-heading-title elementor-size-default\">H\u00fcftspezialist Dr. Erdal Cetin<\/h3>\t\t\t\t<\/div>\n\t\t\t\t<\/div>\n\t\t\t\t<div class=\"elementor-element elementor-element-c3c4cd4 elementor-widget elementor-widget-text-editor\" data-id=\"c3c4cd4\" data-element_type=\"widget\" data-e-type=\"widget\" data-widget_type=\"text-editor.default\">\n\t\t\t\t<div class=\"elementor-widget-container\">\n\t\t\t\t\t\t\t\t\t<div class=\"row mt-3\"><div class=\"col-md-8\"><div class=\"row\"><div class=\"col-lg-12 mt-5\"><p><strong>Im Gelenkzentrum Wien erhalten Sie eine seri\u00f6se Diagnose!<\/strong><\/p><p>Ist f\u00fcr Ihre H\u00fcftschmerzen tats\u00e4chlich eine H\u00fcftgelenksarthrose verantwortlich, entscheiden unsere Gelenkspezialisten mit Ihnen gemeinsam \u00fcber die weitere Behandlung.<\/p><p><a href=\"https:\/\/gelenkzentrum.at\/de\/leistungen\/huefte\/koxarthrose-und-hueftgelenkersatz\/\">Mehr \u00fcber Koxarthrose und m\u00f6gliche Therapien erfahren Sie hier!<\/a><\/p><\/div><\/div><\/div><\/div>\t\t\t\t\t\t\t\t<\/div>\n\t\t\t\t<\/div>\n\t\t\t\t\t<\/div>\n\t\t<\/div>\n\t\t\t\t\t<\/div>\n\t\t<\/section>\n\t\t\t\t<\/div>\n\t\t","protected":false},"excerpt":{"rendered":"<p>H\u00fcftoperation:Diagnose Koxarthrose Jetzt Termin vereinbaren Vorteil Diagnose Koxarthrose H\u00fcftgelenksarthrose H\u00fcftschmerzen: Diagnose Koxarthrose H\u00fcftgelenksarthrose, auch Koxarthrose genannt, ist eine degenerative Erkrankung des H\u00fcftgelenks. Es handelt sich um eine Abn\u00fctzungserscheinung der Knorpeloberfl\u00e4che von H\u00fcftpfanne und H\u00fcftkopf. Ursachen f\u00fcr die H\u00fcftgelenksarthrose k\u00f6nnen verschiedene (Vor-)Erkrankungen oder Verletzungen im H\u00fcftgelenksbereich sein, bei etwa einem Viertel aller F\u00e4lle kann jedoch keine [&hellip;]<\/p>\n","protected":false},"author":2,"featured_media":0,"parent":24730,"menu_order":0,"comment_status":"closed","ping_status":"closed","template":"","meta":{"site-sidebar-layout":"no-sidebar","site-content-layout":"page-builder","ast-site-content-layout":"default","site-content-style":"default","site-sidebar-style":"default","ast-global-header-display":"","ast-banner-title-visibility":"","ast-main-header-display":"","ast-hfb-above-header-display":"","ast-hfb-below-header-display":"","ast-hfb-mobile-header-display":"","site-post-title":"disabled","ast-breadcrumbs-content":"","ast-featured-img":"disabled","footer-sml-layout":"","ast-disable-related-posts":"","theme-transparent-header-meta":"","adv-header-id-meta":"","stick-header-meta":"","header-above-stick-meta":"","header-main-stick-meta":"","header-below-stick-meta":"","astra-migrate-meta-layouts":"default","ast-page-background-enabled":"default","ast-page-background-meta":{"desktop":{"background-color":"","background-image":"","background-repeat":"repeat","background-position":"center center","background-size":"auto","background-attachment":"scroll","background-type":"","background-media":"","overlay-type":"","overlay-color":"","overlay-opacity":"","overlay-gradient":""},"tablet":{"background-color":"","background-image":"","background-repeat":"repeat","background-position":"center center","background-size":"auto","background-attachment":"scroll","background-type":"","background-media":"","overlay-type":"","overlay-color":"","overlay-opacity":"","overlay-gradient":""},"mobile":{"background-color":"","background-image":"","background-repeat":"repeat","background-position":"center center","background-size":"auto","background-attachment":"scroll","background-type":"","background-media":"","overlay-type":"","overlay-color":"","overlay-opacity":"","overlay-gradient":""}},"ast-content-background-meta":{"desktop":{"background-color":"var(--ast-global-color-5)","background-image":"","background-repeat":"repeat","background-position":"center center","background-size":"auto","background-attachment":"scroll","background-type":"","background-media":"","overlay-type":"","overlay-color":"","overlay-opacity":"","overlay-gradient":""},"tablet":{"background-color":"var(--ast-global-color-5)","background-image":"","background-repeat":"repeat","background-position":"center center","background-size":"auto","background-attachment":"scroll","background-type":"","background-media":"","overlay-type":"","overlay-color":"","overlay-opacity":"","overlay-gradient":""},"mobile":{"background-color":"var(--ast-global-color-5)","background-image":"","background-repeat":"repeat","background-position":"center center","background-size":"auto","background-attachment":"scroll","background-type":"","background-media":"","overlay-type":"","overlay-color":"","overlay-opacity":"","overlay-gradient":""}},"two_page_speed":{"current_score":{"desktop_score":74,"desktop_tti":"0.5\u00a0","mobile_score":93,"mobile_tti":"2.4\u00a0","date":"22.04.2026 09:12:52 am","status":"completed"}},"footnotes":""},"class_list":["post-24887","page","type-page","status-publish","hentry"],"yoast_head":"<!-- This site is optimized with the Yoast SEO plugin v27.5 - https:\/\/yoast.com\/product\/yoast-seo-wordpress\/ -->\n<title>H\u00fcftgelenksarthrose | Gelenkzentrum Wien Simmering<\/title>\n<meta name=\"description\" content=\"Die Schmerzen einer H\u00fcftgelenksarthrose k\u00f6nnen mit konservativen Therapien oft gelindert werden. Im Ernstfall empfehlen wir modernste Endoprothesen.\" \/>\n<meta name=\"robots\" content=\"index, follow, max-snippet:-1, max-image-preview:large, max-video-preview:-1\" \/>\n<link rel=\"canonical\" href=\"https:\/\/gelenkzentrum.at\/de\/leistungen\/hueftoperation\/diagnose-koxarthrose\/\" \/>\n<meta property=\"og:locale\" content=\"de_DE\" \/>\n<meta property=\"og:type\" content=\"article\" \/>\n<meta property=\"og:title\" content=\"H\u00fcftgelenksarthrose | Gelenkzentrum Wien Simmering\" \/>\n<meta property=\"og:description\" content=\"Die Schmerzen einer H\u00fcftgelenksarthrose k\u00f6nnen mit konservativen Therapien oft gelindert werden. Im Ernstfall empfehlen wir modernste Endoprothesen.\" \/>\n<meta property=\"og:url\" content=\"https:\/\/gelenkzentrum.at\/de\/leistungen\/hueftoperation\/diagnose-koxarthrose\/\" \/>\n<meta property=\"og:site_name\" content=\"Gelenkzentrum Wien Simmering\" \/>\n<meta property=\"article:modified_time\" content=\"2026-04-22T07:12:22+00:00\" \/>\n<meta property=\"og:image\" content=\"https:\/\/gelenkzentrum.at\/de\/wp-content\/uploads\/2022\/07\/1581936265-Coxarthrose.jpeg\" \/>\n\t<meta property=\"og:image:width\" content=\"334\" \/>\n\t<meta property=\"og:image:height\" content=\"412\" \/>\n\t<meta property=\"og:image:type\" content=\"image\/jpeg\" \/>\n<meta name=\"twitter:card\" content=\"summary_large_image\" \/>\n<meta name=\"twitter:label1\" content=\"Gesch\u00e4tzte Lesezeit\" \/>\n\t<meta name=\"twitter:data1\" content=\"1\u00a0Minute\" \/>\n<script type=\"application\/ld+json\" class=\"yoast-schema-graph\">{\"@context\":\"https:\\\/\\\/schema.org\",\"@graph\":[{\"@type\":\"WebPage\",\"@id\":\"https:\\\/\\\/gelenkzentrum.at\\\/de\\\/leistungen\\\/hueftoperation\\\/diagnose-koxarthrose\\\/\",\"url\":\"https:\\\/\\\/gelenkzentrum.at\\\/de\\\/leistungen\\\/hueftoperation\\\/diagnose-koxarthrose\\\/\",\"name\":\"H\u00fcftgelenksarthrose | Gelenkzentrum Wien Simmering\",\"isPartOf\":{\"@id\":\"https:\\\/\\\/gelenkzentrum.at\\\/de\\\/#website\"},\"primaryImageOfPage\":{\"@id\":\"https:\\\/\\\/gelenkzentrum.at\\\/de\\\/leistungen\\\/hueftoperation\\\/diagnose-koxarthrose\\\/#primaryimage\"},\"image\":{\"@id\":\"https:\\\/\\\/gelenkzentrum.at\\\/de\\\/leistungen\\\/hueftoperation\\\/diagnose-koxarthrose\\\/#primaryimage\"},\"thumbnailUrl\":\"https:\\\/\\\/gelenkzentrum.at\\\/de\\\/wp-content\\\/uploads\\\/2022\\\/07\\\/1581936265-Coxarthrose.jpeg\",\"datePublished\":\"2022-07-06T07:13:24+00:00\",\"dateModified\":\"2026-04-22T07:12:22+00:00\",\"description\":\"Die Schmerzen einer H\u00fcftgelenksarthrose k\u00f6nnen mit konservativen Therapien oft gelindert werden. Im Ernstfall empfehlen wir modernste Endoprothesen.\",\"breadcrumb\":{\"@id\":\"https:\\\/\\\/gelenkzentrum.at\\\/de\\\/leistungen\\\/hueftoperation\\\/diagnose-koxarthrose\\\/#breadcrumb\"},\"inLanguage\":\"de\",\"potentialAction\":[{\"@type\":\"ReadAction\",\"target\":[\"https:\\\/\\\/gelenkzentrum.at\\\/de\\\/leistungen\\\/hueftoperation\\\/diagnose-koxarthrose\\\/\"]}]},{\"@type\":\"ImageObject\",\"inLanguage\":\"de\",\"@id\":\"https:\\\/\\\/gelenkzentrum.at\\\/de\\\/leistungen\\\/hueftoperation\\\/diagnose-koxarthrose\\\/#primaryimage\",\"url\":\"https:\\\/\\\/gelenkzentrum.at\\\/de\\\/wp-content\\\/uploads\\\/2022\\\/07\\\/1581936265-Coxarthrose.jpeg\",\"contentUrl\":\"https:\\\/\\\/gelenkzentrum.at\\\/de\\\/wp-content\\\/uploads\\\/2022\\\/07\\\/1581936265-Coxarthrose.jpeg\",\"width\":334,\"height\":412},{\"@type\":\"BreadcrumbList\",\"@id\":\"https:\\\/\\\/gelenkzentrum.at\\\/de\\\/leistungen\\\/hueftoperation\\\/diagnose-koxarthrose\\\/#breadcrumb\",\"itemListElement\":[{\"@type\":\"ListItem\",\"position\":1,\"name\":\"Startseite\",\"item\":\"https:\\\/\\\/gelenkzentrum.at\\\/de\\\/\"},{\"@type\":\"ListItem\",\"position\":2,\"name\":\"Leistungen\",\"item\":\"https:\\\/\\\/gelenkzentrum.at\\\/de\\\/leistungen\\\/\"},{\"@type\":\"ListItem\",\"position\":3,\"name\":\"H\u00fcftoperation\",\"item\":\"https:\\\/\\\/gelenkzentrum.at\\\/de\\\/leistungen\\\/hueftoperation\\\/\"},{\"@type\":\"ListItem\",\"position\":4,\"name\":\"Diagnose Koxarthrose\"}]},{\"@type\":\"WebSite\",\"@id\":\"https:\\\/\\\/gelenkzentrum.at\\\/de\\\/#website\",\"url\":\"https:\\\/\\\/gelenkzentrum.at\\\/de\\\/\",\"name\":\"Gelenkzentrum Wien Simmering\",\"description\":\"Orthop\u00e4disches Zentrum Wien, alle Kassen\",\"publisher\":{\"@id\":\"https:\\\/\\\/gelenkzentrum.at\\\/de\\\/#organization\"},\"potentialAction\":[{\"@type\":\"SearchAction\",\"target\":{\"@type\":\"EntryPoint\",\"urlTemplate\":\"https:\\\/\\\/gelenkzentrum.at\\\/de\\\/?s={search_term_string}\"},\"query-input\":{\"@type\":\"PropertyValueSpecification\",\"valueRequired\":true,\"valueName\":\"search_term_string\"}}],\"inLanguage\":\"de\"},{\"@type\":\"Organization\",\"@id\":\"https:\\\/\\\/gelenkzentrum.at\\\/de\\\/#organization\",\"name\":\"Gelenkzentrum Wien Simmering\",\"url\":\"https:\\\/\\\/gelenkzentrum.at\\\/de\\\/\",\"logo\":{\"@type\":\"ImageObject\",\"inLanguage\":\"de\",\"@id\":\"https:\\\/\\\/gelenkzentrum.at\\\/de\\\/#\\\/schema\\\/logo\\\/image\\\/\",\"url\":\"https:\\\/\\\/gelenkzentrum.at\\\/de\\\/wp-content\\\/uploads\\\/2022\\\/05\\\/Logo_Gelenkzentrum-200x70-1.png\",\"contentUrl\":\"https:\\\/\\\/gelenkzentrum.at\\\/de\\\/wp-content\\\/uploads\\\/2022\\\/05\\\/Logo_Gelenkzentrum-200x70-1.png\",\"width\":200,\"height\":70,\"caption\":\"Gelenkzentrum Wien Simmering\"},\"image\":{\"@id\":\"https:\\\/\\\/gelenkzentrum.at\\\/de\\\/#\\\/schema\\\/logo\\\/image\\\/\"}}]}<\/script>\n<!-- \/ Yoast SEO plugin. -->","yoast_head_json":{"title":"H\u00fcftgelenksarthrose | Gelenkzentrum Wien Simmering","description":"Die Schmerzen einer H\u00fcftgelenksarthrose k\u00f6nnen mit konservativen Therapien oft gelindert werden. Im Ernstfall empfehlen wir modernste Endoprothesen.","robots":{"index":"index","follow":"follow","max-snippet":"max-snippet:-1","max-image-preview":"max-image-preview:large","max-video-preview":"max-video-preview:-1"},"canonical":"https:\/\/gelenkzentrum.at\/de\/leistungen\/hueftoperation\/diagnose-koxarthrose\/","og_locale":"de_DE","og_type":"article","og_title":"H\u00fcftgelenksarthrose | Gelenkzentrum Wien Simmering","og_description":"Die Schmerzen einer H\u00fcftgelenksarthrose k\u00f6nnen mit konservativen Therapien oft gelindert werden. Im Ernstfall empfehlen wir modernste Endoprothesen.","og_url":"https:\/\/gelenkzentrum.at\/de\/leistungen\/hueftoperation\/diagnose-koxarthrose\/","og_site_name":"Gelenkzentrum Wien Simmering","article_modified_time":"2026-04-22T07:12:22+00:00","og_image":[{"width":334,"height":412,"url":"https:\/\/gelenkzentrum.at\/de\/wp-content\/uploads\/2022\/07\/1581936265-Coxarthrose.jpeg","type":"image\/jpeg"}],"twitter_card":"summary_large_image","twitter_misc":{"Gesch\u00e4tzte Lesezeit":"1\u00a0Minute"},"schema":{"@context":"https:\/\/schema.org","@graph":[{"@type":"WebPage","@id":"https:\/\/gelenkzentrum.at\/de\/leistungen\/hueftoperation\/diagnose-koxarthrose\/","url":"https:\/\/gelenkzentrum.at\/de\/leistungen\/hueftoperation\/diagnose-koxarthrose\/","name":"H\u00fcftgelenksarthrose | Gelenkzentrum Wien Simmering","isPartOf":{"@id":"https:\/\/gelenkzentrum.at\/de\/#website"},"primaryImageOfPage":{"@id":"https:\/\/gelenkzentrum.at\/de\/leistungen\/hueftoperation\/diagnose-koxarthrose\/#primaryimage"},"image":{"@id":"https:\/\/gelenkzentrum.at\/de\/leistungen\/hueftoperation\/diagnose-koxarthrose\/#primaryimage"},"thumbnailUrl":"https:\/\/gelenkzentrum.at\/de\/wp-content\/uploads\/2022\/07\/1581936265-Coxarthrose.jpeg","datePublished":"2022-07-06T07:13:24+00:00","dateModified":"2026-04-22T07:12:22+00:00","description":"Die Schmerzen einer H\u00fcftgelenksarthrose k\u00f6nnen mit konservativen Therapien oft gelindert werden. Im Ernstfall empfehlen wir modernste Endoprothesen.","breadcrumb":{"@id":"https:\/\/gelenkzentrum.at\/de\/leistungen\/hueftoperation\/diagnose-koxarthrose\/#breadcrumb"},"inLanguage":"de","potentialAction":[{"@type":"ReadAction","target":["https:\/\/gelenkzentrum.at\/de\/leistungen\/hueftoperation\/diagnose-koxarthrose\/"]}]},{"@type":"ImageObject","inLanguage":"de","@id":"https:\/\/gelenkzentrum.at\/de\/leistungen\/hueftoperation\/diagnose-koxarthrose\/#primaryimage","url":"https:\/\/gelenkzentrum.at\/de\/wp-content\/uploads\/2022\/07\/1581936265-Coxarthrose.jpeg","contentUrl":"https:\/\/gelenkzentrum.at\/de\/wp-content\/uploads\/2022\/07\/1581936265-Coxarthrose.jpeg","width":334,"height":412},{"@type":"BreadcrumbList","@id":"https:\/\/gelenkzentrum.at\/de\/leistungen\/hueftoperation\/diagnose-koxarthrose\/#breadcrumb","itemListElement":[{"@type":"ListItem","position":1,"name":"Startseite","item":"https:\/\/gelenkzentrum.at\/de\/"},{"@type":"ListItem","position":2,"name":"Leistungen","item":"https:\/\/gelenkzentrum.at\/de\/leistungen\/"},{"@type":"ListItem","position":3,"name":"H\u00fcftoperation","item":"https:\/\/gelenkzentrum.at\/de\/leistungen\/hueftoperation\/"},{"@type":"ListItem","position":4,"name":"Diagnose Koxarthrose"}]},{"@type":"WebSite","@id":"https:\/\/gelenkzentrum.at\/de\/#website","url":"https:\/\/gelenkzentrum.at\/de\/","name":"Gelenkzentrum Wien Simmering","description":"Orthop\u00e4disches Zentrum Wien, alle Kassen","publisher":{"@id":"https:\/\/gelenkzentrum.at\/de\/#organization"},"potentialAction":[{"@type":"SearchAction","target":{"@type":"EntryPoint","urlTemplate":"https:\/\/gelenkzentrum.at\/de\/?s={search_term_string}"},"query-input":{"@type":"PropertyValueSpecification","valueRequired":true,"valueName":"search_term_string"}}],"inLanguage":"de"},{"@type":"Organization","@id":"https:\/\/gelenkzentrum.at\/de\/#organization","name":"Gelenkzentrum Wien Simmering","url":"https:\/\/gelenkzentrum.at\/de\/","logo":{"@type":"ImageObject","inLanguage":"de","@id":"https:\/\/gelenkzentrum.at\/de\/#\/schema\/logo\/image\/","url":"https:\/\/gelenkzentrum.at\/de\/wp-content\/uploads\/2022\/05\/Logo_Gelenkzentrum-200x70-1.png","contentUrl":"https:\/\/gelenkzentrum.at\/de\/wp-content\/uploads\/2022\/05\/Logo_Gelenkzentrum-200x70-1.png","width":200,"height":70,"caption":"Gelenkzentrum Wien Simmering"},"image":{"@id":"https:\/\/gelenkzentrum.at\/de\/#\/schema\/logo\/image\/"}}]}},"_links":{"self":[{"href":"https:\/\/gelenkzentrum.at\/de\/wp-json\/wp\/v2\/pages\/24887","targetHints":{"allow":["GET"]}}],"collection":[{"href":"https:\/\/gelenkzentrum.at\/de\/wp-json\/wp\/v2\/pages"}],"about":[{"href":"https:\/\/gelenkzentrum.at\/de\/wp-json\/wp\/v2\/types\/page"}],"author":[{"embeddable":true,"href":"https:\/\/gelenkzentrum.at\/de\/wp-json\/wp\/v2\/users\/2"}],"replies":[{"embeddable":true,"href":"https:\/\/gelenkzentrum.at\/de\/wp-json\/wp\/v2\/comments?post=24887"}],"version-history":[{"count":6,"href":"https:\/\/gelenkzentrum.at\/de\/wp-json\/wp\/v2\/pages\/24887\/revisions"}],"predecessor-version":[{"id":28786,"href":"https:\/\/gelenkzentrum.at\/de\/wp-json\/wp\/v2\/pages\/24887\/revisions\/28786"}],"up":[{"embeddable":true,"href":"https:\/\/gelenkzentrum.at\/de\/wp-json\/wp\/v2\/pages\/24730"}],"wp:attachment":[{"href":"https:\/\/gelenkzentrum.at\/de\/wp-json\/wp\/v2\/media?parent=24887"}],"curies":[{"name":"wp","href":"https:\/\/api.w.org\/{rel}","templated":true}]}}