{"id":24875,"date":"2022-07-06T09:07:22","date_gmt":"2022-07-06T07:07:22","guid":{"rendered":"https:\/\/gelenkzentrum.at\/de\/?page_id=24875"},"modified":"2025-06-11T18:33:18","modified_gmt":"2025-06-11T16:33:18","slug":"heberden-arthrose","status":"publish","type":"page","link":"https:\/\/gelenkzentrum.at\/de\/leistungen\/hand\/heberden-arthrose\/","title":{"rendered":"Heberden &#8211; Arthrose"},"content":{"rendered":"\t\t<div data-elementor-type=\"wp-page\" data-elementor-id=\"24875\" class=\"elementor elementor-24875\">\n\t\t\t\t\t\t<section class=\"elementor-section elementor-top-section elementor-element elementor-element-3b7cbfb2 elementor-section-full_width elementor-section-height-min-height elementor-section-height-default elementor-section-items-middle\" data-id=\"3b7cbfb2\" data-element_type=\"section\" data-e-type=\"section\" data-settings=\"{&quot;background_background&quot;:&quot;classic&quot;,&quot;shape_divider_bottom&quot;:&quot;tilt&quot;}\">\n\t\t\t\t\t<div class=\"elementor-shape elementor-shape-bottom\" aria-hidden=\"true\" data-negative=\"false\">\n\t\t\t<svg xmlns=\"http:\/\/www.w3.org\/2000\/svg\" viewBox=\"0 0 1000 100\" preserveAspectRatio=\"none\">\n\t<path class=\"elementor-shape-fill\" d=\"M0,6V0h1000v100L0,6z\"\/>\n<\/svg>\t\t<\/div>\n\t\t\t\t\t<div class=\"elementor-container elementor-column-gap-default\">\n\t\t\t\t\t<div class=\"elementor-column elementor-col-100 elementor-top-column elementor-element elementor-element-76fbece3\" data-id=\"76fbece3\" data-element_type=\"column\" data-e-type=\"column\">\n\t\t\t<div class=\"elementor-widget-wrap elementor-element-populated\">\n\t\t\t\t\t\t<section class=\"elementor-section elementor-inner-section elementor-element elementor-element-12beb8a0 elementor-section-boxed elementor-section-height-default elementor-section-height-default\" data-id=\"12beb8a0\" data-element_type=\"section\" data-e-type=\"section\">\n\t\t\t\t\t\t<div class=\"elementor-container elementor-column-gap-default\">\n\t\t\t\t\t<div class=\"elementor-column elementor-col-100 elementor-inner-column elementor-element elementor-element-6071f79f\" data-id=\"6071f79f\" data-element_type=\"column\" data-e-type=\"column\">\n\t\t\t<div class=\"elementor-widget-wrap elementor-element-populated\">\n\t\t\t\t\t\t<div class=\"elementor-element elementor-element-94d4b5a elementor-widget elementor-widget-heading\" data-id=\"94d4b5a\" data-element_type=\"widget\" data-e-type=\"widget\" data-widget_type=\"heading.default\">\n\t\t\t\t<div class=\"elementor-widget-container\">\n\t\t\t\t\t<h1 class=\"elementor-heading-title elementor-size-default\">Heberden-Arthrose<\/h1>\t\t\t\t<\/div>\n\t\t\t\t<\/div>\n\t\t\t\t<div class=\"elementor-element elementor-element-1ffa3d1c elementor-widget elementor-widget-button\" data-id=\"1ffa3d1c\" data-element_type=\"widget\" data-e-type=\"widget\" data-widget_type=\"button.default\">\n\t\t\t\t<div class=\"elementor-widget-container\">\n\t\t\t\t\t\t\t\t\t<div class=\"elementor-button-wrapper\">\n\t\t\t\t\t<a class=\"elementor-button elementor-button-link elementor-size-sm\" href=\"https:\/\/gelenkzentrum.at\/de\/kontakt#termin\">\n\t\t\t\t\t\t<span class=\"elementor-button-content-wrapper\">\n\t\t\t\t\t\t\t\t\t<span class=\"elementor-button-text\">Jetzt Termin vereinbaren<\/span>\n\t\t\t\t\t<\/span>\n\t\t\t\t\t<\/a>\n\t\t\t\t<\/div>\n\t\t\t\t\t\t\t\t<\/div>\n\t\t\t\t<\/div>\n\t\t\t\t\t<\/div>\n\t\t<\/div>\n\t\t\t\t\t<\/div>\n\t\t<\/section>\n\t\t\t\t\t<\/div>\n\t\t<\/div>\n\t\t\t\t\t<\/div>\n\t\t<\/section>\n\t\t\t\t<section class=\"elementor-section elementor-top-section elementor-element elementor-element-7b0488c1 elementor-reverse-mobile elementor-section-boxed elementor-section-height-default elementor-section-height-default\" data-id=\"7b0488c1\" data-element_type=\"section\" data-e-type=\"section\">\n\t\t\t\t\t\t<div class=\"elementor-container elementor-column-gap-default\">\n\t\t\t\t\t<div class=\"elementor-column elementor-col-33 elementor-top-column elementor-element elementor-element-148a3c1c\" data-id=\"148a3c1c\" data-element_type=\"column\" data-e-type=\"column\">\n\t\t\t<div class=\"elementor-widget-wrap elementor-element-populated\">\n\t\t\t\t\t\t<div class=\"elementor-element elementor-element-2f4bfc53 elementor-icon-list--layout-traditional elementor-list-item-link-full_width elementor-widget elementor-widget-icon-list\" data-id=\"2f4bfc53\" data-element_type=\"widget\" data-e-type=\"widget\" data-widget_type=\"icon-list.default\">\n\t\t\t\t<div class=\"elementor-widget-container\">\n\t\t\t\t\t\t\t<ul class=\"elementor-icon-list-items\">\n\t\t\t\t\t\t\t<li class=\"elementor-icon-list-item\">\n\t\t\t\t\t\t\t\t\t\t\t<a href=\"https:\/\/gelenkzentrum.at\/de\/leistungen\/hand\/karpaltunnelsyndrom\/\">\n\n\t\t\t\t\t\t\t\t\t\t\t\t<span class=\"elementor-icon-list-icon\">\n\t\t\t\t\t\t\t<i aria-hidden=\"true\" class=\"fas fa-chevron-right\"><\/i>\t\t\t\t\t\t<\/span>\n\t\t\t\t\t\t\t\t\t\t<span class=\"elementor-icon-list-text\">Karpaltunnelsyndrom<\/span>\n\t\t\t\t\t\t\t\t\t\t\t<\/a>\n\t\t\t\t\t\t\t\t\t<\/li>\n\t\t\t\t\t\t\t\t<li class=\"elementor-icon-list-item\">\n\t\t\t\t\t\t\t\t\t\t\t<a href=\"https:\/\/gelenkzentrum.at\/de\/leistungen\/hand\/tendovaginitis-stenosans\/\">\n\n\t\t\t\t\t\t\t\t\t\t\t\t<span class=\"elementor-icon-list-icon\">\n\t\t\t\t\t\t\t<i aria-hidden=\"true\" class=\"fas fa-chevron-right\"><\/i>\t\t\t\t\t\t<\/span>\n\t\t\t\t\t\t\t\t\t\t<span class=\"elementor-icon-list-text\">Tendovaginitis Stenosans<\/span>\n\t\t\t\t\t\t\t\t\t\t\t<\/a>\n\t\t\t\t\t\t\t\t\t<\/li>\n\t\t\t\t\t\t\t\t<li class=\"elementor-icon-list-item\">\n\t\t\t\t\t\t\t\t\t\t\t<a href=\"https:\/\/gelenkzentrum.at\/de\/leistungen\/hand\/tendovaginitis-stenosans-de-quervain\/\">\n\n\t\t\t\t\t\t\t\t\t\t\t\t<span class=\"elementor-icon-list-icon\">\n\t\t\t\t\t\t\t<i aria-hidden=\"true\" class=\"fas fa-chevron-right\"><\/i>\t\t\t\t\t\t<\/span>\n\t\t\t\t\t\t\t\t\t\t<span class=\"elementor-icon-list-text\">Tendovaginitis stenosans de Quervain<\/span>\n\t\t\t\t\t\t\t\t\t\t\t<\/a>\n\t\t\t\t\t\t\t\t\t<\/li>\n\t\t\t\t\t\t\t\t<li class=\"elementor-icon-list-item\">\n\t\t\t\t\t\t\t\t\t\t\t<a href=\"https:\/\/gelenkzentrum.at\/de\/leistungen\/hand\/handgelenks-arthrose\/\">\n\n\t\t\t\t\t\t\t\t\t\t\t\t<span class=\"elementor-icon-list-icon\">\n\t\t\t\t\t\t\t<i aria-hidden=\"true\" class=\"fas fa-chevron-right\"><\/i>\t\t\t\t\t\t<\/span>\n\t\t\t\t\t\t\t\t\t\t<span class=\"elementor-icon-list-text\">Handgelenks - Arthrose<\/span>\n\t\t\t\t\t\t\t\t\t\t\t<\/a>\n\t\t\t\t\t\t\t\t\t<\/li>\n\t\t\t\t\t\t\t\t<li class=\"elementor-icon-list-item\">\n\t\t\t\t\t\t\t\t\t\t\t<a href=\"https:\/\/gelenkzentrum.at\/de\/leistungen\/hand\/bouchard-arthrose\/\">\n\n\t\t\t\t\t\t\t\t\t\t\t\t<span class=\"elementor-icon-list-icon\">\n\t\t\t\t\t\t\t<i aria-hidden=\"true\" class=\"fas fa-chevron-right\"><\/i>\t\t\t\t\t\t<\/span>\n\t\t\t\t\t\t\t\t\t\t<span class=\"elementor-icon-list-text\">Bouchard - Arthrose<\/span>\n\t\t\t\t\t\t\t\t\t\t\t<\/a>\n\t\t\t\t\t\t\t\t\t<\/li>\n\t\t\t\t\t\t\t\t<li class=\"elementor-icon-list-item\">\n\t\t\t\t\t\t\t\t\t\t\t<a href=\"https:\/\/gelenkzentrum.at\/de\/leistungen\/hand\/heberden-arthrose\/\">\n\n\t\t\t\t\t\t\t\t\t\t\t\t<span class=\"elementor-icon-list-icon\">\n\t\t\t\t\t\t\t<i aria-hidden=\"true\" class=\"fas fa-chevron-right\"><\/i>\t\t\t\t\t\t<\/span>\n\t\t\t\t\t\t\t\t\t\t<span class=\"elementor-icon-list-text\">Heberden - Arthrose<\/span>\n\t\t\t\t\t\t\t\t\t\t\t<\/a>\n\t\t\t\t\t\t\t\t\t<\/li>\n\t\t\t\t\t\t\t\t<li class=\"elementor-icon-list-item\">\n\t\t\t\t\t\t\t\t\t\t\t<a href=\"https:\/\/gelenkzentrum.at\/de\/leistungen\/hand\/rhizarthrose\/\">\n\n\t\t\t\t\t\t\t\t\t\t\t\t<span class=\"elementor-icon-list-icon\">\n\t\t\t\t\t\t\t<i aria-hidden=\"true\" class=\"fas fa-chevron-right\"><\/i>\t\t\t\t\t\t<\/span>\n\t\t\t\t\t\t\t\t\t\t<span class=\"elementor-icon-list-text\">Rhizarthrose<\/span>\n\t\t\t\t\t\t\t\t\t\t\t<\/a>\n\t\t\t\t\t\t\t\t\t<\/li>\n\t\t\t\t\t\t\t\t<li class=\"elementor-icon-list-item\">\n\t\t\t\t\t\t\t\t\t\t\t<a href=\"https:\/\/gelenkzentrum.at\/de\/leistungen\/hand\/lunatumnekrose\/\">\n\n\t\t\t\t\t\t\t\t\t\t\t\t<span class=\"elementor-icon-list-icon\">\n\t\t\t\t\t\t\t<i aria-hidden=\"true\" class=\"fas fa-chevron-right\"><\/i>\t\t\t\t\t\t<\/span>\n\t\t\t\t\t\t\t\t\t\t<span class=\"elementor-icon-list-text\">Lunatumnekrose<\/span>\n\t\t\t\t\t\t\t\t\t\t\t<\/a>\n\t\t\t\t\t\t\t\t\t<\/li>\n\t\t\t\t\t\t\t\t<li class=\"elementor-icon-list-item\">\n\t\t\t\t\t\t\t\t\t\t\t<a href=\"https:\/\/gelenkzentrum.at\/de\/leistungen\/hand\/morbus-dupuytren\/\">\n\n\t\t\t\t\t\t\t\t\t\t\t\t<span class=\"elementor-icon-list-icon\">\n\t\t\t\t\t\t\t<i aria-hidden=\"true\" class=\"fas fa-chevron-right\"><\/i>\t\t\t\t\t\t<\/span>\n\t\t\t\t\t\t\t\t\t\t<span class=\"elementor-icon-list-text\">Morbus Dupuytren<\/span>\n\t\t\t\t\t\t\t\t\t\t\t<\/a>\n\t\t\t\t\t\t\t\t\t<\/li>\n\t\t\t\t\t\t\t\t<li class=\"elementor-icon-list-item\">\n\t\t\t\t\t\t\t\t\t\t\t<a href=\"https:\/\/gelenkzentrum.at\/de\/leistungen\/hand\/handgelenksganglion\/\">\n\n\t\t\t\t\t\t\t\t\t\t\t\t<span class=\"elementor-icon-list-icon\">\n\t\t\t\t\t\t\t<i aria-hidden=\"true\" class=\"fas fa-chevron-right\"><\/i>\t\t\t\t\t\t<\/span>\n\t\t\t\t\t\t\t\t\t\t<span class=\"elementor-icon-list-text\">Handgelenksganglion<\/span>\n\t\t\t\t\t\t\t\t\t\t\t<\/a>\n\t\t\t\t\t\t\t\t\t<\/li>\n\t\t\t\t\t\t<\/ul>\n\t\t\t\t\t\t<\/div>\n\t\t\t\t<\/div>\n\t\t\t\t\t<\/div>\n\t\t<\/div>\n\t\t\t\t<div class=\"elementor-column elementor-col-66 elementor-top-column elementor-element elementor-element-79a979ff\" data-id=\"79a979ff\" data-element_type=\"column\" data-e-type=\"column\">\n\t\t\t<div class=\"elementor-widget-wrap elementor-element-populated\">\n\t\t\t\t\t\t<div class=\"elementor-element elementor-element-5c82892c elementor-widget elementor-widget-heading\" data-id=\"5c82892c\" data-element_type=\"widget\" data-e-type=\"widget\" data-widget_type=\"heading.default\">\n\t\t\t\t<div class=\"elementor-widget-container\">\n\t\t\t\t\t<h2 class=\"elementor-heading-title elementor-size-default\">Heberden-Arthrose \u2013 Ursachen und Symptome<\/h2>\t\t\t\t<\/div>\n\t\t\t\t<\/div>\n\t\t\t\t<div class=\"elementor-element elementor-element-7631cbff elementor-widget elementor-widget-heading\" data-id=\"7631cbff\" data-element_type=\"widget\" data-e-type=\"widget\" data-widget_type=\"heading.default\">\n\t\t\t\t<div class=\"elementor-widget-container\">\n\t\t\t\t\t<h3 class=\"elementor-heading-title elementor-size-default\">Was ist eine Heberden-Arthrose?<\/h3>\t\t\t\t<\/div>\n\t\t\t\t<\/div>\n\t\t\t\t<div class=\"elementor-element elementor-element-8c31261 elementor-widget elementor-widget-text-editor\" data-id=\"8c31261\" data-element_type=\"widget\" data-e-type=\"widget\" data-widget_type=\"text-editor.default\">\n\t\t\t\t<div class=\"elementor-widget-container\">\n\t\t\t\t\t\t\t\t\t<p>Die Heberden-Arthrose ist eine Abn\u00fctzungserscheinung der Fingerendgelenke (distalen Interphalangealgelenke, DIP). Vor allem Frauen nach der Menopause sind davon betroffen, wobei eine genetische Vorbelastung vermutet wird.<\/p>\t\t\t\t\t\t\t\t<\/div>\n\t\t\t\t<\/div>\n\t\t\t\t<div class=\"elementor-element elementor-element-7ff84467 elementor-widget elementor-widget-heading\" data-id=\"7ff84467\" data-element_type=\"widget\" data-e-type=\"widget\" data-widget_type=\"heading.default\">\n\t\t\t\t<div class=\"elementor-widget-container\">\n\t\t\t\t\t<h3 class=\"elementor-heading-title elementor-size-default\">Wie erfolgt die Diagnose?<\/h3>\t\t\t\t<\/div>\n\t\t\t\t<\/div>\n\t\t\t\t<div class=\"elementor-element elementor-element-550bcb34 elementor-widget elementor-widget-text-editor\" data-id=\"550bcb34\" data-element_type=\"widget\" data-e-type=\"widget\" data-widget_type=\"text-editor.default\">\n\t\t\t\t<div class=\"elementor-widget-container\">\n\t\t\t\t\t\t\t\t\t<p>Beugekontrakturen und Schmerzen in den Fingerendgelenken mit sichtbaren Kn\u00f6tchenbildungen sind f\u00fcr Betroffene sehr belastend. Im fr\u00fchen Stadium klagen Patienten \u00fcber Erm\u00fcdungsschmerzen und ausstrahlende Schmerzen bei Belastung. Im Sp\u00e4tstadium entwickelt sich ein Dauerschmerz, Bewegungseinschr\u00e4nkungen, Wetterf\u00fchligkeit und Ruheschmerzen &#8211; vor allem nachts.<\/p>\t\t\t\t\t\t\t\t<\/div>\n\t\t\t\t<\/div>\n\t\t\t\t<div class=\"elementor-element elementor-element-b4f12ce elementor-widget elementor-widget-heading\" data-id=\"b4f12ce\" data-element_type=\"widget\" data-e-type=\"widget\" data-widget_type=\"heading.default\">\n\t\t\t\t<div class=\"elementor-widget-container\">\n\t\t\t\t\t<h3 class=\"elementor-heading-title elementor-size-default\">Was wir empfehlen:<\/h3>\t\t\t\t<\/div>\n\t\t\t\t<\/div>\n\t\t\t\t<div class=\"elementor-element elementor-element-f945e9d elementor-widget elementor-widget-text-editor\" data-id=\"f945e9d\" data-element_type=\"widget\" data-e-type=\"widget\" data-widget_type=\"text-editor.default\">\n\t\t\t\t<div class=\"elementor-widget-container\">\n\t\t\t\t\t\t\t\t\t<div class=\"row mt-3\"><div class=\"col-md-8\"><div class=\"row\"><div class=\"col-lg-12\"><p>Bei Nicht-Ansprechen der konservativen Therapien werden operative Methoden zur Behandlung angwendet. Eine bew\u00e4hrte Methode ist die Gelenkversteifung (Arthrodese), bei der entweder gekreuzte Kirschnerdr\u00e4hte oder Polylaktatstifte verwendet werden. Zur Nachbehandlung erhalten Patienten nach der Operation f\u00fcr 6 Wochen eine Fingerschiene.<\/p><\/div><\/div><\/div><\/div>\t\t\t\t\t\t\t\t<\/div>\n\t\t\t\t<\/div>\n\t\t\t\t\t<\/div>\n\t\t<\/div>\n\t\t\t\t\t<\/div>\n\t\t<\/section>\n\t\t\t\t<\/div>\n\t\t","protected":false},"excerpt":{"rendered":"<p>Heberden-Arthrose Jetzt Termin vereinbaren Karpaltunnelsyndrom Tendovaginitis Stenosans Tendovaginitis stenosans de Quervain Handgelenks &#8211; Arthrose Bouchard &#8211; Arthrose Heberden &#8211; Arthrose Rhizarthrose Lunatumnekrose Morbus Dupuytren Handgelenksganglion Heberden-Arthrose \u2013 Ursachen und Symptome Was ist eine Heberden-Arthrose? Die Heberden-Arthrose ist eine Abn\u00fctzungserscheinung der Fingerendgelenke (distalen Interphalangealgelenke, DIP). Vor allem Frauen nach der Menopause sind davon betroffen, wobei eine [&hellip;]<\/p>\n","protected":false},"author":2,"featured_media":0,"parent":24726,"menu_order":0,"comment_status":"closed","ping_status":"closed","template":"","meta":{"site-sidebar-layout":"no-sidebar","site-content-layout":"page-builder","ast-site-content-layout":"full-width-container","site-content-style":"unboxed","site-sidebar-style":"unboxed","ast-global-header-display":"","ast-banner-title-visibility":"","ast-main-header-display":"","ast-hfb-above-header-display":"","ast-hfb-below-header-display":"","ast-hfb-mobile-header-display":"","site-post-title":"disabled","ast-breadcrumbs-content":"","ast-featured-img":"disabled","footer-sml-layout":"","ast-disable-related-posts":"","theme-transparent-header-meta":"","adv-header-id-meta":"","stick-header-meta":"","header-above-stick-meta":"","header-main-stick-meta":"","header-below-stick-meta":"","astra-migrate-meta-layouts":"set","ast-page-background-enabled":"default","ast-page-background-meta":{"desktop":{"background-color":"","background-image":"","background-repeat":"repeat","background-position":"center center","background-size":"auto","background-attachment":"scroll","background-type":"","background-media":"","overlay-type":"","overlay-color":"","overlay-opacity":"","overlay-gradient":""},"tablet":{"background-color":"","background-image":"","background-repeat":"repeat","background-position":"center center","background-size":"auto","background-attachment":"scroll","background-type":"","background-media":"","overlay-type":"","overlay-color":"","overlay-opacity":"","overlay-gradient":""},"mobile":{"background-color":"","background-image":"","background-repeat":"repeat","background-position":"center center","background-size":"auto","background-attachment":"scroll","background-type":"","background-media":"","overlay-type":"","overlay-color":"","overlay-opacity":"","overlay-gradient":""}},"ast-content-background-meta":{"desktop":{"background-color":"var(--ast-global-color-5)","background-image":"","background-repeat":"repeat","background-position":"center center","background-size":"auto","background-attachment":"scroll","background-type":"","background-media":"","overlay-type":"","overlay-color":"","overlay-opacity":"","overlay-gradient":""},"tablet":{"background-color":"var(--ast-global-color-5)","background-image":"","background-repeat":"repeat","background-position":"center center","background-size":"auto","background-attachment":"scroll","background-type":"","background-media":"","overlay-type":"","overlay-color":"","overlay-opacity":"","overlay-gradient":""},"mobile":{"background-color":"var(--ast-global-color-5)","background-image":"","background-repeat":"repeat","background-position":"center center","background-size":"auto","background-attachment":"scroll","background-type":"","background-media":"","overlay-type":"","overlay-color":"","overlay-opacity":"","overlay-gradient":""}},"two_page_speed":{"current_score":{"desktop_score":97,"desktop_tti":"0.5\u00a0","mobile_score":93,"mobile_tti":"2.4\u00a0","date":"11.06.2025 06:33:49 pm","status":"completed"}},"footnotes":""},"class_list":["post-24875","page","type-page","status-publish","hentry"],"yoast_head":"<!-- This site is optimized with the Yoast SEO plugin v27.4 - https:\/\/yoast.com\/product\/yoast-seo-wordpress\/ -->\n<title>Heberden Arthrose | Gelenkzentrum Wien Simmering<\/title>\n<meta name=\"description\" content=\"Heberden-Arthrose: Orthop\u00e4de und Handschmerzen Arzt Dr. Cetin vom Gelenkzentrum Wien beantwortet Ihre Fragen zur Heberden Arthrose.\" \/>\n<meta name=\"robots\" content=\"index, follow, max-snippet:-1, max-image-preview:large, max-video-preview:-1\" \/>\n<link rel=\"canonical\" href=\"https:\/\/gelenkzentrum.at\/de\/leistungen\/hand\/heberden-arthrose\/\" \/>\n<meta property=\"og:locale\" content=\"de_DE\" \/>\n<meta property=\"og:type\" content=\"article\" \/>\n<meta property=\"og:title\" content=\"Heberden Arthrose | Gelenkzentrum Wien Simmering\" \/>\n<meta property=\"og:description\" content=\"Heberden-Arthrose: Orthop\u00e4de und Handschmerzen Arzt Dr. Cetin vom Gelenkzentrum Wien beantwortet Ihre Fragen zur Heberden Arthrose.\" \/>\n<meta property=\"og:url\" content=\"https:\/\/gelenkzentrum.at\/de\/leistungen\/hand\/heberden-arthrose\/\" \/>\n<meta property=\"og:site_name\" content=\"Gelenkzentrum Wien Simmering\" \/>\n<meta property=\"article:modified_time\" content=\"2025-06-11T16:33:18+00:00\" \/>\n<meta name=\"twitter:card\" content=\"summary_large_image\" \/>\n<meta name=\"twitter:label1\" content=\"Gesch\u00e4tzte Lesezeit\" \/>\n\t<meta name=\"twitter:data1\" content=\"1\u00a0Minute\" \/>\n<script type=\"application\/ld+json\" class=\"yoast-schema-graph\">{\"@context\":\"https:\\\/\\\/schema.org\",\"@graph\":[{\"@type\":\"WebPage\",\"@id\":\"https:\\\/\\\/gelenkzentrum.at\\\/de\\\/leistungen\\\/hand\\\/heberden-arthrose\\\/\",\"url\":\"https:\\\/\\\/gelenkzentrum.at\\\/de\\\/leistungen\\\/hand\\\/heberden-arthrose\\\/\",\"name\":\"Heberden Arthrose | Gelenkzentrum Wien Simmering\",\"isPartOf\":{\"@id\":\"https:\\\/\\\/gelenkzentrum.at\\\/de\\\/#website\"},\"datePublished\":\"2022-07-06T07:07:22+00:00\",\"dateModified\":\"2025-06-11T16:33:18+00:00\",\"description\":\"Heberden-Arthrose: Orthop\u00e4de und Handschmerzen Arzt Dr. Cetin vom Gelenkzentrum Wien beantwortet Ihre Fragen zur Heberden Arthrose.\",\"breadcrumb\":{\"@id\":\"https:\\\/\\\/gelenkzentrum.at\\\/de\\\/leistungen\\\/hand\\\/heberden-arthrose\\\/#breadcrumb\"},\"inLanguage\":\"de\",\"potentialAction\":[{\"@type\":\"ReadAction\",\"target\":[\"https:\\\/\\\/gelenkzentrum.at\\\/de\\\/leistungen\\\/hand\\\/heberden-arthrose\\\/\"]}]},{\"@type\":\"BreadcrumbList\",\"@id\":\"https:\\\/\\\/gelenkzentrum.at\\\/de\\\/leistungen\\\/hand\\\/heberden-arthrose\\\/#breadcrumb\",\"itemListElement\":[{\"@type\":\"ListItem\",\"position\":1,\"name\":\"Startseite\",\"item\":\"https:\\\/\\\/gelenkzentrum.at\\\/de\\\/\"},{\"@type\":\"ListItem\",\"position\":2,\"name\":\"Leistungen\",\"item\":\"https:\\\/\\\/gelenkzentrum.at\\\/de\\\/leistungen\\\/\"},{\"@type\":\"ListItem\",\"position\":3,\"name\":\"Hand\",\"item\":\"https:\\\/\\\/gelenkzentrum.at\\\/de\\\/leistungen\\\/hand\\\/\"},{\"@type\":\"ListItem\",\"position\":4,\"name\":\"Heberden &#8211; Arthrose\"}]},{\"@type\":\"WebSite\",\"@id\":\"https:\\\/\\\/gelenkzentrum.at\\\/de\\\/#website\",\"url\":\"https:\\\/\\\/gelenkzentrum.at\\\/de\\\/\",\"name\":\"Gelenkzentrum Wien Simmering\",\"description\":\"Orthop\u00e4disches Zentrum Wien, alle Kassen\",\"publisher\":{\"@id\":\"https:\\\/\\\/gelenkzentrum.at\\\/de\\\/#organization\"},\"potentialAction\":[{\"@type\":\"SearchAction\",\"target\":{\"@type\":\"EntryPoint\",\"urlTemplate\":\"https:\\\/\\\/gelenkzentrum.at\\\/de\\\/?s={search_term_string}\"},\"query-input\":{\"@type\":\"PropertyValueSpecification\",\"valueRequired\":true,\"valueName\":\"search_term_string\"}}],\"inLanguage\":\"de\"},{\"@type\":\"Organization\",\"@id\":\"https:\\\/\\\/gelenkzentrum.at\\\/de\\\/#organization\",\"name\":\"Gelenkzentrum Wien Simmering\",\"url\":\"https:\\\/\\\/gelenkzentrum.at\\\/de\\\/\",\"logo\":{\"@type\":\"ImageObject\",\"inLanguage\":\"de\",\"@id\":\"https:\\\/\\\/gelenkzentrum.at\\\/de\\\/#\\\/schema\\\/logo\\\/image\\\/\",\"url\":\"https:\\\/\\\/gelenkzentrum.at\\\/de\\\/wp-content\\\/uploads\\\/2022\\\/05\\\/Logo_Gelenkzentrum-200x70-1.png\",\"contentUrl\":\"https:\\\/\\\/gelenkzentrum.at\\\/de\\\/wp-content\\\/uploads\\\/2022\\\/05\\\/Logo_Gelenkzentrum-200x70-1.png\",\"width\":200,\"height\":70,\"caption\":\"Gelenkzentrum Wien Simmering\"},\"image\":{\"@id\":\"https:\\\/\\\/gelenkzentrum.at\\\/de\\\/#\\\/schema\\\/logo\\\/image\\\/\"}}]}<\/script>\n<!-- \/ Yoast SEO plugin. -->","yoast_head_json":{"title":"Heberden Arthrose | Gelenkzentrum Wien Simmering","description":"Heberden-Arthrose: Orthop\u00e4de und Handschmerzen Arzt Dr. Cetin vom Gelenkzentrum Wien beantwortet Ihre Fragen zur Heberden Arthrose.","robots":{"index":"index","follow":"follow","max-snippet":"max-snippet:-1","max-image-preview":"max-image-preview:large","max-video-preview":"max-video-preview:-1"},"canonical":"https:\/\/gelenkzentrum.at\/de\/leistungen\/hand\/heberden-arthrose\/","og_locale":"de_DE","og_type":"article","og_title":"Heberden Arthrose | Gelenkzentrum Wien Simmering","og_description":"Heberden-Arthrose: Orthop\u00e4de und Handschmerzen Arzt Dr. Cetin vom Gelenkzentrum Wien beantwortet Ihre Fragen zur Heberden Arthrose.","og_url":"https:\/\/gelenkzentrum.at\/de\/leistungen\/hand\/heberden-arthrose\/","og_site_name":"Gelenkzentrum Wien Simmering","article_modified_time":"2025-06-11T16:33:18+00:00","twitter_card":"summary_large_image","twitter_misc":{"Gesch\u00e4tzte Lesezeit":"1\u00a0Minute"},"schema":{"@context":"https:\/\/schema.org","@graph":[{"@type":"WebPage","@id":"https:\/\/gelenkzentrum.at\/de\/leistungen\/hand\/heberden-arthrose\/","url":"https:\/\/gelenkzentrum.at\/de\/leistungen\/hand\/heberden-arthrose\/","name":"Heberden Arthrose | Gelenkzentrum Wien Simmering","isPartOf":{"@id":"https:\/\/gelenkzentrum.at\/de\/#website"},"datePublished":"2022-07-06T07:07:22+00:00","dateModified":"2025-06-11T16:33:18+00:00","description":"Heberden-Arthrose: Orthop\u00e4de und Handschmerzen Arzt Dr. Cetin vom Gelenkzentrum Wien beantwortet Ihre Fragen zur Heberden Arthrose.","breadcrumb":{"@id":"https:\/\/gelenkzentrum.at\/de\/leistungen\/hand\/heberden-arthrose\/#breadcrumb"},"inLanguage":"de","potentialAction":[{"@type":"ReadAction","target":["https:\/\/gelenkzentrum.at\/de\/leistungen\/hand\/heberden-arthrose\/"]}]},{"@type":"BreadcrumbList","@id":"https:\/\/gelenkzentrum.at\/de\/leistungen\/hand\/heberden-arthrose\/#breadcrumb","itemListElement":[{"@type":"ListItem","position":1,"name":"Startseite","item":"https:\/\/gelenkzentrum.at\/de\/"},{"@type":"ListItem","position":2,"name":"Leistungen","item":"https:\/\/gelenkzentrum.at\/de\/leistungen\/"},{"@type":"ListItem","position":3,"name":"Hand","item":"https:\/\/gelenkzentrum.at\/de\/leistungen\/hand\/"},{"@type":"ListItem","position":4,"name":"Heberden &#8211; Arthrose"}]},{"@type":"WebSite","@id":"https:\/\/gelenkzentrum.at\/de\/#website","url":"https:\/\/gelenkzentrum.at\/de\/","name":"Gelenkzentrum Wien Simmering","description":"Orthop\u00e4disches Zentrum Wien, alle Kassen","publisher":{"@id":"https:\/\/gelenkzentrum.at\/de\/#organization"},"potentialAction":[{"@type":"SearchAction","target":{"@type":"EntryPoint","urlTemplate":"https:\/\/gelenkzentrum.at\/de\/?s={search_term_string}"},"query-input":{"@type":"PropertyValueSpecification","valueRequired":true,"valueName":"search_term_string"}}],"inLanguage":"de"},{"@type":"Organization","@id":"https:\/\/gelenkzentrum.at\/de\/#organization","name":"Gelenkzentrum Wien Simmering","url":"https:\/\/gelenkzentrum.at\/de\/","logo":{"@type":"ImageObject","inLanguage":"de","@id":"https:\/\/gelenkzentrum.at\/de\/#\/schema\/logo\/image\/","url":"https:\/\/gelenkzentrum.at\/de\/wp-content\/uploads\/2022\/05\/Logo_Gelenkzentrum-200x70-1.png","contentUrl":"https:\/\/gelenkzentrum.at\/de\/wp-content\/uploads\/2022\/05\/Logo_Gelenkzentrum-200x70-1.png","width":200,"height":70,"caption":"Gelenkzentrum Wien Simmering"},"image":{"@id":"https:\/\/gelenkzentrum.at\/de\/#\/schema\/logo\/image\/"}}]}},"_links":{"self":[{"href":"https:\/\/gelenkzentrum.at\/de\/wp-json\/wp\/v2\/pages\/24875","targetHints":{"allow":["GET"]}}],"collection":[{"href":"https:\/\/gelenkzentrum.at\/de\/wp-json\/wp\/v2\/pages"}],"about":[{"href":"https:\/\/gelenkzentrum.at\/de\/wp-json\/wp\/v2\/types\/page"}],"author":[{"embeddable":true,"href":"https:\/\/gelenkzentrum.at\/de\/wp-json\/wp\/v2\/users\/2"}],"replies":[{"embeddable":true,"href":"https:\/\/gelenkzentrum.at\/de\/wp-json\/wp\/v2\/comments?post=24875"}],"version-history":[{"count":7,"href":"https:\/\/gelenkzentrum.at\/de\/wp-json\/wp\/v2\/pages\/24875\/revisions"}],"predecessor-version":[{"id":28777,"href":"https:\/\/gelenkzentrum.at\/de\/wp-json\/wp\/v2\/pages\/24875\/revisions\/28777"}],"up":[{"embeddable":true,"href":"https:\/\/gelenkzentrum.at\/de\/wp-json\/wp\/v2\/pages\/24726"}],"wp:attachment":[{"href":"https:\/\/gelenkzentrum.at\/de\/wp-json\/wp\/v2\/media?parent=24875"}],"curies":[{"name":"wp","href":"https:\/\/api.w.org\/{rel}","templated":true}]}}