{"id":24821,"date":"2022-07-06T08:55:50","date_gmt":"2022-07-06T06:55:50","guid":{"rendered":"https:\/\/gelenkzentrum.at\/de\/?page_id=24821"},"modified":"2026-04-20T15:57:12","modified_gmt":"2026-04-20T13:57:12","slug":"arthrose-im-oberen-sprunggelenk","status":"publish","type":"page","link":"https:\/\/gelenkzentrum.at\/de\/leistungen\/fuss\/arthrose-im-oberen-sprunggelenk\/","title":{"rendered":"Arthrose im oberen Sprunggelenk"},"content":{"rendered":"\t\t<div data-elementor-type=\"wp-page\" data-elementor-id=\"24821\" class=\"elementor elementor-24821\">\n\t\t\t\t\t\t<section class=\"elementor-section elementor-top-section elementor-element elementor-element-40535a26 elementor-section-boxed elementor-section-height-default elementor-section-height-default\" data-id=\"40535a26\" data-element_type=\"section\" data-e-type=\"section\">\n\t\t\t\t\t\t<div class=\"elementor-container elementor-column-gap-default\">\n\t\t\t\t\t<div class=\"elementor-column elementor-col-100 elementor-top-column elementor-element elementor-element-13c2f007\" data-id=\"13c2f007\" data-element_type=\"column\" data-e-type=\"column\">\n\t\t\t<div class=\"elementor-widget-wrap\">\n\t\t\t\t\t\t\t<\/div>\n\t\t<\/div>\n\t\t\t\t\t<\/div>\n\t\t<\/section>\n\t\t\t\t<section class=\"elementor-section elementor-top-section elementor-element elementor-element-3e49c135 elementor-reverse-mobile elementor-section-boxed elementor-section-height-default elementor-section-height-default\" data-id=\"3e49c135\" data-element_type=\"section\" data-e-type=\"section\">\n\t\t\t\t\t\t<div class=\"elementor-container elementor-column-gap-default\">\n\t\t\t\t\t<div class=\"elementor-column elementor-col-33 elementor-top-column elementor-element elementor-element-2e2cc0c7\" data-id=\"2e2cc0c7\" data-element_type=\"column\" data-e-type=\"column\">\n\t\t\t<div class=\"elementor-widget-wrap elementor-element-populated\">\n\t\t\t\t\t\t<div class=\"elementor-element elementor-element-272d9a3d elementor-icon-list--layout-traditional elementor-list-item-link-full_width elementor-widget elementor-widget-icon-list\" data-id=\"272d9a3d\" data-element_type=\"widget\" data-e-type=\"widget\" data-widget_type=\"icon-list.default\">\n\t\t\t\t<div class=\"elementor-widget-container\">\n\t\t\t\t\t\t\t<ul class=\"elementor-icon-list-items\">\n\t\t\t\t\t\t\t<li class=\"elementor-icon-list-item\">\n\t\t\t\t\t\t\t\t\t\t\t<a href=\"https:\/\/gelenkzentrum.at\/de\/leistungen\/fuss\/sprunggelenksverletzungen\/\">\n\n\t\t\t\t\t\t\t\t\t\t\t\t<span class=\"elementor-icon-list-icon\">\n\t\t\t\t\t\t\t<i aria-hidden=\"true\" class=\"fas fa-chevron-right\"><\/i>\t\t\t\t\t\t<\/span>\n\t\t\t\t\t\t\t\t\t\t<span class=\"elementor-icon-list-text\">Sprunggelenksverletzungen<\/span>\n\t\t\t\t\t\t\t\t\t\t\t<\/a>\n\t\t\t\t\t\t\t\t\t<\/li>\n\t\t\t\t\t\t\t\t<li class=\"elementor-icon-list-item\">\n\t\t\t\t\t\t\t\t\t\t\t<a href=\"https:\/\/gelenkzentrum.at\/de\/leistungen\/fuss\/arthrose-im-oberen-sprunggelenk\/\">\n\n\t\t\t\t\t\t\t\t\t\t\t\t<span class=\"elementor-icon-list-icon\">\n\t\t\t\t\t\t\t<i aria-hidden=\"true\" class=\"fas fa-chevron-right\"><\/i>\t\t\t\t\t\t<\/span>\n\t\t\t\t\t\t\t\t\t\t<span class=\"elementor-icon-list-text\">Arthrose im oberen Sprunggelenk<\/span>\n\t\t\t\t\t\t\t\t\t\t\t<\/a>\n\t\t\t\t\t\t\t\t\t<\/li>\n\t\t\t\t\t\t\t\t<li class=\"elementor-icon-list-item\">\n\t\t\t\t\t\t\t\t\t\t\t<a href=\"https:\/\/gelenkzentrum.at\/de\/leistungen\/fuss\/syndesmosen-ruptur\/\">\n\n\t\t\t\t\t\t\t\t\t\t\t\t<span class=\"elementor-icon-list-icon\">\n\t\t\t\t\t\t\t<i aria-hidden=\"true\" class=\"fas fa-chevron-right\"><\/i>\t\t\t\t\t\t<\/span>\n\t\t\t\t\t\t\t\t\t\t<span class=\"elementor-icon-list-text\">Syndesmosen Ruptur<\/span>\n\t\t\t\t\t\t\t\t\t\t\t<\/a>\n\t\t\t\t\t\t\t\t\t<\/li>\n\t\t\t\t\t\t\t\t<li class=\"elementor-icon-list-item\">\n\t\t\t\t\t\t\t\t\t\t\t<a href=\"https:\/\/gelenkzentrum.at\/de\/leistungen\/fuss\/aussenbandruptur-oberes-sprunggelenk\/\">\n\n\t\t\t\t\t\t\t\t\t\t\t\t<span class=\"elementor-icon-list-icon\">\n\t\t\t\t\t\t\t<i aria-hidden=\"true\" class=\"fas fa-chevron-right\"><\/i>\t\t\t\t\t\t<\/span>\n\t\t\t\t\t\t\t\t\t\t<span class=\"elementor-icon-list-text\">Aussenbandruptur oberes Sprunggelenk<\/span>\n\t\t\t\t\t\t\t\t\t\t\t<\/a>\n\t\t\t\t\t\t\t\t\t<\/li>\n\t\t\t\t\t\t\t\t<li class=\"elementor-icon-list-item\">\n\t\t\t\t\t\t\t\t\t\t\t<a href=\"https:\/\/gelenkzentrum.at\/de\/leistungen\/fuss\/sinus-tarsi-syndrom\/\">\n\n\t\t\t\t\t\t\t\t\t\t\t\t<span class=\"elementor-icon-list-icon\">\n\t\t\t\t\t\t\t<i aria-hidden=\"true\" class=\"fas fa-chevron-right\"><\/i>\t\t\t\t\t\t<\/span>\n\t\t\t\t\t\t\t\t\t\t<span class=\"elementor-icon-list-text\">Sinus-Tarsi-Syndrom<\/span>\n\t\t\t\t\t\t\t\t\t\t\t<\/a>\n\t\t\t\t\t\t\t\t\t<\/li>\n\t\t\t\t\t\t\t\t<li class=\"elementor-icon-list-item\">\n\t\t\t\t\t\t\t\t\t\t\t<a href=\"https:\/\/gelenkzentrum.at\/de\/leistungen\/fuss\/tarsaltunnel-syndrom\/\">\n\n\t\t\t\t\t\t\t\t\t\t\t\t<span class=\"elementor-icon-list-icon\">\n\t\t\t\t\t\t\t<i aria-hidden=\"true\" class=\"fas fa-chevron-right\"><\/i>\t\t\t\t\t\t<\/span>\n\t\t\t\t\t\t\t\t\t\t<span class=\"elementor-icon-list-text\">Tarsaltunnel-Syndrom<\/span>\n\t\t\t\t\t\t\t\t\t\t\t<\/a>\n\t\t\t\t\t\t\t\t\t<\/li>\n\t\t\t\t\t\t\t\t<li class=\"elementor-icon-list-item\">\n\t\t\t\t\t\t\t\t\t\t\t<a href=\"https:\/\/gelenkzentrum.at\/de\/leistungen\/fuss\/spreizfuss\/\">\n\n\t\t\t\t\t\t\t\t\t\t\t\t<span class=\"elementor-icon-list-icon\">\n\t\t\t\t\t\t\t<i aria-hidden=\"true\" class=\"fas fa-chevron-right\"><\/i>\t\t\t\t\t\t<\/span>\n\t\t\t\t\t\t\t\t\t\t<span class=\"elementor-icon-list-text\">Spreizfu\u00df<\/span>\n\t\t\t\t\t\t\t\t\t\t\t<\/a>\n\t\t\t\t\t\t\t\t\t<\/li>\n\t\t\t\t\t\t\t\t<li class=\"elementor-icon-list-item\">\n\t\t\t\t\t\t\t\t\t\t\t<a href=\"https:\/\/gelenkzentrum.at\/de\/leistungen\/fuss\/morbus-koehler\/\">\n\n\t\t\t\t\t\t\t\t\t\t\t\t<span class=\"elementor-icon-list-icon\">\n\t\t\t\t\t\t\t<i aria-hidden=\"true\" class=\"fas fa-chevron-right\"><\/i>\t\t\t\t\t\t<\/span>\n\t\t\t\t\t\t\t\t\t\t<span class=\"elementor-icon-list-text\">Morbus K\u00f6hler<\/span>\n\t\t\t\t\t\t\t\t\t\t\t<\/a>\n\t\t\t\t\t\t\t\t\t<\/li>\n\t\t\t\t\t\t\t\t<li class=\"elementor-icon-list-item\">\n\t\t\t\t\t\t\t\t\t\t\t<a href=\"https:\/\/gelenkzentrum.at\/de\/leistungen\/fuss\/knick-senkfuss\/\">\n\n\t\t\t\t\t\t\t\t\t\t\t\t<span class=\"elementor-icon-list-icon\">\n\t\t\t\t\t\t\t<i aria-hidden=\"true\" class=\"fas fa-chevron-right\"><\/i>\t\t\t\t\t\t<\/span>\n\t\t\t\t\t\t\t\t\t\t<span class=\"elementor-icon-list-text\">Knick-Senkfu\u00df<\/span>\n\t\t\t\t\t\t\t\t\t\t\t<\/a>\n\t\t\t\t\t\t\t\t\t<\/li>\n\t\t\t\t\t\t\t\t<li class=\"elementor-icon-list-item\">\n\t\t\t\t\t\t\t\t\t\t\t<a href=\"https:\/\/gelenkzentrum.at\/de\/leistungen\/fuss\/hammerzehen-krallenzehen\/\">\n\n\t\t\t\t\t\t\t\t\t\t\t\t<span class=\"elementor-icon-list-icon\">\n\t\t\t\t\t\t\t<i aria-hidden=\"true\" class=\"fas fa-chevron-right\"><\/i>\t\t\t\t\t\t<\/span>\n\t\t\t\t\t\t\t\t\t\t<span class=\"elementor-icon-list-text\">Hammerzehen \/ Krallenzehen<\/span>\n\t\t\t\t\t\t\t\t\t\t\t<\/a>\n\t\t\t\t\t\t\t\t\t<\/li>\n\t\t\t\t\t\t\t\t<li class=\"elementor-icon-list-item\">\n\t\t\t\t\t\t\t\t\t\t\t<a href=\"https:\/\/gelenkzentrum.at\/de\/leistungen\/fuss\/hallux-valgus\/\">\n\n\t\t\t\t\t\t\t\t\t\t\t\t<span class=\"elementor-icon-list-icon\">\n\t\t\t\t\t\t\t<i aria-hidden=\"true\" class=\"fas fa-chevron-right\"><\/i>\t\t\t\t\t\t<\/span>\n\t\t\t\t\t\t\t\t\t\t<span class=\"elementor-icon-list-text\">Hallux valgus<\/span>\n\t\t\t\t\t\t\t\t\t\t\t<\/a>\n\t\t\t\t\t\t\t\t\t<\/li>\n\t\t\t\t\t\t\t\t<li class=\"elementor-icon-list-item\">\n\t\t\t\t\t\t\t\t\t\t\t<a href=\"https:\/\/gelenkzentrum.at\/de\/leistungen\/fuss\/hallux-rigidus\/\">\n\n\t\t\t\t\t\t\t\t\t\t\t\t<span class=\"elementor-icon-list-icon\">\n\t\t\t\t\t\t\t<i aria-hidden=\"true\" class=\"fas fa-chevron-right\"><\/i>\t\t\t\t\t\t<\/span>\n\t\t\t\t\t\t\t\t\t\t<span class=\"elementor-icon-list-text\">Hallux rigidus<\/span>\n\t\t\t\t\t\t\t\t\t\t\t<\/a>\n\t\t\t\t\t\t\t\t\t<\/li>\n\t\t\t\t\t\t\t\t<li class=\"elementor-icon-list-item\">\n\t\t\t\t\t\t\t\t\t\t\t<a href=\"https:\/\/gelenkzentrum.at\/de\/leistungen\/fuss\/haglundexostose\/\">\n\n\t\t\t\t\t\t\t\t\t\t\t\t<span class=\"elementor-icon-list-icon\">\n\t\t\t\t\t\t\t<i aria-hidden=\"true\" class=\"fas fa-chevron-right\"><\/i>\t\t\t\t\t\t<\/span>\n\t\t\t\t\t\t\t\t\t\t<span class=\"elementor-icon-list-text\">Haglundexostose<\/span>\n\t\t\t\t\t\t\t\t\t\t\t<\/a>\n\t\t\t\t\t\t\t\t\t<\/li>\n\t\t\t\t\t\t\t\t<li class=\"elementor-icon-list-item\">\n\t\t\t\t\t\t\t\t\t\t\t<a href=\"https:\/\/gelenkzentrum.at\/de\/leistungen\/fuss\/fersensporn\/\">\n\n\t\t\t\t\t\t\t\t\t\t\t\t<span class=\"elementor-icon-list-icon\">\n\t\t\t\t\t\t\t<i aria-hidden=\"true\" class=\"fas fa-chevron-right\"><\/i>\t\t\t\t\t\t<\/span>\n\t\t\t\t\t\t\t\t\t\t<span class=\"elementor-icon-list-text\">Fersensporn<\/span>\n\t\t\t\t\t\t\t\t\t\t\t<\/a>\n\t\t\t\t\t\t\t\t\t<\/li>\n\t\t\t\t\t\t\t\t<li class=\"elementor-icon-list-item\">\n\t\t\t\t\t\t\t\t\t\t\t<a href=\"https:\/\/gelenkzentrum.at\/de\/leistungen\/fuss\/achillessehnenriss\/\">\n\n\t\t\t\t\t\t\t\t\t\t\t\t<span class=\"elementor-icon-list-icon\">\n\t\t\t\t\t\t\t<i aria-hidden=\"true\" class=\"fas fa-chevron-right\"><\/i>\t\t\t\t\t\t<\/span>\n\t\t\t\t\t\t\t\t\t\t<span class=\"elementor-icon-list-text\">Achillessehnenriss<\/span>\n\t\t\t\t\t\t\t\t\t\t\t<\/a>\n\t\t\t\t\t\t\t\t\t<\/li>\n\t\t\t\t\t\t<\/ul>\n\t\t\t\t\t\t<\/div>\n\t\t\t\t<\/div>\n\t\t\t\t\t<\/div>\n\t\t<\/div>\n\t\t\t\t<div class=\"elementor-column elementor-col-66 elementor-top-column elementor-element elementor-element-5866a0ec\" data-id=\"5866a0ec\" data-element_type=\"column\" data-e-type=\"column\">\n\t\t\t<div class=\"elementor-widget-wrap elementor-element-populated\">\n\t\t\t\t\t\t<div class=\"elementor-element elementor-element-28804473 elementor-widget elementor-widget-heading\" data-id=\"28804473\" data-element_type=\"widget\" data-e-type=\"widget\" data-widget_type=\"heading.default\">\n\t\t\t\t<div class=\"elementor-widget-container\">\n\t\t\t\t\t<h1 class=\"elementor-heading-title elementor-size-default\">Arthrose im oberen Sprunggelenk<\/h1>\t\t\t\t<\/div>\n\t\t\t\t<\/div>\n\t\t\t\t<div class=\"elementor-element elementor-element-49c79812 elementor-widget elementor-widget-heading\" data-id=\"49c79812\" data-element_type=\"widget\" data-e-type=\"widget\" data-widget_type=\"heading.default\">\n\t\t\t\t<div class=\"elementor-widget-container\">\n\t\t\t\t\t<h3 class=\"elementor-heading-title elementor-size-default\">Was ist eine Arthrose im oberen Sprunggelenk?<\/h3>\t\t\t\t<\/div>\n\t\t\t\t<\/div>\n\t\t\t\t<div class=\"elementor-element elementor-element-4c08bd3b elementor-widget elementor-widget-text-editor\" data-id=\"4c08bd3b\" data-element_type=\"widget\" data-e-type=\"widget\" data-widget_type=\"text-editor.default\">\n\t\t\t\t<div class=\"elementor-widget-container\">\n\t\t\t\t\t\t\t\t\t<p>Arthrosen im oberen Sprunggelenk (OSG) entstehen meist durch Verletzungen (posttraumatisch) oder seltener ohne erkennbarem Ausl\u00f6ser (idiopathisch). Au\u00dferdem treten die Beschwerden oft nach eitrigen Infektionen oder aufgrund einer rheumatoiden Arthritis auf.<\/p>\t\t\t\t\t\t\t\t<\/div>\n\t\t\t\t<\/div>\n\t\t\t\t<div class=\"elementor-element elementor-element-b120a28 elementor-widget elementor-widget-heading\" data-id=\"b120a28\" data-element_type=\"widget\" data-e-type=\"widget\" data-widget_type=\"heading.default\">\n\t\t\t\t<div class=\"elementor-widget-container\">\n\t\t\t\t\t<h3 class=\"elementor-heading-title elementor-size-default\">Wie erfolgt die Diagnose?<\/h3>\t\t\t\t<\/div>\n\t\t\t\t<\/div>\n\t\t\t\t<div class=\"elementor-element elementor-element-7e8d52d3 elementor-widget elementor-widget-text-editor\" data-id=\"7e8d52d3\" data-element_type=\"widget\" data-e-type=\"widget\" data-widget_type=\"text-editor.default\">\n\t\t\t\t<div class=\"elementor-widget-container\">\n\t\t\t\t\t\t\t\t\t<p>Typische Symptome sind Schmerzen bei Belastung und Bewegungseinschr\u00e4nkung im oberen Sprunggelenk &#8211; h\u00e4ufig verbunden mit sichtbaren Schwellungen. Im Normalfall reichen R\u00f6ntgenbilder f\u00fcr die Diagnose. Bei genauer Fragestellung kann auch eine Magnetresonanztomographie (MRT) oder Computertomographie (CT) durchgef\u00fchrt werden.<\/p>\t\t\t\t\t\t\t\t<\/div>\n\t\t\t\t<\/div>\n\t\t\t\t<div class=\"elementor-element elementor-element-6db67d2 elementor-widget elementor-widget-heading\" data-id=\"6db67d2\" data-element_type=\"widget\" data-e-type=\"widget\" data-widget_type=\"heading.default\">\n\t\t\t\t<div class=\"elementor-widget-container\">\n\t\t\t\t\t<h3 class=\"elementor-heading-title elementor-size-default\">Was wir empfehlen:<\/h3>\t\t\t\t<\/div>\n\t\t\t\t<\/div>\n\t\t\t\t<div class=\"elementor-element elementor-element-4361aadc elementor-widget elementor-widget-text-editor\" data-id=\"4361aadc\" data-element_type=\"widget\" data-e-type=\"widget\" data-widget_type=\"text-editor.default\">\n\t\t\t\t<div class=\"elementor-widget-container\">\n\t\t\t\t\t\t\t\t\t<p>m Anfangsstadium erfolgt eine konservative Behandlung mit medikament\u00f6sen und physikalischen Ma\u00dfnahmen wie Schuhzurichtungen, Einlagen, Pufferabsatz und eventuell auch Orthesenverordnungen.<br \/>Nur wenn diese Therapien nicht zum gew\u00fcnschten Erfolg f\u00fchren, wird eine Operation empfohlen und je nach kn\u00f6chernem Ausgangszustand und Bedarf des Patienten individuell entschieden. H\u00e4ufig wird eine Versteifung (Arthrodese) des oberen Sprunggelenkes durchgef\u00fchrt. Hier wird das Gelenk mittels spezieller Kompressionsschrauben in der idealen Position versteift. Wenn auch das untere Sprunggelenk betroffen ist, wird eine Versteifung sowohl im oberen als auch unteren Sprunggelenk (Panarthrodese) durchgef\u00fchrt. Diese Versorgung ist vor allem bei Patienten mit h\u00f6herer Belastung und Anspr\u00fcchen n\u00f6tig. Bei weniger zu erwartenden Belastungen besteht die M\u00f6glichkeit einer Sprunggelenks-Endoprothese gegeben. Der Vorteil dieser Endoprothese gegen\u00fcber einer Arthrodese ist die Beweglichkeit. Allerdings bietet sie eine geringere Stabilit\u00e4t und das Risiko eine weiteren Operation nach etwa zehn Jahren durchf\u00fchren zu m\u00fcssen, ist hoch.<\/p>\t\t\t\t\t\t\t\t<\/div>\n\t\t\t\t<\/div>\n\t\t\t\t\t<\/div>\n\t\t<\/div>\n\t\t\t\t\t<\/div>\n\t\t<\/section>\n\t\t\t\t<\/div>\n\t\t","protected":false},"excerpt":{"rendered":"<p>[rev_slider alias=&#8220;hufte-1-1-1-1&#8243; slidertitle=&#8220;Fuss&#8220;][\/rev_slider] Sprunggelenksverletzungen Arthrose im oberen Sprunggelenk Syndesmosen Ruptur Aussenbandruptur oberes Sprunggelenk Sinus-Tarsi-Syndrom Tarsaltunnel-Syndrom Spreizfu\u00df Morbus K\u00f6hler Knick-Senkfu\u00df Hammerzehen \/ Krallenzehen Hallux valgus Hallux rigidus Haglundexostose Fersensporn Achillessehnenriss Arthrose im oberen Sprunggelenk Was ist eine Arthrose im oberen Sprunggelenk? Arthrosen im oberen Sprunggelenk (OSG) entstehen meist durch Verletzungen (posttraumatisch) oder seltener ohne erkennbarem Ausl\u00f6ser [&hellip;]<\/p>\n","protected":false},"author":2,"featured_media":0,"parent":24719,"menu_order":0,"comment_status":"closed","ping_status":"closed","template":"","meta":{"site-sidebar-layout":"no-sidebar","site-content-layout":"page-builder","ast-site-content-layout":"default","site-content-style":"default","site-sidebar-style":"default","ast-global-header-display":"","ast-banner-title-visibility":"","ast-main-header-display":"","ast-hfb-above-header-display":"","ast-hfb-below-header-display":"","ast-hfb-mobile-header-display":"","site-post-title":"disabled","ast-breadcrumbs-content":"","ast-featured-img":"disabled","footer-sml-layout":"","ast-disable-related-posts":"","theme-transparent-header-meta":"","adv-header-id-meta":"","stick-header-meta":"","header-above-stick-meta":"","header-main-stick-meta":"","header-below-stick-meta":"","astra-migrate-meta-layouts":"default","ast-page-background-enabled":"default","ast-page-background-meta":{"desktop":{"background-color":"","background-image":"","background-repeat":"repeat","background-position":"center center","background-size":"auto","background-attachment":"scroll","background-type":"","background-media":"","overlay-type":"","overlay-color":"","overlay-opacity":"","overlay-gradient":""},"tablet":{"background-color":"","background-image":"","background-repeat":"repeat","background-position":"center center","background-size":"auto","background-attachment":"scroll","background-type":"","background-media":"","overlay-type":"","overlay-color":"","overlay-opacity":"","overlay-gradient":""},"mobile":{"background-color":"","background-image":"","background-repeat":"repeat","background-position":"center center","background-size":"auto","background-attachment":"scroll","background-type":"","background-media":"","overlay-type":"","overlay-color":"","overlay-opacity":"","overlay-gradient":""}},"ast-content-background-meta":{"desktop":{"background-color":"var(--ast-global-color-5)","background-image":"","background-repeat":"repeat","background-position":"center center","background-size":"auto","background-attachment":"scroll","background-type":"","background-media":"","overlay-type":"","overlay-color":"","overlay-opacity":"","overlay-gradient":""},"tablet":{"background-color":"var(--ast-global-color-5)","background-image":"","background-repeat":"repeat","background-position":"center center","background-size":"auto","background-attachment":"scroll","background-type":"","background-media":"","overlay-type":"","overlay-color":"","overlay-opacity":"","overlay-gradient":""},"mobile":{"background-color":"var(--ast-global-color-5)","background-image":"","background-repeat":"repeat","background-position":"center center","background-size":"auto","background-attachment":"scroll","background-type":"","background-media":"","overlay-type":"","overlay-color":"","overlay-opacity":"","overlay-gradient":""}},"two_page_speed":{"current_score":{"desktop_score":84,"desktop_tti":"0.5\u00a0","mobile_score":96,"mobile_tti":"2.3\u00a0","date":"20.04.2026 03:57:42 pm","status":"completed"}},"footnotes":""},"class_list":["post-24821","page","type-page","status-publish","hentry"],"yoast_head":"<!-- This site is optimized with the Yoast SEO plugin v27.5 - https:\/\/yoast.com\/product\/yoast-seo-wordpress\/ -->\n<title>Arthrose im oberen Sprunggelenk | Gelenkzentrum Wien<\/title>\n<meta name=\"description\" content=\"Was ist eine Arthrose im oberen Sprunggelenk? Der Gelenkspezialist &amp; Fu\u00dfschmerzen Arzt Dr. Erdal Cetin vom Gelenkzentrum Wien beantwortet Ihre Fragen.\" \/>\n<meta name=\"robots\" content=\"index, follow, max-snippet:-1, max-image-preview:large, max-video-preview:-1\" \/>\n<link rel=\"canonical\" href=\"https:\/\/gelenkzentrum.at\/de\/leistungen\/fuss\/arthrose-im-oberen-sprunggelenk\/\" \/>\n<meta property=\"og:locale\" content=\"de_DE\" \/>\n<meta property=\"og:type\" content=\"article\" \/>\n<meta property=\"og:title\" content=\"Arthrose im oberen Sprunggelenk | Gelenkzentrum Wien\" \/>\n<meta property=\"og:description\" content=\"Was ist eine Arthrose im oberen Sprunggelenk? Der Gelenkspezialist &amp; Fu\u00dfschmerzen Arzt Dr. Erdal Cetin vom Gelenkzentrum Wien beantwortet Ihre Fragen.\" \/>\n<meta property=\"og:url\" content=\"https:\/\/gelenkzentrum.at\/de\/leistungen\/fuss\/arthrose-im-oberen-sprunggelenk\/\" \/>\n<meta property=\"og:site_name\" content=\"Gelenkzentrum Wien Simmering\" \/>\n<meta property=\"article:modified_time\" content=\"2026-04-20T13:57:12+00:00\" \/>\n<meta name=\"twitter:card\" content=\"summary_large_image\" \/>\n<meta name=\"twitter:label1\" content=\"Gesch\u00e4tzte Lesezeit\" \/>\n\t<meta name=\"twitter:data1\" content=\"2\u00a0Minuten\" \/>\n<script type=\"application\/ld+json\" class=\"yoast-schema-graph\">{\"@context\":\"https:\\\/\\\/schema.org\",\"@graph\":[{\"@type\":\"WebPage\",\"@id\":\"https:\\\/\\\/gelenkzentrum.at\\\/de\\\/leistungen\\\/fuss\\\/arthrose-im-oberen-sprunggelenk\\\/\",\"url\":\"https:\\\/\\\/gelenkzentrum.at\\\/de\\\/leistungen\\\/fuss\\\/arthrose-im-oberen-sprunggelenk\\\/\",\"name\":\"Arthrose im oberen Sprunggelenk | Gelenkzentrum Wien\",\"isPartOf\":{\"@id\":\"https:\\\/\\\/gelenkzentrum.at\\\/de\\\/#website\"},\"datePublished\":\"2022-07-06T06:55:50+00:00\",\"dateModified\":\"2026-04-20T13:57:12+00:00\",\"description\":\"Was ist eine Arthrose im oberen Sprunggelenk? Der Gelenkspezialist & Fu\u00dfschmerzen Arzt Dr. Erdal Cetin vom Gelenkzentrum Wien beantwortet Ihre Fragen.\",\"breadcrumb\":{\"@id\":\"https:\\\/\\\/gelenkzentrum.at\\\/de\\\/leistungen\\\/fuss\\\/arthrose-im-oberen-sprunggelenk\\\/#breadcrumb\"},\"inLanguage\":\"de\",\"potentialAction\":[{\"@type\":\"ReadAction\",\"target\":[\"https:\\\/\\\/gelenkzentrum.at\\\/de\\\/leistungen\\\/fuss\\\/arthrose-im-oberen-sprunggelenk\\\/\"]}]},{\"@type\":\"BreadcrumbList\",\"@id\":\"https:\\\/\\\/gelenkzentrum.at\\\/de\\\/leistungen\\\/fuss\\\/arthrose-im-oberen-sprunggelenk\\\/#breadcrumb\",\"itemListElement\":[{\"@type\":\"ListItem\",\"position\":1,\"name\":\"Startseite\",\"item\":\"https:\\\/\\\/gelenkzentrum.at\\\/de\\\/\"},{\"@type\":\"ListItem\",\"position\":2,\"name\":\"Leistungen\",\"item\":\"https:\\\/\\\/gelenkzentrum.at\\\/de\\\/leistungen\\\/\"},{\"@type\":\"ListItem\",\"position\":3,\"name\":\"Fu\u00df\",\"item\":\"https:\\\/\\\/gelenkzentrum.at\\\/de\\\/leistungen\\\/fuss\\\/\"},{\"@type\":\"ListItem\",\"position\":4,\"name\":\"Arthrose im oberen Sprunggelenk\"}]},{\"@type\":\"WebSite\",\"@id\":\"https:\\\/\\\/gelenkzentrum.at\\\/de\\\/#website\",\"url\":\"https:\\\/\\\/gelenkzentrum.at\\\/de\\\/\",\"name\":\"Gelenkzentrum Wien Simmering\",\"description\":\"Orthop\u00e4disches Zentrum Wien, alle Kassen\",\"publisher\":{\"@id\":\"https:\\\/\\\/gelenkzentrum.at\\\/de\\\/#organization\"},\"potentialAction\":[{\"@type\":\"SearchAction\",\"target\":{\"@type\":\"EntryPoint\",\"urlTemplate\":\"https:\\\/\\\/gelenkzentrum.at\\\/de\\\/?s={search_term_string}\"},\"query-input\":{\"@type\":\"PropertyValueSpecification\",\"valueRequired\":true,\"valueName\":\"search_term_string\"}}],\"inLanguage\":\"de\"},{\"@type\":\"Organization\",\"@id\":\"https:\\\/\\\/gelenkzentrum.at\\\/de\\\/#organization\",\"name\":\"Gelenkzentrum Wien Simmering\",\"url\":\"https:\\\/\\\/gelenkzentrum.at\\\/de\\\/\",\"logo\":{\"@type\":\"ImageObject\",\"inLanguage\":\"de\",\"@id\":\"https:\\\/\\\/gelenkzentrum.at\\\/de\\\/#\\\/schema\\\/logo\\\/image\\\/\",\"url\":\"https:\\\/\\\/gelenkzentrum.at\\\/de\\\/wp-content\\\/uploads\\\/2022\\\/05\\\/Logo_Gelenkzentrum-200x70-1.png\",\"contentUrl\":\"https:\\\/\\\/gelenkzentrum.at\\\/de\\\/wp-content\\\/uploads\\\/2022\\\/05\\\/Logo_Gelenkzentrum-200x70-1.png\",\"width\":200,\"height\":70,\"caption\":\"Gelenkzentrum Wien Simmering\"},\"image\":{\"@id\":\"https:\\\/\\\/gelenkzentrum.at\\\/de\\\/#\\\/schema\\\/logo\\\/image\\\/\"}}]}<\/script>\n<!-- \/ Yoast SEO plugin. -->","yoast_head_json":{"title":"Arthrose im oberen Sprunggelenk | Gelenkzentrum Wien","description":"Was ist eine Arthrose im oberen Sprunggelenk? Der Gelenkspezialist & Fu\u00dfschmerzen Arzt Dr. Erdal Cetin vom Gelenkzentrum Wien beantwortet Ihre Fragen.","robots":{"index":"index","follow":"follow","max-snippet":"max-snippet:-1","max-image-preview":"max-image-preview:large","max-video-preview":"max-video-preview:-1"},"canonical":"https:\/\/gelenkzentrum.at\/de\/leistungen\/fuss\/arthrose-im-oberen-sprunggelenk\/","og_locale":"de_DE","og_type":"article","og_title":"Arthrose im oberen Sprunggelenk | Gelenkzentrum Wien","og_description":"Was ist eine Arthrose im oberen Sprunggelenk? Der Gelenkspezialist & Fu\u00dfschmerzen Arzt Dr. Erdal Cetin vom Gelenkzentrum Wien beantwortet Ihre Fragen.","og_url":"https:\/\/gelenkzentrum.at\/de\/leistungen\/fuss\/arthrose-im-oberen-sprunggelenk\/","og_site_name":"Gelenkzentrum Wien Simmering","article_modified_time":"2026-04-20T13:57:12+00:00","twitter_card":"summary_large_image","twitter_misc":{"Gesch\u00e4tzte Lesezeit":"2\u00a0Minuten"},"schema":{"@context":"https:\/\/schema.org","@graph":[{"@type":"WebPage","@id":"https:\/\/gelenkzentrum.at\/de\/leistungen\/fuss\/arthrose-im-oberen-sprunggelenk\/","url":"https:\/\/gelenkzentrum.at\/de\/leistungen\/fuss\/arthrose-im-oberen-sprunggelenk\/","name":"Arthrose im oberen Sprunggelenk | Gelenkzentrum Wien","isPartOf":{"@id":"https:\/\/gelenkzentrum.at\/de\/#website"},"datePublished":"2022-07-06T06:55:50+00:00","dateModified":"2026-04-20T13:57:12+00:00","description":"Was ist eine Arthrose im oberen Sprunggelenk? Der Gelenkspezialist & Fu\u00dfschmerzen Arzt Dr. Erdal Cetin vom Gelenkzentrum Wien beantwortet Ihre Fragen.","breadcrumb":{"@id":"https:\/\/gelenkzentrum.at\/de\/leistungen\/fuss\/arthrose-im-oberen-sprunggelenk\/#breadcrumb"},"inLanguage":"de","potentialAction":[{"@type":"ReadAction","target":["https:\/\/gelenkzentrum.at\/de\/leistungen\/fuss\/arthrose-im-oberen-sprunggelenk\/"]}]},{"@type":"BreadcrumbList","@id":"https:\/\/gelenkzentrum.at\/de\/leistungen\/fuss\/arthrose-im-oberen-sprunggelenk\/#breadcrumb","itemListElement":[{"@type":"ListItem","position":1,"name":"Startseite","item":"https:\/\/gelenkzentrum.at\/de\/"},{"@type":"ListItem","position":2,"name":"Leistungen","item":"https:\/\/gelenkzentrum.at\/de\/leistungen\/"},{"@type":"ListItem","position":3,"name":"Fu\u00df","item":"https:\/\/gelenkzentrum.at\/de\/leistungen\/fuss\/"},{"@type":"ListItem","position":4,"name":"Arthrose im oberen Sprunggelenk"}]},{"@type":"WebSite","@id":"https:\/\/gelenkzentrum.at\/de\/#website","url":"https:\/\/gelenkzentrum.at\/de\/","name":"Gelenkzentrum Wien Simmering","description":"Orthop\u00e4disches Zentrum Wien, alle Kassen","publisher":{"@id":"https:\/\/gelenkzentrum.at\/de\/#organization"},"potentialAction":[{"@type":"SearchAction","target":{"@type":"EntryPoint","urlTemplate":"https:\/\/gelenkzentrum.at\/de\/?s={search_term_string}"},"query-input":{"@type":"PropertyValueSpecification","valueRequired":true,"valueName":"search_term_string"}}],"inLanguage":"de"},{"@type":"Organization","@id":"https:\/\/gelenkzentrum.at\/de\/#organization","name":"Gelenkzentrum Wien Simmering","url":"https:\/\/gelenkzentrum.at\/de\/","logo":{"@type":"ImageObject","inLanguage":"de","@id":"https:\/\/gelenkzentrum.at\/de\/#\/schema\/logo\/image\/","url":"https:\/\/gelenkzentrum.at\/de\/wp-content\/uploads\/2022\/05\/Logo_Gelenkzentrum-200x70-1.png","contentUrl":"https:\/\/gelenkzentrum.at\/de\/wp-content\/uploads\/2022\/05\/Logo_Gelenkzentrum-200x70-1.png","width":200,"height":70,"caption":"Gelenkzentrum Wien Simmering"},"image":{"@id":"https:\/\/gelenkzentrum.at\/de\/#\/schema\/logo\/image\/"}}]}},"_links":{"self":[{"href":"https:\/\/gelenkzentrum.at\/de\/wp-json\/wp\/v2\/pages\/24821","targetHints":{"allow":["GET"]}}],"collection":[{"href":"https:\/\/gelenkzentrum.at\/de\/wp-json\/wp\/v2\/pages"}],"about":[{"href":"https:\/\/gelenkzentrum.at\/de\/wp-json\/wp\/v2\/types\/page"}],"author":[{"embeddable":true,"href":"https:\/\/gelenkzentrum.at\/de\/wp-json\/wp\/v2\/users\/2"}],"replies":[{"embeddable":true,"href":"https:\/\/gelenkzentrum.at\/de\/wp-json\/wp\/v2\/comments?post=24821"}],"version-history":[{"count":2,"href":"https:\/\/gelenkzentrum.at\/de\/wp-json\/wp\/v2\/pages\/24821\/revisions"}],"predecessor-version":[{"id":28602,"href":"https:\/\/gelenkzentrum.at\/de\/wp-json\/wp\/v2\/pages\/24821\/revisions\/28602"}],"up":[{"embeddable":true,"href":"https:\/\/gelenkzentrum.at\/de\/wp-json\/wp\/v2\/pages\/24719"}],"wp:attachment":[{"href":"https:\/\/gelenkzentrum.at\/de\/wp-json\/wp\/v2\/media?parent=24821"}],"curies":[{"name":"wp","href":"https:\/\/api.w.org\/{rel}","templated":true}]}}