{"id":24788,"date":"2022-07-06T08:49:51","date_gmt":"2022-07-06T06:49:51","guid":{"rendered":"https:\/\/gelenkzentrum.at\/de\/?page_id=24788"},"modified":"2026-04-20T16:31:47","modified_gmt":"2026-04-20T14:31:47","slug":"musculus-piriformis-syndrom","status":"publish","type":"page","link":"https:\/\/gelenkzentrum.at\/de\/leistungen\/huefte\/musculus-piriformis-syndrom\/","title":{"rendered":"Musculus piriformis Syndrom"},"content":{"rendered":"\t\t<div data-elementor-type=\"wp-page\" data-elementor-id=\"24788\" class=\"elementor elementor-24788\">\n\t\t\t\t\t\t<section class=\"elementor-section elementor-top-section elementor-element elementor-element-7c9faa6d elementor-section-full_width elementor-section-height-min-height elementor-section-height-default elementor-section-items-middle\" data-id=\"7c9faa6d\" data-element_type=\"section\" data-e-type=\"section\" data-settings=\"{&quot;background_background&quot;:&quot;classic&quot;,&quot;shape_divider_bottom&quot;:&quot;tilt&quot;}\">\n\t\t\t\t\t<div class=\"elementor-shape elementor-shape-bottom\" aria-hidden=\"true\" data-negative=\"false\">\n\t\t\t<svg xmlns=\"http:\/\/www.w3.org\/2000\/svg\" viewBox=\"0 0 1000 100\" preserveAspectRatio=\"none\">\n\t<path class=\"elementor-shape-fill\" d=\"M0,6V0h1000v100L0,6z\"\/>\n<\/svg>\t\t<\/div>\n\t\t\t\t\t<div class=\"elementor-container elementor-column-gap-default\">\n\t\t\t\t\t<div class=\"elementor-column elementor-col-100 elementor-top-column elementor-element elementor-element-5a2d3ebf\" data-id=\"5a2d3ebf\" data-element_type=\"column\" data-e-type=\"column\">\n\t\t\t<div class=\"elementor-widget-wrap elementor-element-populated\">\n\t\t\t\t\t\t<section class=\"elementor-section elementor-inner-section elementor-element elementor-element-792ec441 elementor-section-boxed elementor-section-height-default elementor-section-height-default\" data-id=\"792ec441\" data-element_type=\"section\" data-e-type=\"section\">\n\t\t\t\t\t\t<div class=\"elementor-container elementor-column-gap-default\">\n\t\t\t\t\t<div class=\"elementor-column elementor-col-100 elementor-inner-column elementor-element elementor-element-6fa78e4e\" data-id=\"6fa78e4e\" data-element_type=\"column\" data-e-type=\"column\">\n\t\t\t<div class=\"elementor-widget-wrap elementor-element-populated\">\n\t\t\t\t\t\t<div class=\"elementor-element elementor-element-527aac0b elementor-widget elementor-widget-heading\" data-id=\"527aac0b\" data-element_type=\"widget\" data-e-type=\"widget\" data-widget_type=\"heading.default\">\n\t\t\t\t<div class=\"elementor-widget-container\">\n\t\t\t\t\t<h1 class=\"elementor-heading-title elementor-size-default\">H\u00fcfte: Piriformis-Syndrom <\/h1>\t\t\t\t<\/div>\n\t\t\t\t<\/div>\n\t\t\t\t<div class=\"elementor-element elementor-element-2739fa2a elementor-widget elementor-widget-button\" data-id=\"2739fa2a\" data-element_type=\"widget\" data-e-type=\"widget\" data-widget_type=\"button.default\">\n\t\t\t\t<div class=\"elementor-widget-container\">\n\t\t\t\t\t\t\t\t\t<div class=\"elementor-button-wrapper\">\n\t\t\t\t\t<a class=\"elementor-button elementor-button-link elementor-size-sm\" href=\"https:\/\/gelenkzentrum.at\/de\/kontakt#termin\">\n\t\t\t\t\t\t<span class=\"elementor-button-content-wrapper\">\n\t\t\t\t\t\t\t\t\t<span class=\"elementor-button-text\">Jetzt Termin vereinbaren<\/span>\n\t\t\t\t\t<\/span>\n\t\t\t\t\t<\/a>\n\t\t\t\t<\/div>\n\t\t\t\t\t\t\t\t<\/div>\n\t\t\t\t<\/div>\n\t\t\t\t\t<\/div>\n\t\t<\/div>\n\t\t\t\t\t<\/div>\n\t\t<\/section>\n\t\t\t\t\t<\/div>\n\t\t<\/div>\n\t\t\t\t\t<\/div>\n\t\t<\/section>\n\t\t\t\t<section class=\"elementor-section elementor-top-section elementor-element elementor-element-5b84e61a elementor-reverse-mobile elementor-section-boxed elementor-section-height-default elementor-section-height-default\" data-id=\"5b84e61a\" data-element_type=\"section\" data-e-type=\"section\">\n\t\t\t\t\t\t<div class=\"elementor-container elementor-column-gap-default\">\n\t\t\t\t\t<div class=\"elementor-column elementor-col-33 elementor-top-column elementor-element elementor-element-13e6744\" data-id=\"13e6744\" data-element_type=\"column\" data-e-type=\"column\">\n\t\t\t<div class=\"elementor-widget-wrap elementor-element-populated\">\n\t\t\t\t\t\t<div class=\"elementor-element elementor-element-2c7971f0 elementor-icon-list--layout-traditional elementor-list-item-link-full_width elementor-widget elementor-widget-icon-list\" data-id=\"2c7971f0\" data-element_type=\"widget\" data-e-type=\"widget\" data-widget_type=\"icon-list.default\">\n\t\t\t\t<div class=\"elementor-widget-container\">\n\t\t\t\t\t\t\t<ul class=\"elementor-icon-list-items\">\n\t\t\t\t\t\t\t<li class=\"elementor-icon-list-item\">\n\t\t\t\t\t\t\t\t\t\t\t<a href=\"https:\/\/gelenkzentrum.at\/de\/leistungen\/huefte\/koxarthrose-und-hueftgelenkersatz\/\">\n\n\t\t\t\t\t\t\t\t\t\t\t\t<span class=\"elementor-icon-list-icon\">\n\t\t\t\t\t\t\t<i aria-hidden=\"true\" class=\"fas fa-chevron-right\"><\/i>\t\t\t\t\t\t<\/span>\n\t\t\t\t\t\t\t\t\t\t<span class=\"elementor-icon-list-text\">Koxarthrose und H\u00fcftgelenkersatz<\/span>\n\t\t\t\t\t\t\t\t\t\t\t<\/a>\n\t\t\t\t\t\t\t\t\t<\/li>\n\t\t\t\t\t\t\t\t<li class=\"elementor-icon-list-item\">\n\t\t\t\t\t\t\t\t\t\t\t<a href=\"https:\/\/gelenkzentrum.at\/de\/leistungen\/huefte\/meralgia-paraesthetica\/\">\n\n\t\t\t\t\t\t\t\t\t\t\t\t<span class=\"elementor-icon-list-icon\">\n\t\t\t\t\t\t\t<i aria-hidden=\"true\" class=\"fas fa-chevron-right\"><\/i>\t\t\t\t\t\t<\/span>\n\t\t\t\t\t\t\t\t\t\t<span class=\"elementor-icon-list-text\">Meralgia paraesthetica<\/span>\n\t\t\t\t\t\t\t\t\t\t\t<\/a>\n\t\t\t\t\t\t\t\t\t<\/li>\n\t\t\t\t\t\t\t\t<li class=\"elementor-icon-list-item\">\n\t\t\t\t\t\t\t\t\t\t\t<a href=\"https:\/\/gelenkzentrum.at\/de\/leistungen\/huefte\/musculus-piriformis-syndrom\/\">\n\n\t\t\t\t\t\t\t\t\t\t\t\t<span class=\"elementor-icon-list-icon\">\n\t\t\t\t\t\t\t<i aria-hidden=\"true\" class=\"fas fa-chevron-right\"><\/i>\t\t\t\t\t\t<\/span>\n\t\t\t\t\t\t\t\t\t\t<span class=\"elementor-icon-list-text\">Musculus piriformis Syndrom<\/span>\n\t\t\t\t\t\t\t\t\t\t\t<\/a>\n\t\t\t\t\t\t\t\t\t<\/li>\n\t\t\t\t\t\t\t\t<li class=\"elementor-icon-list-item\">\n\t\t\t\t\t\t\t\t\t\t\t<a href=\"https:\/\/gelenkzentrum.at\/de\/leistungen\/huefte\/impingement-hueftarthroskopie\/\">\n\n\t\t\t\t\t\t\t\t\t\t\t\t<span class=\"elementor-icon-list-icon\">\n\t\t\t\t\t\t\t<i aria-hidden=\"true\" class=\"fas fa-chevron-right\"><\/i>\t\t\t\t\t\t<\/span>\n\t\t\t\t\t\t\t\t\t\t<span class=\"elementor-icon-list-text\">Impingement H\u00fcftarthroskopie<\/span>\n\t\t\t\t\t\t\t\t\t\t\t<\/a>\n\t\t\t\t\t\t\t\t\t<\/li>\n\t\t\t\t\t\t<\/ul>\n\t\t\t\t\t\t<\/div>\n\t\t\t\t<\/div>\n\t\t\t\t\t<\/div>\n\t\t<\/div>\n\t\t\t\t<div class=\"elementor-column elementor-col-66 elementor-top-column elementor-element elementor-element-790c7de8\" data-id=\"790c7de8\" data-element_type=\"column\" data-e-type=\"column\">\n\t\t\t<div class=\"elementor-widget-wrap elementor-element-populated\">\n\t\t\t\t\t\t<div class=\"elementor-element elementor-element-f819fd3 elementor-widget elementor-widget-heading\" data-id=\"f819fd3\" data-element_type=\"widget\" data-e-type=\"widget\" data-widget_type=\"heading.default\">\n\t\t\t\t<div class=\"elementor-widget-container\">\n\t\t\t\t\t<h2 class=\"elementor-heading-title elementor-size-default\">Piriformis-Syndrom: <br>Ursachen, Symptome und Behandlung<\/h2>\t\t\t\t<\/div>\n\t\t\t\t<\/div>\n\t\t\t\t<div class=\"elementor-element elementor-element-515efbd6 elementor-widget elementor-widget-text-editor\" data-id=\"515efbd6\" data-element_type=\"widget\" data-e-type=\"widget\" data-widget_type=\"text-editor.default\">\n\t\t\t\t<div class=\"elementor-widget-container\">\n\t\t\t\t\t\t\t\t\t<p><strong>Was ist ein Musculus-Piriformus-Syndrom<\/strong><\/p><p>Das Piriformis-Syndrom ist eine h\u00e4ufige Ursache f\u00fcr Schmerzen im Ges\u00e4\u00df- und H\u00fcftbereich. Es entsteht, wenn der Musculus piriformis, ein kleiner, aber wichtiger Muskel der Ges\u00e4\u00dfmuskulatur, den Ischiasnerv reizt oder komprimiert. Dies kann zu Schmerzen, Missempfindungen und Bewegungseinschr\u00e4nkungen im Bein, in der H\u00fcfte oder sogar bis zum Fu\u00df f\u00fchren.<\/p><p><strong>Piriformis-Syndrom: Symptome und Ursachen<\/strong><\/p><p>Typische Piriformis-Syndrom Symptome sind Schmerzen im Ges\u00e4\u00df, die bis ins Bein, Knie, sogar dem Fu\u00df ausstrahlen k\u00f6nnen. H\u00e4ufig verst\u00e4rken sich die Beschwerden durch langes Sitzen oder intensive sportliche Belastung. Das Syndrom kann durch Muskelverspannungen, Fehlhaltungen oder \u00dcberlastung entstehen, die den Musculus piriformis verh\u00e4rten lassen und so den Ischiasnerv einklemmen.<\/p><p>Nicht selten wird das Piriformis-Syndrom mit anderen Beschwerden im Bereich der H\u00fcfte oder des unteren R\u00fcckens verwechselt. Daher ist eine genaue Diagnose durch einen erfahrenen Arzt essenziell, um die passende Therapie einzuleiten.<\/p><p><strong>Musculus piriformis dehnen: Effektive \u00dcbungen zur Linderung<\/strong><\/p><p>Gezielte Dehn\u00fcbungen und Kr\u00e4ftigungs\u00fcbungen helfen, die Beschwerden zu lindern und die Beweglichkeit der H\u00fcfte zu verbessern. Besonders wichtig ist es, den Musculus piriformis zu dehnen, um Verspannungen zu l\u00f6sen und den Druck auf den Ischiasnerv zu reduzieren. Regelm\u00e4\u00dfige gezielte Piriformis \u00dcbungen st\u00e4rken zudem die umliegende Muskulatur und unterst\u00fctzen die nat\u00fcrliche Bewegungsfreiheit von Fu\u00df und Knie.<\/p><p><strong>Behandlung des Piriformis-Syndroms im Gelenkzentrum<\/strong><\/p><p>Im Gelenkzentrum bieten wir eine umfassende Diagnostik und individuell abgestimmte Therapiem\u00f6glichkeiten an. Je nach Schweregrad des Syndroms k\u00f6nnen physiotherapeutische Ma\u00dfnahmen, manuelle Therapie oder Infiltrationstechniken eingesetzt werden, um die Schmerzen zu lindern.<\/p><p>Neben physiotherapeutischen Ans\u00e4tzen kann auch eine gezielte Anpassung der Alltagsgewohnheiten sinnvoll sein. Menschen, die viel sitzen, sollten regelm\u00e4\u00dfige Pausen einlegen und durch gezielte Dehn\u00fcbungen die Belastung f\u00fcr die Muskeln im Ges\u00e4\u00df und der H\u00fcfte reduzieren. Auch orthop\u00e4dische Hilfsmittel oder eine Anpassung der Sitzhaltung k\u00f6nnen helfen, das Syndrom langfristig zu vermeiden.<\/p><p><strong>Vorteile einer gezielten Behandlung<\/strong><\/p><ul><li>Schnelle Schmerzlinderung durch gezielte Therapie<\/li><li>Verbesserung der Beweglichkeit durch Dehn\u00fcbungen und Kr\u00e4ftigungs\u00fcbungen<\/li><li>Individuelle Behandlungskonzepte f\u00fcr langfristige Beschwerdefreiheit<\/li><\/ul><p>Erfahren Sie mehr \u00fcber die vielseitigen Behandlungsm\u00f6glichkeiten in der Praxis von <a href=\"https:\/\/dr-cetin.at\/\"><strong>Dr. Cetin<\/strong><\/a>, Ihr Arzt der sie zusammen mit einem kompetenten Team mit langj\u00e4hriger Erfahrung umfassend betreut.<\/p><p><strong>Was wir empfehlen<\/strong><\/p><p>Die effektivste Therapie ist die Injektion von Schmerzmitteln (Lokalan\u00e4sthetikern) mit einer geringen Dosis Kortison. Zus\u00e4tzlich helfen Krankengymnastik, vorallem die Dehnung des Musculus piriformis und isometrische \u00dcbungen.<\/p>\t\t\t\t\t\t\t\t<\/div>\n\t\t\t\t<\/div>\n\t\t\t\t\t<\/div>\n\t\t<\/div>\n\t\t\t\t\t<\/div>\n\t\t<\/section>\n\t\t\t\t<\/div>\n\t\t","protected":false},"excerpt":{"rendered":"<p>H\u00fcfte: Piriformis-Syndrom Jetzt Termin vereinbaren Koxarthrose und H\u00fcftgelenkersatz Meralgia paraesthetica Musculus piriformis Syndrom Impingement H\u00fcftarthroskopie Piriformis-Syndrom: Ursachen, Symptome und Behandlung Was ist ein Musculus-Piriformus-Syndrom Das Piriformis-Syndrom ist eine h\u00e4ufige Ursache f\u00fcr Schmerzen im Ges\u00e4\u00df- und H\u00fcftbereich. Es entsteht, wenn der Musculus piriformis, ein kleiner, aber wichtiger Muskel der Ges\u00e4\u00dfmuskulatur, den Ischiasnerv reizt oder komprimiert. Dies [&hellip;]<\/p>\n","protected":false},"author":2,"featured_media":0,"parent":24715,"menu_order":0,"comment_status":"closed","ping_status":"closed","template":"","meta":{"site-sidebar-layout":"no-sidebar","site-content-layout":"page-builder","ast-site-content-layout":"full-width-container","site-content-style":"unboxed","site-sidebar-style":"unboxed","ast-global-header-display":"","ast-banner-title-visibility":"","ast-main-header-display":"","ast-hfb-above-header-display":"","ast-hfb-below-header-display":"","ast-hfb-mobile-header-display":"","site-post-title":"disabled","ast-breadcrumbs-content":"","ast-featured-img":"disabled","footer-sml-layout":"","ast-disable-related-posts":"","theme-transparent-header-meta":"","adv-header-id-meta":"","stick-header-meta":"","header-above-stick-meta":"","header-main-stick-meta":"","header-below-stick-meta":"","astra-migrate-meta-layouts":"set","ast-page-background-enabled":"default","ast-page-background-meta":{"desktop":{"background-color":"","background-image":"","background-repeat":"repeat","background-position":"center center","background-size":"auto","background-attachment":"scroll","background-type":"","background-media":"","overlay-type":"","overlay-color":"","overlay-opacity":"","overlay-gradient":""},"tablet":{"background-color":"","background-image":"","background-repeat":"repeat","background-position":"center center","background-size":"auto","background-attachment":"scroll","background-type":"","background-media":"","overlay-type":"","overlay-color":"","overlay-opacity":"","overlay-gradient":""},"mobile":{"background-color":"","background-image":"","background-repeat":"repeat","background-position":"center center","background-size":"auto","background-attachment":"scroll","background-type":"","background-media":"","overlay-type":"","overlay-color":"","overlay-opacity":"","overlay-gradient":""}},"ast-content-background-meta":{"desktop":{"background-color":"var(--ast-global-color-5)","background-image":"","background-repeat":"repeat","background-position":"center center","background-size":"auto","background-attachment":"scroll","background-type":"","background-media":"","overlay-type":"","overlay-color":"","overlay-opacity":"","overlay-gradient":""},"tablet":{"background-color":"var(--ast-global-color-5)","background-image":"","background-repeat":"repeat","background-position":"center center","background-size":"auto","background-attachment":"scroll","background-type":"","background-media":"","overlay-type":"","overlay-color":"","overlay-opacity":"","overlay-gradient":""},"mobile":{"background-color":"var(--ast-global-color-5)","background-image":"","background-repeat":"repeat","background-position":"center center","background-size":"auto","background-attachment":"scroll","background-type":"","background-media":"","overlay-type":"","overlay-color":"","overlay-opacity":"","overlay-gradient":""}},"two_page_speed":{"current_score":{"desktop_score":74,"desktop_tti":"0.7\u00a0","mobile_score":72,"mobile_tti":"2.7\u00a0","date":"20.04.2026 04:32:20 pm","status":"completed"}},"footnotes":""},"class_list":["post-24788","page","type-page","status-publish","hentry"],"yoast_head":"<!-- This site is optimized with the Yoast SEO plugin v27.5 - https:\/\/yoast.com\/product\/yoast-seo-wordpress\/ -->\n<title>Piriformis Syndrom behandeln \u2013 Infos &amp; Therapie | Dr. Cetin<\/title>\n<meta name=\"description\" content=\"Piriformis Syndrom kann starke Schmerzen verursachen. Mehr \u00fcber Diagnose, Therapie und gezielte \u00dcbungen zur Linderung vom Gelenkzentrum.\" \/>\n<meta name=\"robots\" content=\"index, follow, max-snippet:-1, max-image-preview:large, max-video-preview:-1\" \/>\n<link rel=\"canonical\" href=\"https:\/\/gelenkzentrum.at\/de\/leistungen\/huefte\/musculus-piriformis-syndrom\/\" \/>\n<meta property=\"og:locale\" content=\"de_DE\" \/>\n<meta property=\"og:type\" content=\"article\" \/>\n<meta property=\"og:title\" content=\"Piriformis Syndrom behandeln \u2013 Infos &amp; Therapie | Dr. Cetin\" \/>\n<meta property=\"og:description\" content=\"Piriformis Syndrom kann starke Schmerzen verursachen. Mehr \u00fcber Diagnose, Therapie und gezielte \u00dcbungen zur Linderung vom Gelenkzentrum.\" \/>\n<meta property=\"og:url\" content=\"https:\/\/gelenkzentrum.at\/de\/leistungen\/huefte\/musculus-piriformis-syndrom\/\" \/>\n<meta property=\"og:site_name\" content=\"Gelenkzentrum Wien Simmering\" \/>\n<meta property=\"article:modified_time\" content=\"2026-04-20T14:31:47+00:00\" \/>\n<meta name=\"twitter:card\" content=\"summary_large_image\" \/>\n<meta name=\"twitter:label1\" content=\"Gesch\u00e4tzte Lesezeit\" \/>\n\t<meta name=\"twitter:data1\" content=\"3\u00a0Minuten\" \/>\n<script type=\"application\/ld+json\" class=\"yoast-schema-graph\">{\"@context\":\"https:\\\/\\\/schema.org\",\"@graph\":[{\"@type\":\"WebPage\",\"@id\":\"https:\\\/\\\/gelenkzentrum.at\\\/de\\\/leistungen\\\/huefte\\\/musculus-piriformis-syndrom\\\/\",\"url\":\"https:\\\/\\\/gelenkzentrum.at\\\/de\\\/leistungen\\\/huefte\\\/musculus-piriformis-syndrom\\\/\",\"name\":\"Piriformis Syndrom behandeln \u2013 Infos & Therapie | Dr. Cetin\",\"isPartOf\":{\"@id\":\"https:\\\/\\\/gelenkzentrum.at\\\/de\\\/#website\"},\"datePublished\":\"2022-07-06T06:49:51+00:00\",\"dateModified\":\"2026-04-20T14:31:47+00:00\",\"description\":\"Piriformis Syndrom kann starke Schmerzen verursachen. Mehr \u00fcber Diagnose, Therapie und gezielte \u00dcbungen zur Linderung vom Gelenkzentrum.\",\"breadcrumb\":{\"@id\":\"https:\\\/\\\/gelenkzentrum.at\\\/de\\\/leistungen\\\/huefte\\\/musculus-piriformis-syndrom\\\/#breadcrumb\"},\"inLanguage\":\"de\",\"potentialAction\":[{\"@type\":\"ReadAction\",\"target\":[\"https:\\\/\\\/gelenkzentrum.at\\\/de\\\/leistungen\\\/huefte\\\/musculus-piriformis-syndrom\\\/\"]}]},{\"@type\":\"BreadcrumbList\",\"@id\":\"https:\\\/\\\/gelenkzentrum.at\\\/de\\\/leistungen\\\/huefte\\\/musculus-piriformis-syndrom\\\/#breadcrumb\",\"itemListElement\":[{\"@type\":\"ListItem\",\"position\":1,\"name\":\"Startseite\",\"item\":\"https:\\\/\\\/gelenkzentrum.at\\\/de\\\/\"},{\"@type\":\"ListItem\",\"position\":2,\"name\":\"Leistungen\",\"item\":\"https:\\\/\\\/gelenkzentrum.at\\\/de\\\/leistungen\\\/\"},{\"@type\":\"ListItem\",\"position\":3,\"name\":\"H\u00fcfte\",\"item\":\"https:\\\/\\\/gelenkzentrum.at\\\/de\\\/leistungen\\\/huefte\\\/\"},{\"@type\":\"ListItem\",\"position\":4,\"name\":\"Musculus piriformis Syndrom\"}]},{\"@type\":\"WebSite\",\"@id\":\"https:\\\/\\\/gelenkzentrum.at\\\/de\\\/#website\",\"url\":\"https:\\\/\\\/gelenkzentrum.at\\\/de\\\/\",\"name\":\"Gelenkzentrum Wien Simmering\",\"description\":\"Orthop\u00e4disches Zentrum Wien, alle Kassen\",\"publisher\":{\"@id\":\"https:\\\/\\\/gelenkzentrum.at\\\/de\\\/#organization\"},\"potentialAction\":[{\"@type\":\"SearchAction\",\"target\":{\"@type\":\"EntryPoint\",\"urlTemplate\":\"https:\\\/\\\/gelenkzentrum.at\\\/de\\\/?s={search_term_string}\"},\"query-input\":{\"@type\":\"PropertyValueSpecification\",\"valueRequired\":true,\"valueName\":\"search_term_string\"}}],\"inLanguage\":\"de\"},{\"@type\":\"Organization\",\"@id\":\"https:\\\/\\\/gelenkzentrum.at\\\/de\\\/#organization\",\"name\":\"Gelenkzentrum Wien Simmering\",\"url\":\"https:\\\/\\\/gelenkzentrum.at\\\/de\\\/\",\"logo\":{\"@type\":\"ImageObject\",\"inLanguage\":\"de\",\"@id\":\"https:\\\/\\\/gelenkzentrum.at\\\/de\\\/#\\\/schema\\\/logo\\\/image\\\/\",\"url\":\"https:\\\/\\\/gelenkzentrum.at\\\/de\\\/wp-content\\\/uploads\\\/2022\\\/05\\\/Logo_Gelenkzentrum-200x70-1.png\",\"contentUrl\":\"https:\\\/\\\/gelenkzentrum.at\\\/de\\\/wp-content\\\/uploads\\\/2022\\\/05\\\/Logo_Gelenkzentrum-200x70-1.png\",\"width\":200,\"height\":70,\"caption\":\"Gelenkzentrum Wien Simmering\"},\"image\":{\"@id\":\"https:\\\/\\\/gelenkzentrum.at\\\/de\\\/#\\\/schema\\\/logo\\\/image\\\/\"}}]}<\/script>\n<!-- \/ Yoast SEO plugin. -->","yoast_head_json":{"title":"Piriformis Syndrom behandeln \u2013 Infos & Therapie | Dr. Cetin","description":"Piriformis Syndrom kann starke Schmerzen verursachen. Mehr \u00fcber Diagnose, Therapie und gezielte \u00dcbungen zur Linderung vom Gelenkzentrum.","robots":{"index":"index","follow":"follow","max-snippet":"max-snippet:-1","max-image-preview":"max-image-preview:large","max-video-preview":"max-video-preview:-1"},"canonical":"https:\/\/gelenkzentrum.at\/de\/leistungen\/huefte\/musculus-piriformis-syndrom\/","og_locale":"de_DE","og_type":"article","og_title":"Piriformis Syndrom behandeln \u2013 Infos & Therapie | Dr. Cetin","og_description":"Piriformis Syndrom kann starke Schmerzen verursachen. Mehr \u00fcber Diagnose, Therapie und gezielte \u00dcbungen zur Linderung vom Gelenkzentrum.","og_url":"https:\/\/gelenkzentrum.at\/de\/leistungen\/huefte\/musculus-piriformis-syndrom\/","og_site_name":"Gelenkzentrum Wien Simmering","article_modified_time":"2026-04-20T14:31:47+00:00","twitter_card":"summary_large_image","twitter_misc":{"Gesch\u00e4tzte Lesezeit":"3\u00a0Minuten"},"schema":{"@context":"https:\/\/schema.org","@graph":[{"@type":"WebPage","@id":"https:\/\/gelenkzentrum.at\/de\/leistungen\/huefte\/musculus-piriformis-syndrom\/","url":"https:\/\/gelenkzentrum.at\/de\/leistungen\/huefte\/musculus-piriformis-syndrom\/","name":"Piriformis Syndrom behandeln \u2013 Infos & Therapie | Dr. Cetin","isPartOf":{"@id":"https:\/\/gelenkzentrum.at\/de\/#website"},"datePublished":"2022-07-06T06:49:51+00:00","dateModified":"2026-04-20T14:31:47+00:00","description":"Piriformis Syndrom kann starke Schmerzen verursachen. Mehr \u00fcber Diagnose, Therapie und gezielte \u00dcbungen zur Linderung vom Gelenkzentrum.","breadcrumb":{"@id":"https:\/\/gelenkzentrum.at\/de\/leistungen\/huefte\/musculus-piriformis-syndrom\/#breadcrumb"},"inLanguage":"de","potentialAction":[{"@type":"ReadAction","target":["https:\/\/gelenkzentrum.at\/de\/leistungen\/huefte\/musculus-piriformis-syndrom\/"]}]},{"@type":"BreadcrumbList","@id":"https:\/\/gelenkzentrum.at\/de\/leistungen\/huefte\/musculus-piriformis-syndrom\/#breadcrumb","itemListElement":[{"@type":"ListItem","position":1,"name":"Startseite","item":"https:\/\/gelenkzentrum.at\/de\/"},{"@type":"ListItem","position":2,"name":"Leistungen","item":"https:\/\/gelenkzentrum.at\/de\/leistungen\/"},{"@type":"ListItem","position":3,"name":"H\u00fcfte","item":"https:\/\/gelenkzentrum.at\/de\/leistungen\/huefte\/"},{"@type":"ListItem","position":4,"name":"Musculus piriformis Syndrom"}]},{"@type":"WebSite","@id":"https:\/\/gelenkzentrum.at\/de\/#website","url":"https:\/\/gelenkzentrum.at\/de\/","name":"Gelenkzentrum Wien Simmering","description":"Orthop\u00e4disches Zentrum Wien, alle Kassen","publisher":{"@id":"https:\/\/gelenkzentrum.at\/de\/#organization"},"potentialAction":[{"@type":"SearchAction","target":{"@type":"EntryPoint","urlTemplate":"https:\/\/gelenkzentrum.at\/de\/?s={search_term_string}"},"query-input":{"@type":"PropertyValueSpecification","valueRequired":true,"valueName":"search_term_string"}}],"inLanguage":"de"},{"@type":"Organization","@id":"https:\/\/gelenkzentrum.at\/de\/#organization","name":"Gelenkzentrum Wien Simmering","url":"https:\/\/gelenkzentrum.at\/de\/","logo":{"@type":"ImageObject","inLanguage":"de","@id":"https:\/\/gelenkzentrum.at\/de\/#\/schema\/logo\/image\/","url":"https:\/\/gelenkzentrum.at\/de\/wp-content\/uploads\/2022\/05\/Logo_Gelenkzentrum-200x70-1.png","contentUrl":"https:\/\/gelenkzentrum.at\/de\/wp-content\/uploads\/2022\/05\/Logo_Gelenkzentrum-200x70-1.png","width":200,"height":70,"caption":"Gelenkzentrum Wien Simmering"},"image":{"@id":"https:\/\/gelenkzentrum.at\/de\/#\/schema\/logo\/image\/"}}]}},"_links":{"self":[{"href":"https:\/\/gelenkzentrum.at\/de\/wp-json\/wp\/v2\/pages\/24788","targetHints":{"allow":["GET"]}}],"collection":[{"href":"https:\/\/gelenkzentrum.at\/de\/wp-json\/wp\/v2\/pages"}],"about":[{"href":"https:\/\/gelenkzentrum.at\/de\/wp-json\/wp\/v2\/types\/page"}],"author":[{"embeddable":true,"href":"https:\/\/gelenkzentrum.at\/de\/wp-json\/wp\/v2\/users\/2"}],"replies":[{"embeddable":true,"href":"https:\/\/gelenkzentrum.at\/de\/wp-json\/wp\/v2\/comments?post=24788"}],"version-history":[{"count":13,"href":"https:\/\/gelenkzentrum.at\/de\/wp-json\/wp\/v2\/pages\/24788\/revisions"}],"predecessor-version":[{"id":28582,"href":"https:\/\/gelenkzentrum.at\/de\/wp-json\/wp\/v2\/pages\/24788\/revisions\/28582"}],"up":[{"embeddable":true,"href":"https:\/\/gelenkzentrum.at\/de\/wp-json\/wp\/v2\/pages\/24715"}],"wp:attachment":[{"href":"https:\/\/gelenkzentrum.at\/de\/wp-json\/wp\/v2\/media?parent=24788"}],"curies":[{"name":"wp","href":"https:\/\/api.w.org\/{rel}","templated":true}]}}