{"id":24786,"date":"2022-07-06T08:49:27","date_gmt":"2022-07-06T06:49:27","guid":{"rendered":"https:\/\/gelenkzentrum.at\/de\/?page_id=24786"},"modified":"2026-04-20T12:12:54","modified_gmt":"2026-04-20T10:12:54","slug":"meralgia-paraesthetica","status":"publish","type":"page","link":"https:\/\/gelenkzentrum.at\/de\/leistungen\/huefte\/meralgia-paraesthetica\/","title":{"rendered":"Meralgia paraesthetica"},"content":{"rendered":"\t\t<div data-elementor-type=\"wp-page\" data-elementor-id=\"24786\" class=\"elementor elementor-24786\">\n\t\t\t\t\t\t<section class=\"elementor-section elementor-top-section elementor-element elementor-element-746927da elementor-section-full_width elementor-section-height-min-height elementor-section-height-default elementor-section-items-middle\" data-id=\"746927da\" data-element_type=\"section\" data-e-type=\"section\" data-settings=\"{&quot;background_background&quot;:&quot;classic&quot;,&quot;shape_divider_bottom&quot;:&quot;tilt&quot;}\">\n\t\t\t\t\t<div class=\"elementor-shape elementor-shape-bottom\" aria-hidden=\"true\" data-negative=\"false\">\n\t\t\t<svg xmlns=\"http:\/\/www.w3.org\/2000\/svg\" viewBox=\"0 0 1000 100\" preserveAspectRatio=\"none\">\n\t<path class=\"elementor-shape-fill\" d=\"M0,6V0h1000v100L0,6z\"\/>\n<\/svg>\t\t<\/div>\n\t\t\t\t\t<div class=\"elementor-container elementor-column-gap-default\">\n\t\t\t\t\t<div class=\"elementor-column elementor-col-100 elementor-top-column elementor-element elementor-element-578aeb91\" data-id=\"578aeb91\" data-element_type=\"column\" data-e-type=\"column\">\n\t\t\t<div class=\"elementor-widget-wrap elementor-element-populated\">\n\t\t\t\t\t\t<section class=\"elementor-section elementor-inner-section elementor-element elementor-element-7a78d14a elementor-section-boxed elementor-section-height-default elementor-section-height-default\" data-id=\"7a78d14a\" data-element_type=\"section\" data-e-type=\"section\">\n\t\t\t\t\t\t<div class=\"elementor-container elementor-column-gap-default\">\n\t\t\t\t\t<div class=\"elementor-column elementor-col-100 elementor-inner-column elementor-element elementor-element-4b6cbb40\" data-id=\"4b6cbb40\" data-element_type=\"column\" data-e-type=\"column\">\n\t\t\t<div class=\"elementor-widget-wrap elementor-element-populated\">\n\t\t\t\t\t\t<div class=\"elementor-element elementor-element-4d3f0dfd elementor-widget elementor-widget-heading\" data-id=\"4d3f0dfd\" data-element_type=\"widget\" data-e-type=\"widget\" data-widget_type=\"heading.default\">\n\t\t\t\t<div class=\"elementor-widget-container\">\n\t\t\t\t\t<h1 class=\"elementor-heading-title elementor-size-default\">H\u00fcfte - Oberschenkelschmerzen<\/h1>\t\t\t\t<\/div>\n\t\t\t\t<\/div>\n\t\t\t\t<div class=\"elementor-element elementor-element-1450e6f3 elementor-widget elementor-widget-button\" data-id=\"1450e6f3\" data-element_type=\"widget\" data-e-type=\"widget\" data-widget_type=\"button.default\">\n\t\t\t\t<div class=\"elementor-widget-container\">\n\t\t\t\t\t\t\t\t\t<div class=\"elementor-button-wrapper\">\n\t\t\t\t\t<a class=\"elementor-button elementor-button-link elementor-size-sm\" href=\"https:\/\/gelenkzentrum.at\/de\/kontakt#termin\">\n\t\t\t\t\t\t<span class=\"elementor-button-content-wrapper\">\n\t\t\t\t\t\t\t\t\t<span class=\"elementor-button-text\">Jetzt Termin vereinbaren<\/span>\n\t\t\t\t\t<\/span>\n\t\t\t\t\t<\/a>\n\t\t\t\t<\/div>\n\t\t\t\t\t\t\t\t<\/div>\n\t\t\t\t<\/div>\n\t\t\t\t\t<\/div>\n\t\t<\/div>\n\t\t\t\t\t<\/div>\n\t\t<\/section>\n\t\t\t\t\t<\/div>\n\t\t<\/div>\n\t\t\t\t\t<\/div>\n\t\t<\/section>\n\t\t\t\t<section class=\"elementor-section elementor-top-section elementor-element elementor-element-5ae39bf6 elementor-reverse-mobile elementor-section-boxed elementor-section-height-default elementor-section-height-default\" data-id=\"5ae39bf6\" data-element_type=\"section\" data-e-type=\"section\">\n\t\t\t\t\t\t<div class=\"elementor-container elementor-column-gap-default\">\n\t\t\t\t\t<div class=\"elementor-column elementor-col-33 elementor-top-column elementor-element elementor-element-326bc01b\" data-id=\"326bc01b\" data-element_type=\"column\" data-e-type=\"column\">\n\t\t\t<div class=\"elementor-widget-wrap elementor-element-populated\">\n\t\t\t\t\t\t<div class=\"elementor-element elementor-element-71ef561e elementor-icon-list--layout-traditional elementor-list-item-link-full_width elementor-widget elementor-widget-icon-list\" data-id=\"71ef561e\" data-element_type=\"widget\" data-e-type=\"widget\" data-widget_type=\"icon-list.default\">\n\t\t\t\t<div class=\"elementor-widget-container\">\n\t\t\t\t\t\t\t<ul class=\"elementor-icon-list-items\">\n\t\t\t\t\t\t\t<li class=\"elementor-icon-list-item\">\n\t\t\t\t\t\t\t\t\t\t\t<a href=\"https:\/\/gelenkzentrum.at\/de\/leistungen\/huefte\/koxarthrose-und-hueftgelenkersatz\/\">\n\n\t\t\t\t\t\t\t\t\t\t\t\t<span class=\"elementor-icon-list-icon\">\n\t\t\t\t\t\t\t<i aria-hidden=\"true\" class=\"fas fa-chevron-right\"><\/i>\t\t\t\t\t\t<\/span>\n\t\t\t\t\t\t\t\t\t\t<span class=\"elementor-icon-list-text\">Koxarthrose und H\u00fcftgelenkersatz<\/span>\n\t\t\t\t\t\t\t\t\t\t\t<\/a>\n\t\t\t\t\t\t\t\t\t<\/li>\n\t\t\t\t\t\t\t\t<li class=\"elementor-icon-list-item\">\n\t\t\t\t\t\t\t\t\t\t\t<a href=\"https:\/\/gelenkzentrum.at\/de\/leistungen\/huefte\/meralgia-paraesthetica\/\">\n\n\t\t\t\t\t\t\t\t\t\t\t\t<span class=\"elementor-icon-list-icon\">\n\t\t\t\t\t\t\t<i aria-hidden=\"true\" class=\"fas fa-chevron-right\"><\/i>\t\t\t\t\t\t<\/span>\n\t\t\t\t\t\t\t\t\t\t<span class=\"elementor-icon-list-text\">Meralgia paraesthetica<\/span>\n\t\t\t\t\t\t\t\t\t\t\t<\/a>\n\t\t\t\t\t\t\t\t\t<\/li>\n\t\t\t\t\t\t\t\t<li class=\"elementor-icon-list-item\">\n\t\t\t\t\t\t\t\t\t\t\t<a href=\"https:\/\/gelenkzentrum.at\/de\/leistungen\/huefte\/musculus-piriformis-syndrom\/\">\n\n\t\t\t\t\t\t\t\t\t\t\t\t<span class=\"elementor-icon-list-icon\">\n\t\t\t\t\t\t\t<i aria-hidden=\"true\" class=\"fas fa-chevron-right\"><\/i>\t\t\t\t\t\t<\/span>\n\t\t\t\t\t\t\t\t\t\t<span class=\"elementor-icon-list-text\">Musculus piriformis Syndrom<\/span>\n\t\t\t\t\t\t\t\t\t\t\t<\/a>\n\t\t\t\t\t\t\t\t\t<\/li>\n\t\t\t\t\t\t\t\t<li class=\"elementor-icon-list-item\">\n\t\t\t\t\t\t\t\t\t\t\t<a href=\"https:\/\/gelenkzentrum.at\/de\/leistungen\/huefte\/impingement-hueftarthroskopie\/\">\n\n\t\t\t\t\t\t\t\t\t\t\t\t<span class=\"elementor-icon-list-icon\">\n\t\t\t\t\t\t\t<i aria-hidden=\"true\" class=\"fas fa-chevron-right\"><\/i>\t\t\t\t\t\t<\/span>\n\t\t\t\t\t\t\t\t\t\t<span class=\"elementor-icon-list-text\">Impingement H\u00fcftarthroskopie<\/span>\n\t\t\t\t\t\t\t\t\t\t\t<\/a>\n\t\t\t\t\t\t\t\t\t<\/li>\n\t\t\t\t\t\t<\/ul>\n\t\t\t\t\t\t<\/div>\n\t\t\t\t<\/div>\n\t\t\t\t\t<\/div>\n\t\t<\/div>\n\t\t\t\t<div class=\"elementor-column elementor-col-66 elementor-top-column elementor-element elementor-element-6dc0dab\" data-id=\"6dc0dab\" data-element_type=\"column\" data-e-type=\"column\">\n\t\t\t<div class=\"elementor-widget-wrap elementor-element-populated\">\n\t\t\t\t\t\t<div class=\"elementor-element elementor-element-80d567 elementor-widget elementor-widget-heading\" data-id=\"80d567\" data-element_type=\"widget\" data-e-type=\"widget\" data-widget_type=\"heading.default\">\n\t\t\t\t<div class=\"elementor-widget-container\">\n\t\t\t\t\t<h2 class=\"elementor-heading-title elementor-size-default\">Meralgia paraesthetica <\/h2>\t\t\t\t<\/div>\n\t\t\t\t<\/div>\n\t\t\t\t<div class=\"elementor-element elementor-element-13e5c3cf elementor-widget elementor-widget-heading\" data-id=\"13e5c3cf\" data-element_type=\"widget\" data-e-type=\"widget\" data-widget_type=\"heading.default\">\n\t\t\t\t<div class=\"elementor-widget-container\">\n\t\t\t\t\t<h3 class=\"elementor-heading-title elementor-size-default\">Diagnose &amp; Therapie bei Schmerzen im Bereich Oberschenkel<\/h3>\t\t\t\t<\/div>\n\t\t\t\t<\/div>\n\t\t\t\t<div class=\"elementor-element elementor-element-153a0cc6 elementor-widget elementor-widget-text-editor\" data-id=\"153a0cc6\" data-element_type=\"widget\" data-e-type=\"widget\" data-widget_type=\"text-editor.default\">\n\t\t\t\t<div class=\"elementor-widget-container\">\n\t\t\t\t\t\t\t\t\t<p><strong>Wie entsteht Meralgia paraesthetica?<\/strong><\/p><p>Meralgia paraesthetica, auch als Bernhardt-Roth-Syndrom bekannt, entsteht durch die chronische Kompression des Nervus cutaneus femoris lateralis. Dieser sensible Nerv verl\u00e4uft an der Au\u00dfenseite der H\u00fcfte und versorgt die Haut des vorderen und seitlichen Oberschenkels. Durch \u00e4u\u00dferen Druck \u2013 etwa durch enge Jeans, \u00dcbergewicht, Schwangerschaft oder langes Stehen \u2013 wird der Nerv gereizt. Die Folge sind brennende Schmerzen, Taubheitsgef\u00fchle und Missempfindungen, die sich durch Bewegung oder Druck verst\u00e4rken k\u00f6nnen.<\/p><p><strong>Welche Symptome treten bei Meralgia paraesthetica auf?<\/strong><\/p><p>Typische Symptome des Bernhardt-Roth-Syndroms sind:<\/p><ul><li>Brennende Schmerzen an der Vorder- und Au\u00dfenseite des Oberschenkels<\/li><li>Taubheitsgef\u00fchle oder Kribbeln in diesem Bereich<\/li><li>Missempfindungen, die sich durch Ber\u00fchrung oder Druck verst\u00e4rken<\/li><li>Zunahme der Beschwerden durch langes Stehen oder Gehen<\/li><li>Linderung der Schmerzen meist im Sitzen<\/li><\/ul><p><strong>Wie wird Meralgia paraesthetica festgestellt?<\/strong><\/p><p>Die Diagnostik basiert auf den typischen Symptomen und einer gezielten klinischen Untersuchung. Der Arzt pr\u00fcft, ob Druck auf den Nervus cutaneus femoris lateralis die Beschwerden ausl\u00f6st. Viele Patienten berichten \u00fcber eine deutliche Schmerzverst\u00e4rkung in bestimmten Positionen. Zur Sicherung der Diagnose k\u00f6nnen bildgebende Verfahren wie Ultraschall oder MRT eingesetzt werden, um andere Ursachen wie Bandscheibenvorf\u00e4lle auszuschlie\u00dfen. In manchen F\u00e4llen wird eine elektrophysiologische Untersuchung durchgef\u00fchrt, um die Funktion des Nervs zu \u00fcberpr\u00fcfen.<\/p><p><strong>Ist Meralgia paraesthetica heilbar?<\/strong><\/p><p>Ja, in den meisten F\u00e4llen l\u00e4sst sich dieses Syndrom ohne Operation gut behandeln. Die Schmerzen klingen oft ab, wenn der Druck auf den Nervus cutaneus femoris lateralis reduziert wird. Konservative Ma\u00dfnahmen wie das Vermeiden enger Kleidung, Gewichtsreduktion und Physiotherapie helfen, die Schmerzen zu lindern. Falls erforderlich, k\u00f6nnen entz\u00fcndungshemmende Medikamente oder Infiltrationstherapien angewendet werden. Nur in seltenen F\u00e4llen ist eine chirurgische Dekompression des Nervs n\u00f6tig.<\/p><p><strong>Was tun bei Meralgia paraesthetica?<\/strong><\/p><p>Die Behandlung ist in den meisten F\u00e4llen konservativ und umfasst:<\/p><ul><li><strong>Vermeidung enger Kleidung<\/strong>, um den Druck auf den Nerv zu reduzieren<\/li><li><strong>Gewichtsreduktion<\/strong>, wenn \u00dcbergewicht eine Ursache ist<\/li><li><strong>Physiotherapie<\/strong> mit gezielten Dehn\u00fcbungen f\u00fcr H\u00fcfte und Oberschenkel<\/li><li><strong>Schmerzmittel<\/strong> oder Injektionen bei starken Schmerzen<\/li><\/ul><p>Sollten die Beschwerden l\u00e4nger anhalten oder sich verschlimmern, ist eine Untersuchung bei einem Spezialisten sinnvoll. Viele Patienten profitieren von einer fr\u00fchzeitigen Behandlung, um chronische Nervensch\u00e4den zu vermeiden.<\/p><p><strong>Vorteile einer fr\u00fchzeitigen Behandlung:<\/strong><\/p><ul><li><strong>Schnelle Linderung<\/strong> von Schmerzen im Oberschenkel<\/li><li><strong>Vermeidung chronischer Nervensch\u00e4den<\/strong> am Nervus cutaneus femoris lateralis<\/li><li>Individuelle <strong>Therapie ohne Operation <\/strong><\/li><\/ul>\t\t\t\t\t\t\t\t<\/div>\n\t\t\t\t<\/div>\n\t\t\t\t<div class=\"elementor-element elementor-element-6ca5a419 elementor-widget elementor-widget-heading\" data-id=\"6ca5a419\" data-element_type=\"widget\" data-e-type=\"widget\" data-widget_type=\"heading.default\">\n\t\t\t\t<div class=\"elementor-widget-container\">\n\t\t\t\t\t<h3 class=\"elementor-heading-title elementor-size-default\">H\u00fcftspezialist Wien<\/h3>\t\t\t\t<\/div>\n\t\t\t\t<\/div>\n\t\t\t\t<div class=\"elementor-element elementor-element-5f3c2d1d elementor-widget elementor-widget-text-editor\" data-id=\"5f3c2d1d\" data-element_type=\"widget\" data-e-type=\"widget\" data-widget_type=\"text-editor.default\">\n\t\t\t\t<div class=\"elementor-widget-container\">\n\t\t\t\t\t\t\t\t\t<p>Dr. Cetin und sein Team im Gelenkzentrum Wien Simmering sind Experten f\u00fcr die Diagnostik und Behandlung von Gelenksbeschwerden wie Meralgia paraesthetica. Lassen Sie sich individuell beraten und finden Sie die richtige Therapie f\u00fcr Ihre Beschwerden. Benutzen sie unser <a href=\"https:\/\/gelenkzentrum.at\/de\/kontakt\/\"><strong>Kontaktformular<\/strong><\/a>.<\/p>\t\t\t\t\t\t\t\t<\/div>\n\t\t\t\t<\/div>\n\t\t\t\t\t<\/div>\n\t\t<\/div>\n\t\t\t\t\t<\/div>\n\t\t<\/section>\n\t\t\t\t<\/div>\n\t\t","protected":false},"excerpt":{"rendered":"<p>H\u00fcfte &#8211; Oberschenkelschmerzen Jetzt Termin vereinbaren Koxarthrose und H\u00fcftgelenkersatz Meralgia paraesthetica Musculus piriformis Syndrom Impingement H\u00fcftarthroskopie Meralgia paraesthetica Diagnose &amp; Therapie bei Schmerzen im Bereich Oberschenkel Wie entsteht Meralgia paraesthetica? Meralgia paraesthetica, auch als Bernhardt-Roth-Syndrom bekannt, entsteht durch die chronische Kompression des Nervus cutaneus femoris lateralis. Dieser sensible Nerv verl\u00e4uft an der Au\u00dfenseite der H\u00fcfte [&hellip;]<\/p>\n","protected":false},"author":2,"featured_media":0,"parent":24715,"menu_order":0,"comment_status":"closed","ping_status":"closed","template":"","meta":{"site-sidebar-layout":"no-sidebar","site-content-layout":"page-builder","ast-site-content-layout":"full-width-container","site-content-style":"unboxed","site-sidebar-style":"unboxed","ast-global-header-display":"","ast-banner-title-visibility":"","ast-main-header-display":"","ast-hfb-above-header-display":"","ast-hfb-below-header-display":"","ast-hfb-mobile-header-display":"","site-post-title":"disabled","ast-breadcrumbs-content":"","ast-featured-img":"disabled","footer-sml-layout":"","ast-disable-related-posts":"","theme-transparent-header-meta":"","adv-header-id-meta":"","stick-header-meta":"","header-above-stick-meta":"","header-main-stick-meta":"","header-below-stick-meta":"","astra-migrate-meta-layouts":"set","ast-page-background-enabled":"default","ast-page-background-meta":{"desktop":{"background-color":"","background-image":"","background-repeat":"repeat","background-position":"center center","background-size":"auto","background-attachment":"scroll","background-type":"","background-media":"","overlay-type":"","overlay-color":"","overlay-opacity":"","overlay-gradient":""},"tablet":{"background-color":"","background-image":"","background-repeat":"repeat","background-position":"center center","background-size":"auto","background-attachment":"scroll","background-type":"","background-media":"","overlay-type":"","overlay-color":"","overlay-opacity":"","overlay-gradient":""},"mobile":{"background-color":"","background-image":"","background-repeat":"repeat","background-position":"center center","background-size":"auto","background-attachment":"scroll","background-type":"","background-media":"","overlay-type":"","overlay-color":"","overlay-opacity":"","overlay-gradient":""}},"ast-content-background-meta":{"desktop":{"background-color":"var(--ast-global-color-5)","background-image":"","background-repeat":"repeat","background-position":"center center","background-size":"auto","background-attachment":"scroll","background-type":"","background-media":"","overlay-type":"","overlay-color":"","overlay-opacity":"","overlay-gradient":""},"tablet":{"background-color":"var(--ast-global-color-5)","background-image":"","background-repeat":"repeat","background-position":"center center","background-size":"auto","background-attachment":"scroll","background-type":"","background-media":"","overlay-type":"","overlay-color":"","overlay-opacity":"","overlay-gradient":""},"mobile":{"background-color":"var(--ast-global-color-5)","background-image":"","background-repeat":"repeat","background-position":"center center","background-size":"auto","background-attachment":"scroll","background-type":"","background-media":"","overlay-type":"","overlay-color":"","overlay-opacity":"","overlay-gradient":""}},"two_page_speed":{"current_score":{"desktop_score":74,"desktop_tti":"0.5\u00a0","mobile_score":92,"mobile_tti":"2.7\u00a0","date":"20.04.2026 12:13:29 pm","status":"completed"}},"footnotes":""},"class_list":["post-24786","page","type-page","status-publish","hentry"],"yoast_head":"<!-- This site is optimized with the Yoast SEO plugin v27.5 - https:\/\/yoast.com\/product\/yoast-seo-wordpress\/ -->\n<title>Meralgia paraesthetica - FAQ: Symptome, Ursachen, Therapie<\/title>\n<meta name=\"description\" content=\"Meralgia paraesthetica, Symptome, Ursachen &amp; Therapie. Antwort auf g\u00e4ngige Fragen | Termin beim Orthop\u00e4den im Gelenkzentrum vereinbaren!\" \/>\n<meta name=\"robots\" content=\"index, follow, max-snippet:-1, max-image-preview:large, max-video-preview:-1\" \/>\n<link rel=\"canonical\" href=\"https:\/\/gelenkzentrum.at\/de\/leistungen\/huefte\/meralgia-paraesthetica\/\" \/>\n<meta property=\"og:locale\" content=\"de_DE\" \/>\n<meta property=\"og:type\" content=\"article\" \/>\n<meta property=\"og:title\" content=\"Meralgia paraesthetica - FAQ: Symptome, Ursachen, Therapie\" \/>\n<meta property=\"og:description\" content=\"Meralgia paraesthetica, Symptome, Ursachen &amp; Therapie. Antwort auf g\u00e4ngige Fragen | Termin beim Orthop\u00e4den im Gelenkzentrum vereinbaren!\" \/>\n<meta property=\"og:url\" content=\"https:\/\/gelenkzentrum.at\/de\/leistungen\/huefte\/meralgia-paraesthetica\/\" \/>\n<meta property=\"og:site_name\" content=\"Gelenkzentrum Wien Simmering\" \/>\n<meta property=\"article:modified_time\" content=\"2026-04-20T10:12:54+00:00\" \/>\n<meta name=\"twitter:card\" content=\"summary_large_image\" \/>\n<meta name=\"twitter:label1\" content=\"Gesch\u00e4tzte Lesezeit\" \/>\n\t<meta name=\"twitter:data1\" content=\"3\u00a0Minuten\" \/>\n<script type=\"application\/ld+json\" class=\"yoast-schema-graph\">{\"@context\":\"https:\\\/\\\/schema.org\",\"@graph\":[{\"@type\":\"WebPage\",\"@id\":\"https:\\\/\\\/gelenkzentrum.at\\\/de\\\/leistungen\\\/huefte\\\/meralgia-paraesthetica\\\/\",\"url\":\"https:\\\/\\\/gelenkzentrum.at\\\/de\\\/leistungen\\\/huefte\\\/meralgia-paraesthetica\\\/\",\"name\":\"Meralgia paraesthetica - FAQ: Symptome, Ursachen, Therapie\",\"isPartOf\":{\"@id\":\"https:\\\/\\\/gelenkzentrum.at\\\/de\\\/#website\"},\"datePublished\":\"2022-07-06T06:49:27+00:00\",\"dateModified\":\"2026-04-20T10:12:54+00:00\",\"description\":\"Meralgia paraesthetica, Symptome, Ursachen & Therapie. Antwort auf g\u00e4ngige Fragen | Termin beim Orthop\u00e4den im Gelenkzentrum vereinbaren!\",\"breadcrumb\":{\"@id\":\"https:\\\/\\\/gelenkzentrum.at\\\/de\\\/leistungen\\\/huefte\\\/meralgia-paraesthetica\\\/#breadcrumb\"},\"inLanguage\":\"de\",\"potentialAction\":[{\"@type\":\"ReadAction\",\"target\":[\"https:\\\/\\\/gelenkzentrum.at\\\/de\\\/leistungen\\\/huefte\\\/meralgia-paraesthetica\\\/\"]}]},{\"@type\":\"BreadcrumbList\",\"@id\":\"https:\\\/\\\/gelenkzentrum.at\\\/de\\\/leistungen\\\/huefte\\\/meralgia-paraesthetica\\\/#breadcrumb\",\"itemListElement\":[{\"@type\":\"ListItem\",\"position\":1,\"name\":\"Startseite\",\"item\":\"https:\\\/\\\/gelenkzentrum.at\\\/de\\\/\"},{\"@type\":\"ListItem\",\"position\":2,\"name\":\"Leistungen\",\"item\":\"https:\\\/\\\/gelenkzentrum.at\\\/de\\\/leistungen\\\/\"},{\"@type\":\"ListItem\",\"position\":3,\"name\":\"H\u00fcfte\",\"item\":\"https:\\\/\\\/gelenkzentrum.at\\\/de\\\/leistungen\\\/huefte\\\/\"},{\"@type\":\"ListItem\",\"position\":4,\"name\":\"Meralgia paraesthetica\"}]},{\"@type\":\"WebSite\",\"@id\":\"https:\\\/\\\/gelenkzentrum.at\\\/de\\\/#website\",\"url\":\"https:\\\/\\\/gelenkzentrum.at\\\/de\\\/\",\"name\":\"Gelenkzentrum Wien Simmering\",\"description\":\"Orthop\u00e4disches Zentrum Wien, alle Kassen\",\"publisher\":{\"@id\":\"https:\\\/\\\/gelenkzentrum.at\\\/de\\\/#organization\"},\"potentialAction\":[{\"@type\":\"SearchAction\",\"target\":{\"@type\":\"EntryPoint\",\"urlTemplate\":\"https:\\\/\\\/gelenkzentrum.at\\\/de\\\/?s={search_term_string}\"},\"query-input\":{\"@type\":\"PropertyValueSpecification\",\"valueRequired\":true,\"valueName\":\"search_term_string\"}}],\"inLanguage\":\"de\"},{\"@type\":\"Organization\",\"@id\":\"https:\\\/\\\/gelenkzentrum.at\\\/de\\\/#organization\",\"name\":\"Gelenkzentrum Wien Simmering\",\"url\":\"https:\\\/\\\/gelenkzentrum.at\\\/de\\\/\",\"logo\":{\"@type\":\"ImageObject\",\"inLanguage\":\"de\",\"@id\":\"https:\\\/\\\/gelenkzentrum.at\\\/de\\\/#\\\/schema\\\/logo\\\/image\\\/\",\"url\":\"https:\\\/\\\/gelenkzentrum.at\\\/de\\\/wp-content\\\/uploads\\\/2022\\\/05\\\/Logo_Gelenkzentrum-200x70-1.png\",\"contentUrl\":\"https:\\\/\\\/gelenkzentrum.at\\\/de\\\/wp-content\\\/uploads\\\/2022\\\/05\\\/Logo_Gelenkzentrum-200x70-1.png\",\"width\":200,\"height\":70,\"caption\":\"Gelenkzentrum Wien Simmering\"},\"image\":{\"@id\":\"https:\\\/\\\/gelenkzentrum.at\\\/de\\\/#\\\/schema\\\/logo\\\/image\\\/\"}}]}<\/script>\n<!-- \/ Yoast SEO plugin. -->","yoast_head_json":{"title":"Meralgia paraesthetica - FAQ: Symptome, Ursachen, Therapie","description":"Meralgia paraesthetica, Symptome, Ursachen & Therapie. Antwort auf g\u00e4ngige Fragen | Termin beim Orthop\u00e4den im Gelenkzentrum vereinbaren!","robots":{"index":"index","follow":"follow","max-snippet":"max-snippet:-1","max-image-preview":"max-image-preview:large","max-video-preview":"max-video-preview:-1"},"canonical":"https:\/\/gelenkzentrum.at\/de\/leistungen\/huefte\/meralgia-paraesthetica\/","og_locale":"de_DE","og_type":"article","og_title":"Meralgia paraesthetica - FAQ: Symptome, Ursachen, Therapie","og_description":"Meralgia paraesthetica, Symptome, Ursachen & Therapie. Antwort auf g\u00e4ngige Fragen | Termin beim Orthop\u00e4den im Gelenkzentrum vereinbaren!","og_url":"https:\/\/gelenkzentrum.at\/de\/leistungen\/huefte\/meralgia-paraesthetica\/","og_site_name":"Gelenkzentrum Wien Simmering","article_modified_time":"2026-04-20T10:12:54+00:00","twitter_card":"summary_large_image","twitter_misc":{"Gesch\u00e4tzte Lesezeit":"3\u00a0Minuten"},"schema":{"@context":"https:\/\/schema.org","@graph":[{"@type":"WebPage","@id":"https:\/\/gelenkzentrum.at\/de\/leistungen\/huefte\/meralgia-paraesthetica\/","url":"https:\/\/gelenkzentrum.at\/de\/leistungen\/huefte\/meralgia-paraesthetica\/","name":"Meralgia paraesthetica - FAQ: Symptome, Ursachen, Therapie","isPartOf":{"@id":"https:\/\/gelenkzentrum.at\/de\/#website"},"datePublished":"2022-07-06T06:49:27+00:00","dateModified":"2026-04-20T10:12:54+00:00","description":"Meralgia paraesthetica, Symptome, Ursachen & Therapie. Antwort auf g\u00e4ngige Fragen | Termin beim Orthop\u00e4den im Gelenkzentrum vereinbaren!","breadcrumb":{"@id":"https:\/\/gelenkzentrum.at\/de\/leistungen\/huefte\/meralgia-paraesthetica\/#breadcrumb"},"inLanguage":"de","potentialAction":[{"@type":"ReadAction","target":["https:\/\/gelenkzentrum.at\/de\/leistungen\/huefte\/meralgia-paraesthetica\/"]}]},{"@type":"BreadcrumbList","@id":"https:\/\/gelenkzentrum.at\/de\/leistungen\/huefte\/meralgia-paraesthetica\/#breadcrumb","itemListElement":[{"@type":"ListItem","position":1,"name":"Startseite","item":"https:\/\/gelenkzentrum.at\/de\/"},{"@type":"ListItem","position":2,"name":"Leistungen","item":"https:\/\/gelenkzentrum.at\/de\/leistungen\/"},{"@type":"ListItem","position":3,"name":"H\u00fcfte","item":"https:\/\/gelenkzentrum.at\/de\/leistungen\/huefte\/"},{"@type":"ListItem","position":4,"name":"Meralgia paraesthetica"}]},{"@type":"WebSite","@id":"https:\/\/gelenkzentrum.at\/de\/#website","url":"https:\/\/gelenkzentrum.at\/de\/","name":"Gelenkzentrum Wien Simmering","description":"Orthop\u00e4disches Zentrum Wien, alle Kassen","publisher":{"@id":"https:\/\/gelenkzentrum.at\/de\/#organization"},"potentialAction":[{"@type":"SearchAction","target":{"@type":"EntryPoint","urlTemplate":"https:\/\/gelenkzentrum.at\/de\/?s={search_term_string}"},"query-input":{"@type":"PropertyValueSpecification","valueRequired":true,"valueName":"search_term_string"}}],"inLanguage":"de"},{"@type":"Organization","@id":"https:\/\/gelenkzentrum.at\/de\/#organization","name":"Gelenkzentrum Wien Simmering","url":"https:\/\/gelenkzentrum.at\/de\/","logo":{"@type":"ImageObject","inLanguage":"de","@id":"https:\/\/gelenkzentrum.at\/de\/#\/schema\/logo\/image\/","url":"https:\/\/gelenkzentrum.at\/de\/wp-content\/uploads\/2022\/05\/Logo_Gelenkzentrum-200x70-1.png","contentUrl":"https:\/\/gelenkzentrum.at\/de\/wp-content\/uploads\/2022\/05\/Logo_Gelenkzentrum-200x70-1.png","width":200,"height":70,"caption":"Gelenkzentrum Wien Simmering"},"image":{"@id":"https:\/\/gelenkzentrum.at\/de\/#\/schema\/logo\/image\/"}}]}},"_links":{"self":[{"href":"https:\/\/gelenkzentrum.at\/de\/wp-json\/wp\/v2\/pages\/24786","targetHints":{"allow":["GET"]}}],"collection":[{"href":"https:\/\/gelenkzentrum.at\/de\/wp-json\/wp\/v2\/pages"}],"about":[{"href":"https:\/\/gelenkzentrum.at\/de\/wp-json\/wp\/v2\/types\/page"}],"author":[{"embeddable":true,"href":"https:\/\/gelenkzentrum.at\/de\/wp-json\/wp\/v2\/users\/2"}],"replies":[{"embeddable":true,"href":"https:\/\/gelenkzentrum.at\/de\/wp-json\/wp\/v2\/comments?post=24786"}],"version-history":[{"count":10,"href":"https:\/\/gelenkzentrum.at\/de\/wp-json\/wp\/v2\/pages\/24786\/revisions"}],"predecessor-version":[{"id":28579,"href":"https:\/\/gelenkzentrum.at\/de\/wp-json\/wp\/v2\/pages\/24786\/revisions\/28579"}],"up":[{"embeddable":true,"href":"https:\/\/gelenkzentrum.at\/de\/wp-json\/wp\/v2\/pages\/24715"}],"wp:attachment":[{"href":"https:\/\/gelenkzentrum.at\/de\/wp-json\/wp\/v2\/media?parent=24786"}],"curies":[{"name":"wp","href":"https:\/\/api.w.org\/{rel}","templated":true}]}}