{"id":24752,"date":"2022-07-06T08:29:05","date_gmt":"2022-07-06T06:29:05","guid":{"rendered":"https:\/\/gelenkzentrum.at\/de\/?page_id=24752"},"modified":"2026-04-20T13:03:29","modified_gmt":"2026-04-20T11:03:29","slug":"orthopaedische-schuhe","status":"publish","type":"page","link":"https:\/\/gelenkzentrum.at\/de\/leistungen\/orthopaedische-schuhe\/","title":{"rendered":"Orthop\u00e4dische Schuhe"},"content":{"rendered":"\t\t<div data-elementor-type=\"wp-page\" data-elementor-id=\"24752\" class=\"elementor elementor-24752\">\n\t\t\t\t\t\t<section class=\"elementor-section elementor-top-section elementor-element elementor-element-271f2d9c elementor-section-full_width elementor-section-height-min-height elementor-section-height-default elementor-section-items-middle\" data-id=\"271f2d9c\" data-element_type=\"section\" data-e-type=\"section\" data-settings=\"{&quot;background_background&quot;:&quot;classic&quot;,&quot;shape_divider_bottom&quot;:&quot;tilt&quot;}\">\n\t\t\t\t\t<div class=\"elementor-shape elementor-shape-bottom\" aria-hidden=\"true\" data-negative=\"false\">\n\t\t\t<svg xmlns=\"http:\/\/www.w3.org\/2000\/svg\" viewBox=\"0 0 1000 100\" preserveAspectRatio=\"none\">\n\t<path class=\"elementor-shape-fill\" d=\"M0,6V0h1000v100L0,6z\"\/>\n<\/svg>\t\t<\/div>\n\t\t\t\t\t<div class=\"elementor-container elementor-column-gap-default\">\n\t\t\t\t\t<div class=\"elementor-column elementor-col-100 elementor-top-column elementor-element elementor-element-77f3546e\" data-id=\"77f3546e\" data-element_type=\"column\" data-e-type=\"column\">\n\t\t\t<div class=\"elementor-widget-wrap elementor-element-populated\">\n\t\t\t\t\t\t<section class=\"elementor-section elementor-inner-section elementor-element elementor-element-c7deb4d elementor-section-boxed elementor-section-height-default elementor-section-height-default\" data-id=\"c7deb4d\" data-element_type=\"section\" data-e-type=\"section\">\n\t\t\t\t\t\t<div class=\"elementor-container elementor-column-gap-default\">\n\t\t\t\t\t<div class=\"elementor-column elementor-col-100 elementor-inner-column elementor-element elementor-element-2340b1e6\" data-id=\"2340b1e6\" data-element_type=\"column\" data-e-type=\"column\">\n\t\t\t<div class=\"elementor-widget-wrap elementor-element-populated\">\n\t\t\t\t\t\t<div class=\"elementor-element elementor-element-30289c77 elementor-widget elementor-widget-heading\" data-id=\"30289c77\" data-element_type=\"widget\" data-e-type=\"widget\" data-widget_type=\"heading.default\">\n\t\t\t\t<div class=\"elementor-widget-container\">\n\t\t\t\t\t<h1 class=\"elementor-heading-title elementor-size-default\">Orthop\u00e4dische Schuhe<\/h1>\t\t\t\t<\/div>\n\t\t\t\t<\/div>\n\t\t\t\t<div class=\"elementor-element elementor-element-7ba8e0f4 elementor-widget elementor-widget-button\" data-id=\"7ba8e0f4\" data-element_type=\"widget\" data-e-type=\"widget\" data-widget_type=\"button.default\">\n\t\t\t\t<div class=\"elementor-widget-container\">\n\t\t\t\t\t\t\t\t\t<div class=\"elementor-button-wrapper\">\n\t\t\t\t\t<a class=\"elementor-button elementor-button-link elementor-size-sm\" href=\"https:\/\/gelenkzentrum.at\/de\/kontakt#termin\">\n\t\t\t\t\t\t<span class=\"elementor-button-content-wrapper\">\n\t\t\t\t\t\t\t\t\t<span class=\"elementor-button-text\">Jetzt Termin vereinbaren<\/span>\n\t\t\t\t\t<\/span>\n\t\t\t\t\t<\/a>\n\t\t\t\t<\/div>\n\t\t\t\t\t\t\t\t<\/div>\n\t\t\t\t<\/div>\n\t\t\t\t\t<\/div>\n\t\t<\/div>\n\t\t\t\t\t<\/div>\n\t\t<\/section>\n\t\t\t\t\t<\/div>\n\t\t<\/div>\n\t\t\t\t\t<\/div>\n\t\t<\/section>\n\t\t\t\t<section class=\"elementor-section elementor-top-section elementor-element elementor-element-8c5ee97 elementor-section-boxed elementor-section-height-default elementor-section-height-default\" data-id=\"8c5ee97\" data-element_type=\"section\" data-e-type=\"section\">\n\t\t\t\t\t\t<div class=\"elementor-container elementor-column-gap-default\">\n\t\t\t\t\t<div class=\"elementor-column elementor-col-100 elementor-top-column elementor-element elementor-element-6cc7059\" data-id=\"6cc7059\" data-element_type=\"column\" data-e-type=\"column\">\n\t\t\t<div class=\"elementor-widget-wrap elementor-element-populated\">\n\t\t\t\t\t\t<div class=\"elementor-element elementor-element-d3689fd elementor-widget elementor-widget-heading\" data-id=\"d3689fd\" data-element_type=\"widget\" data-e-type=\"widget\" data-widget_type=\"heading.default\">\n\t\t\t\t<div class=\"elementor-widget-container\">\n\t\t\t\t\t<h2 class=\"elementor-heading-title elementor-size-default\">Orthop\u00e4dische Schuhe im Gelenkzentrum Wien<\/h2>\t\t\t\t<\/div>\n\t\t\t\t<\/div>\n\t\t\t\t<div class=\"elementor-element elementor-element-4250ade elementor-widget elementor-widget-text-editor\" data-id=\"4250ade\" data-element_type=\"widget\" data-e-type=\"widget\" data-widget_type=\"text-editor.default\">\n\t\t\t\t<div class=\"elementor-widget-container\">\n\t\t\t\t\t\t\t\t\t<h3>Entlastung und Unterst\u00fctzung f\u00fcr Ihre F\u00fc\u00dfe<\/h3><p>Orthop\u00e4dische Schuhe sind nicht nur eine St\u00fctze, sondern ein Schl\u00fcssel zu einem schmerzfreien Alltag. Wenn Einlagen alleine nicht ausreichen, kommen unsere spezialisierten orthop\u00e4dischen Schuhe ins Spiel.<\/p><p>Sie sind mehr als nur Schuhe; sie sind eine Erweiterung unserer medizinischen Expertise, die direkt zu Ihren F\u00fc\u00dfen spricht. Durch gezielte Anpassungen wie Absatzh\u00f6he und spezielle Sohlenkonstruktionen f\u00f6rdern sie eine nat\u00fcrliche Fu\u00dfhaltung und bieten unvergleichlichen Komfort.<\/p><p><strong>Ein neuer Ansatz bei Hallux valgus, Fersensporn und mehr<\/strong><\/p><p>Egal, ob es sich um eine Abweichung der Gro\u00dfzehe, einen Fersensporn oder andere spezifische Fu\u00dfprobleme handelt \u2013 unsere orthop\u00e4dischen Schuhe sind darauf ausgerichtet, Ihnen Erleichterung zu verschaffen. Jedes Paar ist ein Schritt in Richtung eines schmerzfreien Lebens.<\/p><p><strong>Bei folgenden Beschwerden werden orthop\u00e4dische Schuhe sehr gute Erfolge erzielen:<\/strong><\/p><ul><li>Abweichung der Gro\u00dfzehe (Hallux valgus)<\/li><li>Fersenh\u00f6cker (Haglundexostose)<\/li><li>Fersensporn<\/li><\/ul>\t\t\t\t\t\t\t\t<\/div>\n\t\t\t\t<\/div>\n\t\t\t\t<div class=\"elementor-element elementor-element-565f7bc elementor-widget elementor-widget-heading\" data-id=\"565f7bc\" data-element_type=\"widget\" data-e-type=\"widget\" data-widget_type=\"heading.default\">\n\t\t\t\t<div class=\"elementor-widget-container\">\n\t\t\t\t\t<h3 class=\"elementor-heading-title elementor-size-default\">Orthop\u00e4dische Sandalen, Arbeitsschuhe, Sportschuhe, Alltagsschuhe und vieles mehr!<\/h3>\t\t\t\t<\/div>\n\t\t\t\t<\/div>\n\t\t\t\t<div class=\"elementor-element elementor-element-b76aae5 elementor-widget elementor-widget-text-editor\" data-id=\"b76aae5\" data-element_type=\"widget\" data-e-type=\"widget\" data-widget_type=\"text-editor.default\">\n\t\t\t\t<div class=\"elementor-widget-container\">\n\t\t\t\t\t\t\t\t\t<p>Unsere Auswahl an orthop\u00e4dischen Schuhen umfasst Modelle f\u00fcr alle Patient*innen mit Fu\u00dfbeschwerden. Egal, ob Sie nach orthop\u00e4dischen Hausschuhen f\u00fcr entspannte Tage zu Hause oder nach speziellen Arbeitsschuhen suchen, die Unterst\u00fctzung und Sicherheit am Arbeitsplatz bieten \u2013 wir haben die passende L\u00f6sung f\u00fcr Sie.<\/p><p><strong>Spezialanfertigungen: Ihre pers\u00f6nliche Passform<\/strong><\/p><p>M\u00f6chten Sie orthop\u00e4dische Schuhe anfertigen lassen? Unser Team ber\u00e4t Sie gerne \u00fcber die M\u00f6glichkeiten, von Schuhen, die speziell f\u00fcr die Unterst\u00fctzung der Achillessehne entwickelt wurden, bis hin zu individuellen Anpassungen f\u00fcr Arthrose-Patienten.<\/p>\t\t\t\t\t\t\t\t<\/div>\n\t\t\t\t<\/div>\n\t\t\t\t<div class=\"elementor-element elementor-element-cb74c11 elementor-widget elementor-widget-heading\" data-id=\"cb74c11\" data-element_type=\"widget\" data-e-type=\"widget\" data-widget_type=\"heading.default\">\n\t\t\t\t<div class=\"elementor-widget-container\">\n\t\t\t\t\t<h3 class=\"elementor-heading-title elementor-size-default\">Orthop\u00e4dische Schuhe: H\u00e4ufig gestellte Fragen <\/h3>\t\t\t\t<\/div>\n\t\t\t\t<\/div>\n\t\t\t\t<div class=\"elementor-element elementor-element-a9c953e elementor-widget elementor-widget-text-editor\" data-id=\"a9c953e\" data-element_type=\"widget\" data-e-type=\"widget\" data-widget_type=\"text-editor.default\">\n\t\t\t\t<div class=\"elementor-widget-container\">\n\t\t\t\t\t\t\t\t\t<p class=\"MsoNormal\"><b><span lang=\"DE\">Ab wann und warum orthop\u00e4dische Schuhe?<\/span><\/b><\/p><p class=\"MsoNormal\"><span lang=\"DE\">Orthop\u00e4dische Schuhe sind f\u00fcr jeden geeignet, der Fu\u00dfprobleme erlebt oder vorbeugend seinen F\u00fc\u00dfen etwas Gutes tun m\u00f6chte. Sie bieten eine L\u00f6sung, wenn herk\u00f6mmliche Schuhe nicht ausreichen, um Beschwerden wie Hallux valgus oder Fersensporn zu lindern.<\/span><\/p><p class=\"MsoNormal\"><b><span lang=\"DE\">Kosten und Kostenerstattung<\/span><\/b><\/p><p class=\"MsoNormal\"><span lang=\"DE\">Die Kosten f\u00fcr orthop\u00e4dische Schuhe variieren je nach individuellen Anforderungen und ob Sie sich f\u00fcr ma\u00dfgefertigte Modelle entscheiden. Viele fragen sich: Was zahlt die Krankenkasse? In vielen F\u00e4llen \u00fcbernimmt die Krankenversicherung einen Teil der Kosten, vor allem wenn Sie ein Rezept von einem Facharzt haben.<\/span><\/p><p class=\"MsoNormal\"><b><span lang=\"DE\">Wie und wo orthop\u00e4dische Schuhe beantragen?<\/span><\/b><\/p><p class=\"MsoNormal\"><span lang=\"DE\">Ihr Weg zu orthop\u00e4dischen Schuhen beginnt oft beim Spezialisten. Wer darf orthop\u00e4dische Schuhe verschreiben? In der Regel sind es Orthop\u00e4den, die Ihre Situation beurteilen und bei Bedarf ein Rezept ausstellen. Im Gelenkzentrum Wien stehen wir Ihnen zur Seite, um den Prozess so reibungslos wie m\u00f6glich zu gestalten.<\/span><\/p><p class=\"MsoNormal\"><b><span lang=\"DE\">Die Suche nach der perfekten Passform<\/span><\/b><\/p><p class=\"MsoNormal\"><span lang=\"DE\">Ob Sie nun orthop\u00e4dische Schuheinlagen ben\u00f6tigen, um in Ihren Lieblingsschuhen besser laufen zu k\u00f6nnen, oder ob spezielle Sicherheitsschuhe f\u00fcr Ihre Arbeit erforderlich sind \u2013 wir bieten eine breite Palette an Optionen. Unsere Experten helfen Ihnen, die besten orthop\u00e4dischen Schuhe zu finden, die Ihren Bed\u00fcrfnissen entsprechen.<\/span><\/p><p class=\"MsoNormal\"><b><span lang=\"DE\">Tun Sie etwas gegen Ihre Fu\u00dfschmerzen und nehmen Sie rasch Kontakt mit uns auf! Bei uns k\u00f6nnen Sie die orthop\u00e4dischen Schuhe nach Ihren W\u00fcnschen anfertigen lassen!<\/span><\/b><\/p>\t\t\t\t\t\t\t\t<\/div>\n\t\t\t\t<\/div>\n\t\t\t\t\t<\/div>\n\t\t<\/div>\n\t\t\t\t\t<\/div>\n\t\t<\/section>\n\t\t\t\t<\/div>\n\t\t","protected":false},"excerpt":{"rendered":"<p>Orthop\u00e4dische Schuhe Jetzt Termin vereinbaren Orthop\u00e4dische Schuhe im Gelenkzentrum Wien Entlastung und Unterst\u00fctzung f\u00fcr Ihre F\u00fc\u00dfe Orthop\u00e4dische Schuhe sind nicht nur eine St\u00fctze, sondern ein Schl\u00fcssel zu einem schmerzfreien Alltag. Wenn Einlagen alleine nicht ausreichen, kommen unsere spezialisierten orthop\u00e4dischen Schuhe ins Spiel. Sie sind mehr als nur Schuhe; sie sind eine Erweiterung unserer medizinischen Expertise, [&hellip;]<\/p>\n","protected":false},"author":2,"featured_media":0,"parent":24713,"menu_order":0,"comment_status":"closed","ping_status":"closed","template":"","meta":{"site-sidebar-layout":"no-sidebar","site-content-layout":"page-builder","ast-site-content-layout":"full-width-container","site-content-style":"unboxed","site-sidebar-style":"unboxed","ast-global-header-display":"","ast-banner-title-visibility":"","ast-main-header-display":"","ast-hfb-above-header-display":"","ast-hfb-below-header-display":"","ast-hfb-mobile-header-display":"","site-post-title":"disabled","ast-breadcrumbs-content":"","ast-featured-img":"disabled","footer-sml-layout":"","ast-disable-related-posts":"","theme-transparent-header-meta":"","adv-header-id-meta":"","stick-header-meta":"","header-above-stick-meta":"","header-main-stick-meta":"","header-below-stick-meta":"","astra-migrate-meta-layouts":"set","ast-page-background-enabled":"default","ast-page-background-meta":{"desktop":{"background-color":"","background-image":"","background-repeat":"repeat","background-position":"center center","background-size":"auto","background-attachment":"scroll","background-type":"","background-media":"","overlay-type":"","overlay-color":"","overlay-opacity":"","overlay-gradient":""},"tablet":{"background-color":"","background-image":"","background-repeat":"repeat","background-position":"center center","background-size":"auto","background-attachment":"scroll","background-type":"","background-media":"","overlay-type":"","overlay-color":"","overlay-opacity":"","overlay-gradient":""},"mobile":{"background-color":"","background-image":"","background-repeat":"repeat","background-position":"center center","background-size":"auto","background-attachment":"scroll","background-type":"","background-media":"","overlay-type":"","overlay-color":"","overlay-opacity":"","overlay-gradient":""}},"ast-content-background-meta":{"desktop":{"background-color":"var(--ast-global-color-5)","background-image":"","background-repeat":"repeat","background-position":"center center","background-size":"auto","background-attachment":"scroll","background-type":"","background-media":"","overlay-type":"","overlay-color":"","overlay-opacity":"","overlay-gradient":""},"tablet":{"background-color":"var(--ast-global-color-5)","background-image":"","background-repeat":"repeat","background-position":"center center","background-size":"auto","background-attachment":"scroll","background-type":"","background-media":"","overlay-type":"","overlay-color":"","overlay-opacity":"","overlay-gradient":""},"mobile":{"background-color":"var(--ast-global-color-5)","background-image":"","background-repeat":"repeat","background-position":"center center","background-size":"auto","background-attachment":"scroll","background-type":"","background-media":"","overlay-type":"","overlay-color":"","overlay-opacity":"","overlay-gradient":""}},"two_page_speed":{"current_score":{"desktop_score":77,"desktop_tti":"0.6\u00a0","mobile_score":95,"mobile_tti":"1.4\u00a0","date":"20.04.2026 01:04:10 pm","status":"completed"}},"footnotes":""},"class_list":["post-24752","page","type-page","status-publish","hentry"],"yoast_head":"<!-- This site is optimized with the Yoast SEO plugin v27.5 - https:\/\/yoast.com\/product\/yoast-seo-wordpress\/ -->\n<title>Orthop\u00e4dische Schuhe Wien |im Gelenkzentrum Wien<\/title>\n<meta name=\"description\" content=\"Hallux valgus, Fersenh\u00f6cker &amp; andere Fu\u00dfprobleme: Das Gelenkzentrum-Team ist Ihr kompetenter Ansprechpartner f\u00fcr orthop\u00e4dische Schuhe in Wien!\" \/>\n<meta name=\"robots\" content=\"index, follow, max-snippet:-1, max-image-preview:large, max-video-preview:-1\" \/>\n<link rel=\"canonical\" href=\"https:\/\/gelenkzentrum.at\/de\/leistungen\/orthopaedische-schuhe\/\" \/>\n<meta property=\"og:locale\" content=\"de_DE\" \/>\n<meta property=\"og:type\" content=\"article\" \/>\n<meta property=\"og:title\" content=\"Orthop\u00e4dische Schuhe Wien |im Gelenkzentrum Wien\" \/>\n<meta property=\"og:description\" content=\"Hallux valgus, Fersenh\u00f6cker &amp; andere Fu\u00dfprobleme: Das Gelenkzentrum-Team ist Ihr kompetenter Ansprechpartner f\u00fcr orthop\u00e4dische Schuhe in Wien!\" \/>\n<meta property=\"og:url\" content=\"https:\/\/gelenkzentrum.at\/de\/leistungen\/orthopaedische-schuhe\/\" \/>\n<meta property=\"og:site_name\" content=\"Gelenkzentrum Wien Simmering\" \/>\n<meta property=\"article:modified_time\" content=\"2026-04-20T11:03:29+00:00\" \/>\n<meta name=\"twitter:card\" content=\"summary_large_image\" \/>\n<meta name=\"twitter:label1\" content=\"Gesch\u00e4tzte Lesezeit\" \/>\n\t<meta name=\"twitter:data1\" content=\"3\u00a0Minuten\" \/>\n<script type=\"application\/ld+json\" class=\"yoast-schema-graph\">{\"@context\":\"https:\\\/\\\/schema.org\",\"@graph\":[{\"@type\":\"WebPage\",\"@id\":\"https:\\\/\\\/gelenkzentrum.at\\\/de\\\/leistungen\\\/orthopaedische-schuhe\\\/\",\"url\":\"https:\\\/\\\/gelenkzentrum.at\\\/de\\\/leistungen\\\/orthopaedische-schuhe\\\/\",\"name\":\"Orthop\u00e4dische Schuhe Wien |im Gelenkzentrum Wien\",\"isPartOf\":{\"@id\":\"https:\\\/\\\/gelenkzentrum.at\\\/de\\\/#website\"},\"datePublished\":\"2022-07-06T06:29:05+00:00\",\"dateModified\":\"2026-04-20T11:03:29+00:00\",\"description\":\"Hallux valgus, Fersenh\u00f6cker & andere Fu\u00dfprobleme: Das Gelenkzentrum-Team ist Ihr kompetenter Ansprechpartner f\u00fcr orthop\u00e4dische Schuhe in Wien!\",\"breadcrumb\":{\"@id\":\"https:\\\/\\\/gelenkzentrum.at\\\/de\\\/leistungen\\\/orthopaedische-schuhe\\\/#breadcrumb\"},\"inLanguage\":\"de\",\"potentialAction\":[{\"@type\":\"ReadAction\",\"target\":[\"https:\\\/\\\/gelenkzentrum.at\\\/de\\\/leistungen\\\/orthopaedische-schuhe\\\/\"]}]},{\"@type\":\"BreadcrumbList\",\"@id\":\"https:\\\/\\\/gelenkzentrum.at\\\/de\\\/leistungen\\\/orthopaedische-schuhe\\\/#breadcrumb\",\"itemListElement\":[{\"@type\":\"ListItem\",\"position\":1,\"name\":\"Startseite\",\"item\":\"https:\\\/\\\/gelenkzentrum.at\\\/de\\\/\"},{\"@type\":\"ListItem\",\"position\":2,\"name\":\"Leistungen\",\"item\":\"https:\\\/\\\/gelenkzentrum.at\\\/de\\\/leistungen\\\/\"},{\"@type\":\"ListItem\",\"position\":3,\"name\":\"Orthop\u00e4dische Schuhe\"}]},{\"@type\":\"WebSite\",\"@id\":\"https:\\\/\\\/gelenkzentrum.at\\\/de\\\/#website\",\"url\":\"https:\\\/\\\/gelenkzentrum.at\\\/de\\\/\",\"name\":\"Gelenkzentrum Wien Simmering\",\"description\":\"Orthop\u00e4disches Zentrum Wien, alle Kassen\",\"publisher\":{\"@id\":\"https:\\\/\\\/gelenkzentrum.at\\\/de\\\/#organization\"},\"potentialAction\":[{\"@type\":\"SearchAction\",\"target\":{\"@type\":\"EntryPoint\",\"urlTemplate\":\"https:\\\/\\\/gelenkzentrum.at\\\/de\\\/?s={search_term_string}\"},\"query-input\":{\"@type\":\"PropertyValueSpecification\",\"valueRequired\":true,\"valueName\":\"search_term_string\"}}],\"inLanguage\":\"de\"},{\"@type\":\"Organization\",\"@id\":\"https:\\\/\\\/gelenkzentrum.at\\\/de\\\/#organization\",\"name\":\"Gelenkzentrum Wien Simmering\",\"url\":\"https:\\\/\\\/gelenkzentrum.at\\\/de\\\/\",\"logo\":{\"@type\":\"ImageObject\",\"inLanguage\":\"de\",\"@id\":\"https:\\\/\\\/gelenkzentrum.at\\\/de\\\/#\\\/schema\\\/logo\\\/image\\\/\",\"url\":\"https:\\\/\\\/gelenkzentrum.at\\\/de\\\/wp-content\\\/uploads\\\/2022\\\/05\\\/Logo_Gelenkzentrum-200x70-1.png\",\"contentUrl\":\"https:\\\/\\\/gelenkzentrum.at\\\/de\\\/wp-content\\\/uploads\\\/2022\\\/05\\\/Logo_Gelenkzentrum-200x70-1.png\",\"width\":200,\"height\":70,\"caption\":\"Gelenkzentrum Wien Simmering\"},\"image\":{\"@id\":\"https:\\\/\\\/gelenkzentrum.at\\\/de\\\/#\\\/schema\\\/logo\\\/image\\\/\"}}]}<\/script>\n<!-- \/ Yoast SEO plugin. -->","yoast_head_json":{"title":"Orthop\u00e4dische Schuhe Wien |im Gelenkzentrum Wien","description":"Hallux valgus, Fersenh\u00f6cker & andere Fu\u00dfprobleme: Das Gelenkzentrum-Team ist Ihr kompetenter Ansprechpartner f\u00fcr orthop\u00e4dische Schuhe in Wien!","robots":{"index":"index","follow":"follow","max-snippet":"max-snippet:-1","max-image-preview":"max-image-preview:large","max-video-preview":"max-video-preview:-1"},"canonical":"https:\/\/gelenkzentrum.at\/de\/leistungen\/orthopaedische-schuhe\/","og_locale":"de_DE","og_type":"article","og_title":"Orthop\u00e4dische Schuhe Wien |im Gelenkzentrum Wien","og_description":"Hallux valgus, Fersenh\u00f6cker & andere Fu\u00dfprobleme: Das Gelenkzentrum-Team ist Ihr kompetenter Ansprechpartner f\u00fcr orthop\u00e4dische Schuhe in Wien!","og_url":"https:\/\/gelenkzentrum.at\/de\/leistungen\/orthopaedische-schuhe\/","og_site_name":"Gelenkzentrum Wien Simmering","article_modified_time":"2026-04-20T11:03:29+00:00","twitter_card":"summary_large_image","twitter_misc":{"Gesch\u00e4tzte Lesezeit":"3\u00a0Minuten"},"schema":{"@context":"https:\/\/schema.org","@graph":[{"@type":"WebPage","@id":"https:\/\/gelenkzentrum.at\/de\/leistungen\/orthopaedische-schuhe\/","url":"https:\/\/gelenkzentrum.at\/de\/leistungen\/orthopaedische-schuhe\/","name":"Orthop\u00e4dische Schuhe Wien |im Gelenkzentrum Wien","isPartOf":{"@id":"https:\/\/gelenkzentrum.at\/de\/#website"},"datePublished":"2022-07-06T06:29:05+00:00","dateModified":"2026-04-20T11:03:29+00:00","description":"Hallux valgus, Fersenh\u00f6cker & andere Fu\u00dfprobleme: Das Gelenkzentrum-Team ist Ihr kompetenter Ansprechpartner f\u00fcr orthop\u00e4dische Schuhe in Wien!","breadcrumb":{"@id":"https:\/\/gelenkzentrum.at\/de\/leistungen\/orthopaedische-schuhe\/#breadcrumb"},"inLanguage":"de","potentialAction":[{"@type":"ReadAction","target":["https:\/\/gelenkzentrum.at\/de\/leistungen\/orthopaedische-schuhe\/"]}]},{"@type":"BreadcrumbList","@id":"https:\/\/gelenkzentrum.at\/de\/leistungen\/orthopaedische-schuhe\/#breadcrumb","itemListElement":[{"@type":"ListItem","position":1,"name":"Startseite","item":"https:\/\/gelenkzentrum.at\/de\/"},{"@type":"ListItem","position":2,"name":"Leistungen","item":"https:\/\/gelenkzentrum.at\/de\/leistungen\/"},{"@type":"ListItem","position":3,"name":"Orthop\u00e4dische Schuhe"}]},{"@type":"WebSite","@id":"https:\/\/gelenkzentrum.at\/de\/#website","url":"https:\/\/gelenkzentrum.at\/de\/","name":"Gelenkzentrum Wien Simmering","description":"Orthop\u00e4disches Zentrum Wien, alle Kassen","publisher":{"@id":"https:\/\/gelenkzentrum.at\/de\/#organization"},"potentialAction":[{"@type":"SearchAction","target":{"@type":"EntryPoint","urlTemplate":"https:\/\/gelenkzentrum.at\/de\/?s={search_term_string}"},"query-input":{"@type":"PropertyValueSpecification","valueRequired":true,"valueName":"search_term_string"}}],"inLanguage":"de"},{"@type":"Organization","@id":"https:\/\/gelenkzentrum.at\/de\/#organization","name":"Gelenkzentrum Wien Simmering","url":"https:\/\/gelenkzentrum.at\/de\/","logo":{"@type":"ImageObject","inLanguage":"de","@id":"https:\/\/gelenkzentrum.at\/de\/#\/schema\/logo\/image\/","url":"https:\/\/gelenkzentrum.at\/de\/wp-content\/uploads\/2022\/05\/Logo_Gelenkzentrum-200x70-1.png","contentUrl":"https:\/\/gelenkzentrum.at\/de\/wp-content\/uploads\/2022\/05\/Logo_Gelenkzentrum-200x70-1.png","width":200,"height":70,"caption":"Gelenkzentrum Wien Simmering"},"image":{"@id":"https:\/\/gelenkzentrum.at\/de\/#\/schema\/logo\/image\/"}}]}},"_links":{"self":[{"href":"https:\/\/gelenkzentrum.at\/de\/wp-json\/wp\/v2\/pages\/24752","targetHints":{"allow":["GET"]}}],"collection":[{"href":"https:\/\/gelenkzentrum.at\/de\/wp-json\/wp\/v2\/pages"}],"about":[{"href":"https:\/\/gelenkzentrum.at\/de\/wp-json\/wp\/v2\/types\/page"}],"author":[{"embeddable":true,"href":"https:\/\/gelenkzentrum.at\/de\/wp-json\/wp\/v2\/users\/2"}],"replies":[{"embeddable":true,"href":"https:\/\/gelenkzentrum.at\/de\/wp-json\/wp\/v2\/comments?post=24752"}],"version-history":[{"count":13,"href":"https:\/\/gelenkzentrum.at\/de\/wp-json\/wp\/v2\/pages\/24752\/revisions"}],"predecessor-version":[{"id":28822,"href":"https:\/\/gelenkzentrum.at\/de\/wp-json\/wp\/v2\/pages\/24752\/revisions\/28822"}],"up":[{"embeddable":true,"href":"https:\/\/gelenkzentrum.at\/de\/wp-json\/wp\/v2\/pages\/24713"}],"wp:attachment":[{"href":"https:\/\/gelenkzentrum.at\/de\/wp-json\/wp\/v2\/media?parent=24752"}],"curies":[{"name":"wp","href":"https:\/\/api.w.org\/{rel}","templated":true}]}}