{"id":24746,"date":"2022-07-06T08:28:08","date_gmt":"2022-07-06T06:28:08","guid":{"rendered":"https:\/\/gelenkzentrum.at\/de\/?page_id=24746"},"modified":"2026-04-20T11:12:13","modified_gmt":"2026-04-20T09:12:13","slug":"schienentherapie","status":"publish","type":"page","link":"https:\/\/gelenkzentrum.at\/de\/leistungen\/schienentherapie\/","title":{"rendered":"Schienentherapie"},"content":{"rendered":"\t\t<div data-elementor-type=\"wp-page\" data-elementor-id=\"24746\" class=\"elementor elementor-24746\">\n\t\t\t\t\t\t<section class=\"elementor-section elementor-top-section elementor-element elementor-element-c84139c elementor-section-full_width elementor-section-height-min-height elementor-section-height-default elementor-section-items-middle\" data-id=\"c84139c\" data-element_type=\"section\" data-e-type=\"section\" data-settings=\"{&quot;background_background&quot;:&quot;classic&quot;,&quot;shape_divider_bottom&quot;:&quot;tilt&quot;}\">\n\t\t\t\t\t<div class=\"elementor-shape elementor-shape-bottom\" aria-hidden=\"true\" data-negative=\"false\">\n\t\t\t<svg xmlns=\"http:\/\/www.w3.org\/2000\/svg\" viewBox=\"0 0 1000 100\" preserveAspectRatio=\"none\">\n\t<path class=\"elementor-shape-fill\" d=\"M0,6V0h1000v100L0,6z\"\/>\n<\/svg>\t\t<\/div>\n\t\t\t\t\t<div class=\"elementor-container elementor-column-gap-default\">\n\t\t\t\t\t<div class=\"elementor-column elementor-col-100 elementor-top-column elementor-element elementor-element-19e8df07\" data-id=\"19e8df07\" data-element_type=\"column\" data-e-type=\"column\">\n\t\t\t<div class=\"elementor-widget-wrap elementor-element-populated\">\n\t\t\t\t\t\t<section class=\"elementor-section elementor-inner-section elementor-element elementor-element-582c2c2c elementor-section-boxed elementor-section-height-default elementor-section-height-default\" data-id=\"582c2c2c\" data-element_type=\"section\" data-e-type=\"section\">\n\t\t\t\t\t\t<div class=\"elementor-container elementor-column-gap-default\">\n\t\t\t\t\t<div class=\"elementor-column elementor-col-100 elementor-inner-column elementor-element elementor-element-46e7b7f2\" data-id=\"46e7b7f2\" data-element_type=\"column\" data-e-type=\"column\">\n\t\t\t<div class=\"elementor-widget-wrap elementor-element-populated\">\n\t\t\t\t\t\t<div class=\"elementor-element elementor-element-5d1953b7 elementor-widget elementor-widget-heading\" data-id=\"5d1953b7\" data-element_type=\"widget\" data-e-type=\"widget\" data-widget_type=\"heading.default\">\n\t\t\t\t<div class=\"elementor-widget-container\">\n\t\t\t\t\t<h1 class=\"elementor-heading-title elementor-size-default\">Schienentherapie<\/h1>\t\t\t\t<\/div>\n\t\t\t\t<\/div>\n\t\t\t\t<div class=\"elementor-element elementor-element-4ed9ec9 elementor-widget elementor-widget-button\" data-id=\"4ed9ec9\" data-element_type=\"widget\" data-e-type=\"widget\" data-widget_type=\"button.default\">\n\t\t\t\t<div class=\"elementor-widget-container\">\n\t\t\t\t\t\t\t\t\t<div class=\"elementor-button-wrapper\">\n\t\t\t\t\t<a class=\"elementor-button elementor-button-link elementor-size-sm\" href=\"https:\/\/gelenkzentrum.at\/de\/kontakt#termin\">\n\t\t\t\t\t\t<span class=\"elementor-button-content-wrapper\">\n\t\t\t\t\t\t\t\t\t<span class=\"elementor-button-text\">Jetzt Termin vereinbaren<\/span>\n\t\t\t\t\t<\/span>\n\t\t\t\t\t<\/a>\n\t\t\t\t<\/div>\n\t\t\t\t\t\t\t\t<\/div>\n\t\t\t\t<\/div>\n\t\t\t\t\t<\/div>\n\t\t<\/div>\n\t\t\t\t\t<\/div>\n\t\t<\/section>\n\t\t\t\t\t<\/div>\n\t\t<\/div>\n\t\t\t\t\t<\/div>\n\t\t<\/section>\n\t\t\t\t<section class=\"elementor-section elementor-top-section elementor-element elementor-element-6fd1989 elementor-section-boxed elementor-section-height-default elementor-section-height-default\" data-id=\"6fd1989\" data-element_type=\"section\" data-e-type=\"section\">\n\t\t\t\t\t\t<div class=\"elementor-container elementor-column-gap-default\">\n\t\t\t\t\t<div class=\"elementor-column elementor-col-100 elementor-top-column elementor-element elementor-element-6050254\" data-id=\"6050254\" data-element_type=\"column\" data-e-type=\"column\">\n\t\t\t<div class=\"elementor-widget-wrap elementor-element-populated\">\n\t\t\t\t\t\t<div class=\"elementor-element elementor-element-7af88dc elementor-widget elementor-widget-heading\" data-id=\"7af88dc\" data-element_type=\"widget\" data-e-type=\"widget\" data-widget_type=\"heading.default\">\n\t\t\t\t<div class=\"elementor-widget-container\">\n\t\t\t\t\t<h2 class=\"elementor-heading-title elementor-size-default\">Schienentherapie Wien<\/h2>\t\t\t\t<\/div>\n\t\t\t\t<\/div>\n\t\t\t\t<div class=\"elementor-element elementor-element-5e9fdae elementor-widget elementor-widget-text-editor\" data-id=\"5e9fdae\" data-element_type=\"widget\" data-e-type=\"widget\" data-widget_type=\"text-editor.default\">\n\t\t\t\t<div class=\"elementor-widget-container\">\n\t\t\t\t\t\t\t\t\t<p>Zur Stabilisierung und Ruhigstellung von schmerzenden Gelenken sind Schienen eine schnelle, einfach durchzuf\u00fchrende und konservative Ma\u00dfnahme.<\/p><p>Vor allem bei Erkrankungen und Beschwerden am Handgelenk werden auf diese Weise sehr gute Erfolge erzielt. Auch zur Nachbehandlung nach Operationen an H\u00e4nden und Fingern werden Schienen verwendet.<\/p><p><strong>Bei folgenden Krankheitsbildern werden Schienen eingesetzt:<\/strong><\/p><ul><li>Karpaltunnelsyndrom<\/li><li>Arthrose der Fingermittelgelenke (Bouchard-Arthrose)<\/li><li>Arthrose der Fingerendgelenke (Heberden-Arthrose)<\/li><li>Arthrose des Daumensattelgelenkes (Rhizarthrose)<\/li><li>\u00dcberbein (Handgelenksganglion)<\/li><\/ul>\t\t\t\t\t\t\t\t<\/div>\n\t\t\t\t<\/div>\n\t\t\t\t<div class=\"elementor-element elementor-element-7eee1d2 elementor-widget elementor-widget-heading\" data-id=\"7eee1d2\" data-element_type=\"widget\" data-e-type=\"widget\" data-widget_type=\"heading.default\">\n\t\t\t\t<div class=\"elementor-widget-container\">\n\t\t\t\t\t<h3 class=\"elementor-heading-title elementor-size-default\">Die Fingerschiene zur Schmerzbehandlung<\/h3>\t\t\t\t<\/div>\n\t\t\t\t<\/div>\n\t\t\t\t<div class=\"elementor-element elementor-element-a859804 elementor-widget elementor-widget-text-editor\" data-id=\"a859804\" data-element_type=\"widget\" data-e-type=\"widget\" data-widget_type=\"text-editor.default\">\n\t\t\t\t<div class=\"elementor-widget-container\">\n\t\t\t\t\t\t\t\t\t<p class=\"MsoNormal\"><b><span lang=\"DE\">Was ist eine Fingerschiene und wann wird sie eingesetzt?<\/span><\/b><\/p><p class=\"MsoNormal\"><span lang=\"DE\">In der Handchirurgie ist die Fingerschiene ein kleines, aber m\u00e4chtiges Instrument im Kampf gegen Schmerzen und zur Unterst\u00fctzung der Heilung. <\/span><\/p><p class=\"MsoNormal\"><span lang=\"DE\">Eine Fingerschiene ist ein medizinisches Hilfsmittel, das dazu dient, einen Finger nach einer Verletzung, Operation oder bei bestimmten Erkrankungen zu stabilisieren und ruhigzustellen. Indem sie den betroffenen Finger in einer festen Position h\u00e4lt, unterst\u00fctzt die Schiene den Heilungsprozess, reduziert Schmerzen und verhindert eine weitere Verschlechterung der Verletzung oder des Zustands.<\/span><\/p><p class=\"MsoNormal\"><span lang=\"DE\">Sie wird nach Verletzungen, Operationen, bei chronischen Erkrankungen oder zur Korrektur von Fehlstellungen eingesetzt. Bei chronischen Erkrankungen kann sie helfen, die Funktion des Fingers zu verbessern. <\/span><\/p><p class=\"MsoNormal\"><b><span lang=\"DE\">Wie lange muss man eine Fingerschiene tragen?<\/span><\/b><\/p><p class=\"MsoNormal\"><span lang=\"DE\">Die Tragedauer einer Fingerschiene kann variieren und h\u00e4ngt stark von der individuellen Diagnose und der Empfehlung Ihres Handspezialisten ab.<\/span><\/p><p class=\"MsoNormal\"><span lang=\"DE\">Im Durchschnitt kann bei einer Verletzung oder nach einer Operation eine Fingerschiene zwischen wenigen Wochen bis zu mehreren Monaten notwendig sein. F\u00fcr spezifische F\u00e4lle, wie etwa das Karpaltunnelsyndrom, richtet sich die Dauer nach dem Heilungsprozess und den individuellen Symptomen.<\/span><\/p><p class=\"MsoNormal\"><b><span lang=\"DE\">Wo gibt es Fingerschienen?<\/span><\/b><\/p><p class=\"MsoNormal\"><span lang=\"DE\">Fingerschienen erhalten Sie direkt in den Praxen der Handchirurgie-Spezialisten, wie bei uns oder auch in spezialisierten medizinischen Fachgesch\u00e4ften. <\/span><\/p><p class=\"MsoNormal\"><span lang=\"DE\">Die Anpassung und Bereitstellung erfolgt idealerweise durch einen erfahrenen Handchirurgen, um eine optimale Unterst\u00fctzung und Passform zu gew\u00e4hrleisten.<\/span><\/p>\t\t\t\t\t\t\t\t<\/div>\n\t\t\t\t<\/div>\n\t\t\t\t<div class=\"elementor-element elementor-element-cf02c43 elementor-widget elementor-widget-heading\" data-id=\"cf02c43\" data-element_type=\"widget\" data-e-type=\"widget\" data-widget_type=\"heading.default\">\n\t\t\t\t<div class=\"elementor-widget-container\">\n\t\t\t\t\t<h3 class=\"elementor-heading-title elementor-size-default\">Die Handschiene <\/h3>\t\t\t\t<\/div>\n\t\t\t\t<\/div>\n\t\t\t\t<div class=\"elementor-element elementor-element-7bfec3b elementor-widget elementor-widget-text-editor\" data-id=\"7bfec3b\" data-element_type=\"widget\" data-e-type=\"widget\" data-widget_type=\"text-editor.default\">\n\t\t\t\t<div class=\"elementor-widget-container\">\n\t\t\t\t\t\t\t\t\t<p class=\"MsoNormal\"><b style=\"font-style: inherit; background-color: var(--ast-global-color-5); color: var(--ast-global-color-3);\"><span lang=\"DE\">Wie lange die Schiene tragen bei Karpaltunnelsyndrom?<\/span><\/b><\/p>\n<p class=\"MsoNormal\"><span lang=\"DE\">Bei Karpaltunnelsyndrom ist die Dauer, wie lange eine Handschiene getragen werden muss, besonders wichtig. Experten empfehlen, die Schiene vor allem nachts und bei Bedarf tags\u00fcber \u00fcber einen Zeitraum von mindestens vier bis sechs Wochen zu tragen. Eine kontinuierliche Bewertung durch einen Hand-Spezialisten ist entscheidend, um den Therapieerfolg sicherzustellen.<\/span><\/p>\n<p class=\"MsoNormal\"><b><span lang=\"DE\">Was sollte man bei Karpaltunnelsyndrom vermeiden?<\/span><\/b><\/p>\n<p class=\"MsoNormal\"><span lang=\"DE\">Um den Heilungsprozess zu unterst\u00fctzen, ist es ratsam, wiederholte, belastende Handbewegungen zu vermeiden und auf ergonomische Arbeitsbedingungen zu achten. Die Vermeidung von T\u00e4tigkeiten, die zu einer weiteren Einengung des Karpaltunnels f\u00fchren k\u00f6nnten, ist ebenfalls von Bedeutung. Wir k\u00f6nnen Ihnen gerne individuelle \u00dcbungsempfehlungen geben. <\/span><\/p>\n<p class=\"MsoNormal\"><b><span lang=\"DE\">Was bringt eine Handschiene?<\/span><\/b><\/p>\n<p class=\"MsoNormal\"><span lang=\"DE\">Eine Handschiene bietet mehrere Vorteile: Sie stabilisiert und ruhigstellt das betroffene Gelenk oder die Sehne, lindert Schmerzen und unterst\u00fctzt den nat\u00fcrlichen Heilungsprozess. <\/span><\/p>\n<p class=\"MsoNormal\"><span lang=\"DE\">Insbesondere bei Erkrankungen wie dem Karpaltunnelsyndrom kann eine Schiene dazu beitragen, die Symptome signifikant zu reduzieren und eine Operation m\u00f6glicherweise zu vermeiden.<\/span><\/p>\t\t\t\t\t\t\t\t<\/div>\n\t\t\t\t<\/div>\n\t\t\t\t<div class=\"elementor-element elementor-element-15146f3 elementor-widget elementor-widget-heading\" data-id=\"15146f3\" data-element_type=\"widget\" data-e-type=\"widget\" data-widget_type=\"heading.default\">\n\t\t\t\t<div class=\"elementor-widget-container\">\n\t\t\t\t\t<h3 class=\"elementor-heading-title elementor-size-default\">Schienen gegen Schmerzen - alle Kassen &amp; Privat!<\/h3>\t\t\t\t<\/div>\n\t\t\t\t<\/div>\n\t\t\t\t<div class=\"elementor-element elementor-element-8472da5 elementor-widget elementor-widget-text-editor\" data-id=\"8472da5\" data-element_type=\"widget\" data-e-type=\"widget\" data-widget_type=\"text-editor.default\">\n\t\t\t\t<div class=\"elementor-widget-container\">\n\t\t\t\t\t\t\t\t\t<p>Vom ersten Beratungsgespr\u00e4ch bis zur Nachsorge \u2013 Ihre individuellen Bed\u00fcrfnisse und Fragen stehen im Mittelpunkt. Wir legen gro\u00dfen Wert darauf, Ihnen nicht nur medizinisch, sondern auch menschlich zur Seite zu stehen.<\/p><p>Ihre H\u00e4nde sind essenziell f\u00fcr die Bew\u00e4ltigung des Alltags. Vertrauen Sie sie den erfahrenen H\u00e4nden des Gelenkzentrums Wien an, die mit Engagement und Fachwissen f\u00fcr Ihre Gesundheit und Zufriedenheit arbeiten.<\/p>\t\t\t\t\t\t\t\t<\/div>\n\t\t\t\t<\/div>\n\t\t\t\t\t<\/div>\n\t\t<\/div>\n\t\t\t\t\t<\/div>\n\t\t<\/section>\n\t\t\t\t<\/div>\n\t\t","protected":false},"excerpt":{"rendered":"<p>Schienentherapie Jetzt Termin vereinbaren Schienentherapie Wien Zur Stabilisierung und Ruhigstellung von schmerzenden Gelenken sind Schienen eine schnelle, einfach durchzuf\u00fchrende und konservative Ma\u00dfnahme. Vor allem bei Erkrankungen und Beschwerden am Handgelenk werden auf diese Weise sehr gute Erfolge erzielt. Auch zur Nachbehandlung nach Operationen an H\u00e4nden und Fingern werden Schienen verwendet. Bei folgenden Krankheitsbildern werden Schienen [&hellip;]<\/p>\n","protected":false},"author":2,"featured_media":0,"parent":24713,"menu_order":0,"comment_status":"closed","ping_status":"closed","template":"","meta":{"site-sidebar-layout":"no-sidebar","site-content-layout":"page-builder","ast-site-content-layout":"full-width-container","site-content-style":"unboxed","site-sidebar-style":"unboxed","ast-global-header-display":"","ast-banner-title-visibility":"","ast-main-header-display":"","ast-hfb-above-header-display":"","ast-hfb-below-header-display":"","ast-hfb-mobile-header-display":"","site-post-title":"disabled","ast-breadcrumbs-content":"","ast-featured-img":"disabled","footer-sml-layout":"","ast-disable-related-posts":"","theme-transparent-header-meta":"","adv-header-id-meta":"","stick-header-meta":"","header-above-stick-meta":"","header-main-stick-meta":"","header-below-stick-meta":"","astra-migrate-meta-layouts":"set","ast-page-background-enabled":"default","ast-page-background-meta":{"desktop":{"background-color":"","background-image":"","background-repeat":"repeat","background-position":"center center","background-size":"auto","background-attachment":"scroll","background-type":"","background-media":"","overlay-type":"","overlay-color":"","overlay-opacity":"","overlay-gradient":""},"tablet":{"background-color":"","background-image":"","background-repeat":"repeat","background-position":"center center","background-size":"auto","background-attachment":"scroll","background-type":"","background-media":"","overlay-type":"","overlay-color":"","overlay-opacity":"","overlay-gradient":""},"mobile":{"background-color":"","background-image":"","background-repeat":"repeat","background-position":"center center","background-size":"auto","background-attachment":"scroll","background-type":"","background-media":"","overlay-type":"","overlay-color":"","overlay-opacity":"","overlay-gradient":""}},"ast-content-background-meta":{"desktop":{"background-color":"var(--ast-global-color-5)","background-image":"","background-repeat":"repeat","background-position":"center center","background-size":"auto","background-attachment":"scroll","background-type":"","background-media":"","overlay-type":"","overlay-color":"","overlay-opacity":"","overlay-gradient":""},"tablet":{"background-color":"var(--ast-global-color-5)","background-image":"","background-repeat":"repeat","background-position":"center center","background-size":"auto","background-attachment":"scroll","background-type":"","background-media":"","overlay-type":"","overlay-color":"","overlay-opacity":"","overlay-gradient":""},"mobile":{"background-color":"var(--ast-global-color-5)","background-image":"","background-repeat":"repeat","background-position":"center center","background-size":"auto","background-attachment":"scroll","background-type":"","background-media":"","overlay-type":"","overlay-color":"","overlay-opacity":"","overlay-gradient":""}},"two_page_speed":{"current_score":{"desktop_score":77,"desktop_tti":"0.6\u00a0","mobile_score":93,"mobile_tti":"2.6\u00a0","date":"20.04.2026 11:12:46 am","status":"completed"}},"footnotes":""},"class_list":["post-24746","page","type-page","status-publish","hentry"],"yoast_head":"<!-- This site is optimized with the Yoast SEO plugin v27.5 - https:\/\/yoast.com\/product\/yoast-seo-wordpress\/ -->\n<title>Schienentherapie Wien | Gelenkzentrum Wien Simmering<\/title>\n<meta name=\"description\" content=\"Schienentherapie im Gelenkzentrum Simmering zur Hilfe bei Arthrose und \u00dcberbeinen: Info\u00b4s zu Fingerschiene und Handschiene - alle Kassen\" \/>\n<meta name=\"robots\" content=\"index, follow, max-snippet:-1, max-image-preview:large, max-video-preview:-1\" \/>\n<link rel=\"canonical\" href=\"https:\/\/gelenkzentrum.at\/de\/leistungen\/schienentherapie\/\" \/>\n<meta property=\"og:locale\" content=\"de_DE\" \/>\n<meta property=\"og:type\" content=\"article\" \/>\n<meta property=\"og:title\" content=\"Schienentherapie Wien | Gelenkzentrum Wien Simmering\" \/>\n<meta property=\"og:description\" content=\"Schienentherapie im Gelenkzentrum Simmering zur Hilfe bei Arthrose und \u00dcberbeinen: Info\u00b4s zu Fingerschiene und Handschiene - alle Kassen\" \/>\n<meta property=\"og:url\" content=\"https:\/\/gelenkzentrum.at\/de\/leistungen\/schienentherapie\/\" \/>\n<meta property=\"og:site_name\" content=\"Gelenkzentrum Wien Simmering\" \/>\n<meta property=\"article:modified_time\" content=\"2026-04-20T09:12:13+00:00\" \/>\n<meta name=\"twitter:card\" content=\"summary_large_image\" \/>\n<meta name=\"twitter:label1\" content=\"Gesch\u00e4tzte Lesezeit\" \/>\n\t<meta name=\"twitter:data1\" content=\"3\u00a0Minuten\" \/>\n<script type=\"application\/ld+json\" class=\"yoast-schema-graph\">{\"@context\":\"https:\\\/\\\/schema.org\",\"@graph\":[{\"@type\":\"WebPage\",\"@id\":\"https:\\\/\\\/gelenkzentrum.at\\\/de\\\/leistungen\\\/schienentherapie\\\/\",\"url\":\"https:\\\/\\\/gelenkzentrum.at\\\/de\\\/leistungen\\\/schienentherapie\\\/\",\"name\":\"Schienentherapie Wien | Gelenkzentrum Wien Simmering\",\"isPartOf\":{\"@id\":\"https:\\\/\\\/gelenkzentrum.at\\\/de\\\/#website\"},\"datePublished\":\"2022-07-06T06:28:08+00:00\",\"dateModified\":\"2026-04-20T09:12:13+00:00\",\"description\":\"Schienentherapie im Gelenkzentrum Simmering zur Hilfe bei Arthrose und \u00dcberbeinen: Info\u00b4s zu Fingerschiene und Handschiene - alle Kassen\",\"breadcrumb\":{\"@id\":\"https:\\\/\\\/gelenkzentrum.at\\\/de\\\/leistungen\\\/schienentherapie\\\/#breadcrumb\"},\"inLanguage\":\"de\",\"potentialAction\":[{\"@type\":\"ReadAction\",\"target\":[\"https:\\\/\\\/gelenkzentrum.at\\\/de\\\/leistungen\\\/schienentherapie\\\/\"]}]},{\"@type\":\"BreadcrumbList\",\"@id\":\"https:\\\/\\\/gelenkzentrum.at\\\/de\\\/leistungen\\\/schienentherapie\\\/#breadcrumb\",\"itemListElement\":[{\"@type\":\"ListItem\",\"position\":1,\"name\":\"Startseite\",\"item\":\"https:\\\/\\\/gelenkzentrum.at\\\/de\\\/\"},{\"@type\":\"ListItem\",\"position\":2,\"name\":\"Leistungen\",\"item\":\"https:\\\/\\\/gelenkzentrum.at\\\/de\\\/leistungen\\\/\"},{\"@type\":\"ListItem\",\"position\":3,\"name\":\"Schienentherapie\"}]},{\"@type\":\"WebSite\",\"@id\":\"https:\\\/\\\/gelenkzentrum.at\\\/de\\\/#website\",\"url\":\"https:\\\/\\\/gelenkzentrum.at\\\/de\\\/\",\"name\":\"Gelenkzentrum Wien Simmering\",\"description\":\"Orthop\u00e4disches Zentrum Wien, alle Kassen\",\"publisher\":{\"@id\":\"https:\\\/\\\/gelenkzentrum.at\\\/de\\\/#organization\"},\"potentialAction\":[{\"@type\":\"SearchAction\",\"target\":{\"@type\":\"EntryPoint\",\"urlTemplate\":\"https:\\\/\\\/gelenkzentrum.at\\\/de\\\/?s={search_term_string}\"},\"query-input\":{\"@type\":\"PropertyValueSpecification\",\"valueRequired\":true,\"valueName\":\"search_term_string\"}}],\"inLanguage\":\"de\"},{\"@type\":\"Organization\",\"@id\":\"https:\\\/\\\/gelenkzentrum.at\\\/de\\\/#organization\",\"name\":\"Gelenkzentrum Wien Simmering\",\"url\":\"https:\\\/\\\/gelenkzentrum.at\\\/de\\\/\",\"logo\":{\"@type\":\"ImageObject\",\"inLanguage\":\"de\",\"@id\":\"https:\\\/\\\/gelenkzentrum.at\\\/de\\\/#\\\/schema\\\/logo\\\/image\\\/\",\"url\":\"https:\\\/\\\/gelenkzentrum.at\\\/de\\\/wp-content\\\/uploads\\\/2022\\\/05\\\/Logo_Gelenkzentrum-200x70-1.png\",\"contentUrl\":\"https:\\\/\\\/gelenkzentrum.at\\\/de\\\/wp-content\\\/uploads\\\/2022\\\/05\\\/Logo_Gelenkzentrum-200x70-1.png\",\"width\":200,\"height\":70,\"caption\":\"Gelenkzentrum Wien Simmering\"},\"image\":{\"@id\":\"https:\\\/\\\/gelenkzentrum.at\\\/de\\\/#\\\/schema\\\/logo\\\/image\\\/\"}}]}<\/script>\n<!-- \/ Yoast SEO plugin. -->","yoast_head_json":{"title":"Schienentherapie Wien | Gelenkzentrum Wien Simmering","description":"Schienentherapie im Gelenkzentrum Simmering zur Hilfe bei Arthrose und \u00dcberbeinen: Info\u00b4s zu Fingerschiene und Handschiene - alle Kassen","robots":{"index":"index","follow":"follow","max-snippet":"max-snippet:-1","max-image-preview":"max-image-preview:large","max-video-preview":"max-video-preview:-1"},"canonical":"https:\/\/gelenkzentrum.at\/de\/leistungen\/schienentherapie\/","og_locale":"de_DE","og_type":"article","og_title":"Schienentherapie Wien | Gelenkzentrum Wien Simmering","og_description":"Schienentherapie im Gelenkzentrum Simmering zur Hilfe bei Arthrose und \u00dcberbeinen: Info\u00b4s zu Fingerschiene und Handschiene - alle Kassen","og_url":"https:\/\/gelenkzentrum.at\/de\/leistungen\/schienentherapie\/","og_site_name":"Gelenkzentrum Wien Simmering","article_modified_time":"2026-04-20T09:12:13+00:00","twitter_card":"summary_large_image","twitter_misc":{"Gesch\u00e4tzte Lesezeit":"3\u00a0Minuten"},"schema":{"@context":"https:\/\/schema.org","@graph":[{"@type":"WebPage","@id":"https:\/\/gelenkzentrum.at\/de\/leistungen\/schienentherapie\/","url":"https:\/\/gelenkzentrum.at\/de\/leistungen\/schienentherapie\/","name":"Schienentherapie Wien | Gelenkzentrum Wien Simmering","isPartOf":{"@id":"https:\/\/gelenkzentrum.at\/de\/#website"},"datePublished":"2022-07-06T06:28:08+00:00","dateModified":"2026-04-20T09:12:13+00:00","description":"Schienentherapie im Gelenkzentrum Simmering zur Hilfe bei Arthrose und \u00dcberbeinen: Info\u00b4s zu Fingerschiene und Handschiene - alle Kassen","breadcrumb":{"@id":"https:\/\/gelenkzentrum.at\/de\/leistungen\/schienentherapie\/#breadcrumb"},"inLanguage":"de","potentialAction":[{"@type":"ReadAction","target":["https:\/\/gelenkzentrum.at\/de\/leistungen\/schienentherapie\/"]}]},{"@type":"BreadcrumbList","@id":"https:\/\/gelenkzentrum.at\/de\/leistungen\/schienentherapie\/#breadcrumb","itemListElement":[{"@type":"ListItem","position":1,"name":"Startseite","item":"https:\/\/gelenkzentrum.at\/de\/"},{"@type":"ListItem","position":2,"name":"Leistungen","item":"https:\/\/gelenkzentrum.at\/de\/leistungen\/"},{"@type":"ListItem","position":3,"name":"Schienentherapie"}]},{"@type":"WebSite","@id":"https:\/\/gelenkzentrum.at\/de\/#website","url":"https:\/\/gelenkzentrum.at\/de\/","name":"Gelenkzentrum Wien Simmering","description":"Orthop\u00e4disches Zentrum Wien, alle Kassen","publisher":{"@id":"https:\/\/gelenkzentrum.at\/de\/#organization"},"potentialAction":[{"@type":"SearchAction","target":{"@type":"EntryPoint","urlTemplate":"https:\/\/gelenkzentrum.at\/de\/?s={search_term_string}"},"query-input":{"@type":"PropertyValueSpecification","valueRequired":true,"valueName":"search_term_string"}}],"inLanguage":"de"},{"@type":"Organization","@id":"https:\/\/gelenkzentrum.at\/de\/#organization","name":"Gelenkzentrum Wien Simmering","url":"https:\/\/gelenkzentrum.at\/de\/","logo":{"@type":"ImageObject","inLanguage":"de","@id":"https:\/\/gelenkzentrum.at\/de\/#\/schema\/logo\/image\/","url":"https:\/\/gelenkzentrum.at\/de\/wp-content\/uploads\/2022\/05\/Logo_Gelenkzentrum-200x70-1.png","contentUrl":"https:\/\/gelenkzentrum.at\/de\/wp-content\/uploads\/2022\/05\/Logo_Gelenkzentrum-200x70-1.png","width":200,"height":70,"caption":"Gelenkzentrum Wien Simmering"},"image":{"@id":"https:\/\/gelenkzentrum.at\/de\/#\/schema\/logo\/image\/"}}]}},"_links":{"self":[{"href":"https:\/\/gelenkzentrum.at\/de\/wp-json\/wp\/v2\/pages\/24746","targetHints":{"allow":["GET"]}}],"collection":[{"href":"https:\/\/gelenkzentrum.at\/de\/wp-json\/wp\/v2\/pages"}],"about":[{"href":"https:\/\/gelenkzentrum.at\/de\/wp-json\/wp\/v2\/types\/page"}],"author":[{"embeddable":true,"href":"https:\/\/gelenkzentrum.at\/de\/wp-json\/wp\/v2\/users\/2"}],"replies":[{"embeddable":true,"href":"https:\/\/gelenkzentrum.at\/de\/wp-json\/wp\/v2\/comments?post=24746"}],"version-history":[{"count":19,"href":"https:\/\/gelenkzentrum.at\/de\/wp-json\/wp\/v2\/pages\/24746\/revisions"}],"predecessor-version":[{"id":28845,"href":"https:\/\/gelenkzentrum.at\/de\/wp-json\/wp\/v2\/pages\/24746\/revisions\/28845"}],"up":[{"embeddable":true,"href":"https:\/\/gelenkzentrum.at\/de\/wp-json\/wp\/v2\/pages\/24713"}],"wp:attachment":[{"href":"https:\/\/gelenkzentrum.at\/de\/wp-json\/wp\/v2\/media?parent=24746"}],"curies":[{"name":"wp","href":"https:\/\/api.w.org\/{rel}","templated":true}]}}