{"id":24734,"date":"2022-07-06T08:25:31","date_gmt":"2022-07-06T06:25:31","guid":{"rendered":"https:\/\/gelenkzentrum.at\/de\/?page_id=24734"},"modified":"2026-04-20T11:11:38","modified_gmt":"2026-04-20T09:11:38","slug":"revisionsoperationen","status":"publish","type":"page","link":"https:\/\/gelenkzentrum.at\/de\/leistungen\/revisionsoperationen\/","title":{"rendered":"Revisionsoperationen"},"content":{"rendered":"\t\t<div data-elementor-type=\"wp-page\" data-elementor-id=\"24734\" class=\"elementor elementor-24734\">\n\t\t\t\t\t\t<section class=\"elementor-section elementor-top-section elementor-element elementor-element-107b7dfe elementor-section-full_width elementor-section-height-min-height elementor-section-height-default elementor-section-items-middle\" data-id=\"107b7dfe\" data-element_type=\"section\" data-e-type=\"section\" data-settings=\"{&quot;background_background&quot;:&quot;classic&quot;,&quot;shape_divider_bottom&quot;:&quot;tilt&quot;}\">\n\t\t\t\t\t<div class=\"elementor-shape elementor-shape-bottom\" aria-hidden=\"true\" data-negative=\"false\">\n\t\t\t<svg xmlns=\"http:\/\/www.w3.org\/2000\/svg\" viewBox=\"0 0 1000 100\" preserveAspectRatio=\"none\">\n\t<path class=\"elementor-shape-fill\" d=\"M0,6V0h1000v100L0,6z\"\/>\n<\/svg>\t\t<\/div>\n\t\t\t\t\t<div class=\"elementor-container elementor-column-gap-default\">\n\t\t\t\t\t<div class=\"elementor-column elementor-col-100 elementor-top-column elementor-element elementor-element-11ae16f2\" data-id=\"11ae16f2\" data-element_type=\"column\" data-e-type=\"column\">\n\t\t\t<div class=\"elementor-widget-wrap elementor-element-populated\">\n\t\t\t\t\t\t<section class=\"elementor-section elementor-inner-section elementor-element elementor-element-557d42a elementor-section-boxed elementor-section-height-default elementor-section-height-default\" data-id=\"557d42a\" data-element_type=\"section\" data-e-type=\"section\">\n\t\t\t\t\t\t<div class=\"elementor-container elementor-column-gap-default\">\n\t\t\t\t\t<div class=\"elementor-column elementor-col-100 elementor-inner-column elementor-element elementor-element-6e35f3c6\" data-id=\"6e35f3c6\" data-element_type=\"column\" data-e-type=\"column\">\n\t\t\t<div class=\"elementor-widget-wrap elementor-element-populated\">\n\t\t\t\t\t\t<div class=\"elementor-element elementor-element-19150652 elementor-widget elementor-widget-heading\" data-id=\"19150652\" data-element_type=\"widget\" data-e-type=\"widget\" data-widget_type=\"heading.default\">\n\t\t\t\t<div class=\"elementor-widget-container\">\n\t\t\t\t\t<h1 class=\"elementor-heading-title elementor-size-default\">Revisions&shy;operat&shy;io&shy;nen<\/h1>\t\t\t\t<\/div>\n\t\t\t\t<\/div>\n\t\t\t\t<div class=\"elementor-element elementor-element-3da9acc9 elementor-widget elementor-widget-button\" data-id=\"3da9acc9\" data-element_type=\"widget\" data-e-type=\"widget\" data-widget_type=\"button.default\">\n\t\t\t\t<div class=\"elementor-widget-container\">\n\t\t\t\t\t\t\t\t\t<div class=\"elementor-button-wrapper\">\n\t\t\t\t\t<a class=\"elementor-button elementor-button-link elementor-size-sm\" href=\"https:\/\/gelenkzentrum.at\/de\/kontakt#termin\">\n\t\t\t\t\t\t<span class=\"elementor-button-content-wrapper\">\n\t\t\t\t\t\t\t\t\t<span class=\"elementor-button-text\">Jetzt Termin vereinbaren<\/span>\n\t\t\t\t\t<\/span>\n\t\t\t\t\t<\/a>\n\t\t\t\t<\/div>\n\t\t\t\t\t\t\t\t<\/div>\n\t\t\t\t<\/div>\n\t\t\t\t\t<\/div>\n\t\t<\/div>\n\t\t\t\t\t<\/div>\n\t\t<\/section>\n\t\t\t\t\t<\/div>\n\t\t<\/div>\n\t\t\t\t\t<\/div>\n\t\t<\/section>\n\t\t\t\t<section class=\"elementor-section elementor-top-section elementor-element elementor-element-b71c273 elementor-section-boxed elementor-section-height-default elementor-section-height-default\" data-id=\"b71c273\" data-element_type=\"section\" data-e-type=\"section\">\n\t\t\t\t\t\t<div class=\"elementor-container elementor-column-gap-default\">\n\t\t\t\t\t<div class=\"elementor-column elementor-col-100 elementor-top-column elementor-element elementor-element-ded6fec\" data-id=\"ded6fec\" data-element_type=\"column\" data-e-type=\"column\">\n\t\t\t<div class=\"elementor-widget-wrap elementor-element-populated\">\n\t\t\t\t\t\t<div class=\"elementor-element elementor-element-c307a33 elementor-widget elementor-widget-heading\" data-id=\"c307a33\" data-element_type=\"widget\" data-e-type=\"widget\" data-widget_type=\"heading.default\">\n\t\t\t\t<div class=\"elementor-widget-container\">\n\t\t\t\t\t<h2 class=\"elementor-heading-title elementor-size-default\">Revisionsoperation in Wien<\/h2>\t\t\t\t<\/div>\n\t\t\t\t<\/div>\n\t\t\t\t<div class=\"elementor-element elementor-element-d7312a6 elementor-widget elementor-widget-text-editor\" data-id=\"d7312a6\" data-element_type=\"widget\" data-e-type=\"widget\" data-widget_type=\"text-editor.default\">\n\t\t\t\t<div class=\"elementor-widget-container\">\n\t\t\t\t\t\t\t\t\t<p>In der Orthop\u00e4die sind wir bestrebt, Ihnen die bestm\u00f6gliche Behandlung und Betreuung zu bieten. Manchmal erfordert dies eine Revisionsoperation, ein Eingriff, der folgt, wenn das erste Ergebnis einer Operation am Knie, an der H\u00fcfte oder an anderen Gelenken nicht den Erwartungen entspricht.<\/p><p>Dank seiner langj\u00e4hrigen Erfahrung in der orthop\u00e4dischen Chirurgie, speziell in der Rheumachirurgie und der Chirurgie komplexer Fehlstellungen, ist Dr. Erdal Cetin auch im Umgang mit schwierigen Gegebenheiten routiniert.<\/p><p>Im Gelenkzentrum f\u00fchrt Dr. Cetin laufend Korrekturoperationen bei Instabilit\u00e4ten und Lockerungen von H\u00fcft- und Knieendoprothesen durch und kann auf eine langj\u00e4hrige Expertise in diesem Bereich zur\u00fcckblicken.<\/p><p><strong>Was ist eine Revisionsoperation?<\/strong><\/p><p>Eine Revisionsoperation, auch bekannt als Revision, korrigiert fr\u00fchere chirurgische Eingriffe, die nicht die erhofften Ergebnisse brachten. Dies gilt besonders f\u00fcr Operationen mit Endoprothesen. Ob am Knie, an der H\u00fcfte oder sogar an der Wirbels\u00e4ule \u2013 solche Revisionen kommen bei unterschiedlichsten Problemen zum Einsatz.<\/p><p><strong>Die Bedeutung operativer Revisionen<\/strong><\/p><p>Operative Revisionen, wie die Revisionsoperation der H\u00fcfte oder das Knie, sind spezialisierte Eingriffe, die darauf abzielen, die Funktionalit\u00e4t des betroffenen Gelenks zu verbessern und Schmerzen zu reduzieren.<\/p><p>Diese Eingriffe erfordern eine hohe Expertise und Erfahrung, wie sie Dr. Erdal Cetin und das Team im Gelenkzentrum bieten.<\/p>\t\t\t\t\t\t\t\t<\/div>\n\t\t\t\t<\/div>\n\t\t\t\t<div class=\"elementor-element elementor-element-866ba16 elementor-widget elementor-widget-heading\" data-id=\"866ba16\" data-element_type=\"widget\" data-e-type=\"widget\" data-widget_type=\"heading.default\">\n\t\t\t\t<div class=\"elementor-widget-container\">\n\t\t\t\t\t<h3 class=\"elementor-heading-title elementor-size-default\">H\u00e4ufige Fragen rund um die Revisionschirurgie<\/h3>\t\t\t\t<\/div>\n\t\t\t\t<\/div>\n\t\t\t\t<div class=\"elementor-element elementor-element-f57f3a0 elementor-widget elementor-widget-text-editor\" data-id=\"f57f3a0\" data-element_type=\"widget\" data-e-type=\"widget\" data-widget_type=\"text-editor.default\">\n\t\t\t\t<div class=\"elementor-widget-container\">\n\t\t\t\t\t\t\t\t\t<ul><li><strong>Was bedeutet Revision beim Arzt?<\/strong><\/li><\/ul><p>Im medizinischen Kontext bezieht sich eine Revision auf den Prozess der erneuten Beurteilung und Korrektur durch einen chirurgischen Eingriff.<\/p><ul><li><strong>Was ist eine Knie-Revision?<\/strong><\/li><\/ul><p>Eine Knie-Revision ist ein chirurgischer Eingriff, der durchgef\u00fchrt wird, um eine zuvor eingesetzte Knieprothese zu ersetzen oder zu reparieren.<\/p><ul><li><strong>Wie lange dauert eine Knie-OP, bis man wieder fit ist?<\/strong><\/li><\/ul><p>Die Erholungszeit nach einer Knie-TEP-Revision kann variieren, oft sind Patienten nach einigen Wochen bis Monate wieder mobil, abh\u00e4ngig von individuellen Faktoren und dem Umfang der Operation.<\/p><ul><li><strong>Was ist eine H\u00fcftrevision?<\/strong><\/li><\/ul><p>\u00c4hnlich wie bei der Knie-Revision bezieht sich eine H\u00fcftrevision auf den chirurgischen Eingriff zur Korrektur oder zum Ersatz einer H\u00fcftendoprothese.<\/p><ul><li><strong>Wie oft Kontrolle nach H\u00fcft-OP?<\/strong><\/li><\/ul><p>Nach einer H\u00fcft-OP sind regelm\u00e4\u00dfige Kontrollen wichtig, um den Heilungsprozess zu \u00fcberwachen und fr\u00fchzeitig auf m\u00f6gliche Komplikationen zu reagieren. Die H\u00e4ufigkeit dieser Kontrollen h\u00e4ngt vom individuellen Fall ab.<\/p>\t\t\t\t\t\t\t\t<\/div>\n\t\t\t\t<\/div>\n\t\t\t\t<div class=\"elementor-element elementor-element-0c27e61 elementor-widget elementor-widget-heading\" data-id=\"0c27e61\" data-element_type=\"widget\" data-e-type=\"widget\" data-widget_type=\"heading.default\">\n\t\t\t\t<div class=\"elementor-widget-container\">\n\t\t\t\t\t<h3 class=\"elementor-heading-title elementor-size-default\">Wichtige Hinweise f\u00fcr die Revisionsoperation<\/h3>\t\t\t\t<\/div>\n\t\t\t\t<\/div>\n\t\t\t\t<div class=\"elementor-element elementor-element-737f9f3 elementor-widget elementor-widget-text-editor\" data-id=\"737f9f3\" data-element_type=\"widget\" data-e-type=\"widget\" data-widget_type=\"text-editor.default\">\n\t\t\t\t<div class=\"elementor-widget-container\">\n\t\t\t\t\t\t\t\t\t<ul><li><strong>Warum kann sich eine k\u00fcnstliche H\u00fcfte lockern?<\/strong><\/li><\/ul><p>Eine k\u00fcnstliche H\u00fcfte kann sich aus mehreren Gr\u00fcnden lockern, was h\u00e4ufig auf den nat\u00fcrlichen Verschlei\u00df der Prothesenmaterialien zur\u00fcckzuf\u00fchren ist.<\/p><p>Mit der Zeit k\u00f6nnen diese Materialien durch die st\u00e4ndige Belastung beim Gehen, Stehen oder anderen Bewegungen abgenutzt werden.<\/p><p>Zus\u00e4tzlich k\u00f6nnen Ver\u00e4nderungen im Knochengewebe um die Prothese herum auftreten. Dies kann durch Knochenschwund (Osteoporose) oder eine unzureichende Integration der Prothese in das Knochengewebe bedingt sein.<\/p><p>Beide Faktoren \u2013 der Verschlei\u00df der Materialien und die Ver\u00e4nderungen im Knochen \u2013 k\u00f6nnen dazu f\u00fchren, dass die k\u00fcnstliche H\u00fcfte nicht mehr so festsitzt, wie sie sollte, was zu Lockerungen und m\u00f6glicherweise zu Schmerzen oder Mobilit\u00e4tsproblemen f\u00fchrt.<\/p><ul><li><strong>Wie merkt man, dass die Knieprothese locker ist?<\/strong><\/li><\/ul><p>Anzeichen einer Lockerung sind, wenn man bestimmte Ver\u00e4nderungen wahrgenommen werden. Zunehmende Schmerzen im Bereich des operierten Knies sind ein h\u00e4ufiges Anzeichen.<\/p><p>Auch wenn das Gehen schwerer f\u00e4llt oder man merkt, dass die Beweglichkeit des Gelenks sich ver\u00e4ndert hat, k\u00f6nnten diese Hinweise auf eine Lockerung der Prothese sein. Solche Symptome sollten ernst genommen werden, da sie auf Probleme mit der Stabilit\u00e4t oder der Funktion der Prothese hindeuten k\u00f6nnen.<\/p>\t\t\t\t\t\t\t\t<\/div>\n\t\t\t\t<\/div>\n\t\t\t\t<div class=\"elementor-element elementor-element-55eda63 elementor-widget elementor-widget-heading\" data-id=\"55eda63\" data-element_type=\"widget\" data-e-type=\"widget\" data-widget_type=\"heading.default\">\n\t\t\t\t<div class=\"elementor-widget-container\">\n\t\t\t\t\t<h3 class=\"elementor-heading-title elementor-size-default\">Revisionsoperation in Ihrer N\u00e4he:<\/h3>\t\t\t\t<\/div>\n\t\t\t\t<\/div>\n\t\t\t\t<div class=\"elementor-element elementor-element-7aca6bb elementor-widget elementor-widget-text-editor\" data-id=\"7aca6bb\" data-element_type=\"widget\" data-e-type=\"widget\" data-widget_type=\"text-editor.default\">\n\t\t\t\t<div class=\"elementor-widget-container\">\n\t\t\t\t\t\t\t\t\t<p>Revisionsoperationen erfordern eine hohe Expertise. Im Gelenkzentrum stehen wir Ihnen mit unserem Fachwissen zur Seite, um Ihnen eine bestm\u00f6gliche Behandlung und eine schnelle R\u00fcckkehr zu Ihren t\u00e4glichen Aktivit\u00e4ten zu erm\u00f6glichen.<\/p><p>Wenn Sie Fragen haben oder eine Beratung w\u00fcnschen, z\u00f6gern Sie nicht, <a href=\"https:\/\/gelenkzentrum.at\/de\/kontakt\/\">uns zu kontaktieren<\/a>. Gemeinsam finden wir den besten Weg!<\/p>\t\t\t\t\t\t\t\t<\/div>\n\t\t\t\t<\/div>\n\t\t\t\t\t<\/div>\n\t\t<\/div>\n\t\t\t\t\t<\/div>\n\t\t<\/section>\n\t\t\t\t<\/div>\n\t\t","protected":false},"excerpt":{"rendered":"<p>Revisions&shy;operat&shy;io&shy;nen Jetzt Termin vereinbaren Revisionsoperation in Wien In der Orthop\u00e4die sind wir bestrebt, Ihnen die bestm\u00f6gliche Behandlung und Betreuung zu bieten. Manchmal erfordert dies eine Revisionsoperation, ein Eingriff, der folgt, wenn das erste Ergebnis einer Operation am Knie, an der H\u00fcfte oder an anderen Gelenken nicht den Erwartungen entspricht. Dank seiner langj\u00e4hrigen Erfahrung in der [&hellip;]<\/p>\n","protected":false},"author":2,"featured_media":0,"parent":24713,"menu_order":0,"comment_status":"closed","ping_status":"closed","template":"","meta":{"site-sidebar-layout":"no-sidebar","site-content-layout":"page-builder","ast-site-content-layout":"full-width-container","site-content-style":"unboxed","site-sidebar-style":"unboxed","ast-global-header-display":"","ast-banner-title-visibility":"","ast-main-header-display":"","ast-hfb-above-header-display":"","ast-hfb-below-header-display":"","ast-hfb-mobile-header-display":"","site-post-title":"disabled","ast-breadcrumbs-content":"","ast-featured-img":"disabled","footer-sml-layout":"","ast-disable-related-posts":"","theme-transparent-header-meta":"","adv-header-id-meta":"","stick-header-meta":"","header-above-stick-meta":"","header-main-stick-meta":"","header-below-stick-meta":"","astra-migrate-meta-layouts":"set","ast-page-background-enabled":"default","ast-page-background-meta":{"desktop":{"background-color":"","background-image":"","background-repeat":"repeat","background-position":"center center","background-size":"auto","background-attachment":"scroll","background-type":"","background-media":"","overlay-type":"","overlay-color":"","overlay-opacity":"","overlay-gradient":""},"tablet":{"background-color":"","background-image":"","background-repeat":"repeat","background-position":"center center","background-size":"auto","background-attachment":"scroll","background-type":"","background-media":"","overlay-type":"","overlay-color":"","overlay-opacity":"","overlay-gradient":""},"mobile":{"background-color":"","background-image":"","background-repeat":"repeat","background-position":"center center","background-size":"auto","background-attachment":"scroll","background-type":"","background-media":"","overlay-type":"","overlay-color":"","overlay-opacity":"","overlay-gradient":""}},"ast-content-background-meta":{"desktop":{"background-color":"var(--ast-global-color-5)","background-image":"","background-repeat":"repeat","background-position":"center center","background-size":"auto","background-attachment":"scroll","background-type":"","background-media":"","overlay-type":"","overlay-color":"","overlay-opacity":"","overlay-gradient":""},"tablet":{"background-color":"var(--ast-global-color-5)","background-image":"","background-repeat":"repeat","background-position":"center center","background-size":"auto","background-attachment":"scroll","background-type":"","background-media":"","overlay-type":"","overlay-color":"","overlay-opacity":"","overlay-gradient":""},"mobile":{"background-color":"var(--ast-global-color-5)","background-image":"","background-repeat":"repeat","background-position":"center center","background-size":"auto","background-attachment":"scroll","background-type":"","background-media":"","overlay-type":"","overlay-color":"","overlay-opacity":"","overlay-gradient":""}},"two_page_speed":{"current_score":{"desktop_score":70,"desktop_tti":"0.6\u00a0","mobile_score":76,"mobile_tti":"1.4\u00a0","date":"20.04.2026 11:12:29 am","status":"completed"}},"footnotes":""},"class_list":["post-24734","page","type-page","status-publish","hentry"],"yoast_head":"<!-- This site is optimized with the Yoast SEO plugin v27.5 - https:\/\/yoast.com\/product\/yoast-seo-wordpress\/ -->\n<title>Revisionsoperation H\u00fcfte | Gelenkzentrum Wien Simmering<\/title>\n<meta name=\"description\" content=\"Korrektur- und Revisionsoperationen: Bei Endoprothesen in H\u00fcfte &amp; Knie kann es zu Instabilit\u00e4ten kommen! Revisionsoperationen im Gelenkzentrum\" \/>\n<meta name=\"robots\" content=\"index, follow, max-snippet:-1, max-image-preview:large, max-video-preview:-1\" \/>\n<link rel=\"canonical\" href=\"https:\/\/gelenkzentrum.at\/de\/leistungen\/revisionsoperationen\/\" \/>\n<meta property=\"og:locale\" content=\"de_DE\" \/>\n<meta property=\"og:type\" content=\"article\" \/>\n<meta property=\"og:title\" content=\"Revisionsoperation H\u00fcfte | Gelenkzentrum Wien Simmering\" \/>\n<meta property=\"og:description\" content=\"Korrektur- und Revisionsoperationen: Bei Endoprothesen in H\u00fcfte &amp; Knie kann es zu Instabilit\u00e4ten kommen! Revisionsoperationen im Gelenkzentrum\" \/>\n<meta property=\"og:url\" content=\"https:\/\/gelenkzentrum.at\/de\/leistungen\/revisionsoperationen\/\" \/>\n<meta property=\"og:site_name\" content=\"Gelenkzentrum Wien Simmering\" \/>\n<meta property=\"article:modified_time\" content=\"2026-04-20T09:11:38+00:00\" \/>\n<meta name=\"twitter:card\" content=\"summary_large_image\" \/>\n<meta name=\"twitter:label1\" content=\"Gesch\u00e4tzte Lesezeit\" \/>\n\t<meta name=\"twitter:data1\" content=\"4\u00a0Minuten\" \/>\n<script type=\"application\/ld+json\" class=\"yoast-schema-graph\">{\"@context\":\"https:\\\/\\\/schema.org\",\"@graph\":[{\"@type\":\"WebPage\",\"@id\":\"https:\\\/\\\/gelenkzentrum.at\\\/de\\\/leistungen\\\/revisionsoperationen\\\/\",\"url\":\"https:\\\/\\\/gelenkzentrum.at\\\/de\\\/leistungen\\\/revisionsoperationen\\\/\",\"name\":\"Revisionsoperation H\u00fcfte | Gelenkzentrum Wien Simmering\",\"isPartOf\":{\"@id\":\"https:\\\/\\\/gelenkzentrum.at\\\/de\\\/#website\"},\"datePublished\":\"2022-07-06T06:25:31+00:00\",\"dateModified\":\"2026-04-20T09:11:38+00:00\",\"description\":\"Korrektur- und Revisionsoperationen: Bei Endoprothesen in H\u00fcfte & Knie kann es zu Instabilit\u00e4ten kommen! Revisionsoperationen im Gelenkzentrum\",\"breadcrumb\":{\"@id\":\"https:\\\/\\\/gelenkzentrum.at\\\/de\\\/leistungen\\\/revisionsoperationen\\\/#breadcrumb\"},\"inLanguage\":\"de\",\"potentialAction\":[{\"@type\":\"ReadAction\",\"target\":[\"https:\\\/\\\/gelenkzentrum.at\\\/de\\\/leistungen\\\/revisionsoperationen\\\/\"]}]},{\"@type\":\"BreadcrumbList\",\"@id\":\"https:\\\/\\\/gelenkzentrum.at\\\/de\\\/leistungen\\\/revisionsoperationen\\\/#breadcrumb\",\"itemListElement\":[{\"@type\":\"ListItem\",\"position\":1,\"name\":\"Startseite\",\"item\":\"https:\\\/\\\/gelenkzentrum.at\\\/de\\\/\"},{\"@type\":\"ListItem\",\"position\":2,\"name\":\"Leistungen\",\"item\":\"https:\\\/\\\/gelenkzentrum.at\\\/de\\\/leistungen\\\/\"},{\"@type\":\"ListItem\",\"position\":3,\"name\":\"Revisionsoperationen\"}]},{\"@type\":\"WebSite\",\"@id\":\"https:\\\/\\\/gelenkzentrum.at\\\/de\\\/#website\",\"url\":\"https:\\\/\\\/gelenkzentrum.at\\\/de\\\/\",\"name\":\"Gelenkzentrum Wien Simmering\",\"description\":\"Orthop\u00e4disches Zentrum Wien, alle Kassen\",\"publisher\":{\"@id\":\"https:\\\/\\\/gelenkzentrum.at\\\/de\\\/#organization\"},\"potentialAction\":[{\"@type\":\"SearchAction\",\"target\":{\"@type\":\"EntryPoint\",\"urlTemplate\":\"https:\\\/\\\/gelenkzentrum.at\\\/de\\\/?s={search_term_string}\"},\"query-input\":{\"@type\":\"PropertyValueSpecification\",\"valueRequired\":true,\"valueName\":\"search_term_string\"}}],\"inLanguage\":\"de\"},{\"@type\":\"Organization\",\"@id\":\"https:\\\/\\\/gelenkzentrum.at\\\/de\\\/#organization\",\"name\":\"Gelenkzentrum Wien Simmering\",\"url\":\"https:\\\/\\\/gelenkzentrum.at\\\/de\\\/\",\"logo\":{\"@type\":\"ImageObject\",\"inLanguage\":\"de\",\"@id\":\"https:\\\/\\\/gelenkzentrum.at\\\/de\\\/#\\\/schema\\\/logo\\\/image\\\/\",\"url\":\"https:\\\/\\\/gelenkzentrum.at\\\/de\\\/wp-content\\\/uploads\\\/2022\\\/05\\\/Logo_Gelenkzentrum-200x70-1.png\",\"contentUrl\":\"https:\\\/\\\/gelenkzentrum.at\\\/de\\\/wp-content\\\/uploads\\\/2022\\\/05\\\/Logo_Gelenkzentrum-200x70-1.png\",\"width\":200,\"height\":70,\"caption\":\"Gelenkzentrum Wien Simmering\"},\"image\":{\"@id\":\"https:\\\/\\\/gelenkzentrum.at\\\/de\\\/#\\\/schema\\\/logo\\\/image\\\/\"}}]}<\/script>\n<!-- \/ Yoast SEO plugin. -->","yoast_head_json":{"title":"Revisionsoperation H\u00fcfte | Gelenkzentrum Wien Simmering","description":"Korrektur- und Revisionsoperationen: Bei Endoprothesen in H\u00fcfte & Knie kann es zu Instabilit\u00e4ten kommen! Revisionsoperationen im Gelenkzentrum","robots":{"index":"index","follow":"follow","max-snippet":"max-snippet:-1","max-image-preview":"max-image-preview:large","max-video-preview":"max-video-preview:-1"},"canonical":"https:\/\/gelenkzentrum.at\/de\/leistungen\/revisionsoperationen\/","og_locale":"de_DE","og_type":"article","og_title":"Revisionsoperation H\u00fcfte | Gelenkzentrum Wien Simmering","og_description":"Korrektur- und Revisionsoperationen: Bei Endoprothesen in H\u00fcfte & Knie kann es zu Instabilit\u00e4ten kommen! Revisionsoperationen im Gelenkzentrum","og_url":"https:\/\/gelenkzentrum.at\/de\/leistungen\/revisionsoperationen\/","og_site_name":"Gelenkzentrum Wien Simmering","article_modified_time":"2026-04-20T09:11:38+00:00","twitter_card":"summary_large_image","twitter_misc":{"Gesch\u00e4tzte Lesezeit":"4\u00a0Minuten"},"schema":{"@context":"https:\/\/schema.org","@graph":[{"@type":"WebPage","@id":"https:\/\/gelenkzentrum.at\/de\/leistungen\/revisionsoperationen\/","url":"https:\/\/gelenkzentrum.at\/de\/leistungen\/revisionsoperationen\/","name":"Revisionsoperation H\u00fcfte | Gelenkzentrum Wien Simmering","isPartOf":{"@id":"https:\/\/gelenkzentrum.at\/de\/#website"},"datePublished":"2022-07-06T06:25:31+00:00","dateModified":"2026-04-20T09:11:38+00:00","description":"Korrektur- und Revisionsoperationen: Bei Endoprothesen in H\u00fcfte & Knie kann es zu Instabilit\u00e4ten kommen! Revisionsoperationen im Gelenkzentrum","breadcrumb":{"@id":"https:\/\/gelenkzentrum.at\/de\/leistungen\/revisionsoperationen\/#breadcrumb"},"inLanguage":"de","potentialAction":[{"@type":"ReadAction","target":["https:\/\/gelenkzentrum.at\/de\/leistungen\/revisionsoperationen\/"]}]},{"@type":"BreadcrumbList","@id":"https:\/\/gelenkzentrum.at\/de\/leistungen\/revisionsoperationen\/#breadcrumb","itemListElement":[{"@type":"ListItem","position":1,"name":"Startseite","item":"https:\/\/gelenkzentrum.at\/de\/"},{"@type":"ListItem","position":2,"name":"Leistungen","item":"https:\/\/gelenkzentrum.at\/de\/leistungen\/"},{"@type":"ListItem","position":3,"name":"Revisionsoperationen"}]},{"@type":"WebSite","@id":"https:\/\/gelenkzentrum.at\/de\/#website","url":"https:\/\/gelenkzentrum.at\/de\/","name":"Gelenkzentrum Wien Simmering","description":"Orthop\u00e4disches Zentrum Wien, alle Kassen","publisher":{"@id":"https:\/\/gelenkzentrum.at\/de\/#organization"},"potentialAction":[{"@type":"SearchAction","target":{"@type":"EntryPoint","urlTemplate":"https:\/\/gelenkzentrum.at\/de\/?s={search_term_string}"},"query-input":{"@type":"PropertyValueSpecification","valueRequired":true,"valueName":"search_term_string"}}],"inLanguage":"de"},{"@type":"Organization","@id":"https:\/\/gelenkzentrum.at\/de\/#organization","name":"Gelenkzentrum Wien Simmering","url":"https:\/\/gelenkzentrum.at\/de\/","logo":{"@type":"ImageObject","inLanguage":"de","@id":"https:\/\/gelenkzentrum.at\/de\/#\/schema\/logo\/image\/","url":"https:\/\/gelenkzentrum.at\/de\/wp-content\/uploads\/2022\/05\/Logo_Gelenkzentrum-200x70-1.png","contentUrl":"https:\/\/gelenkzentrum.at\/de\/wp-content\/uploads\/2022\/05\/Logo_Gelenkzentrum-200x70-1.png","width":200,"height":70,"caption":"Gelenkzentrum Wien Simmering"},"image":{"@id":"https:\/\/gelenkzentrum.at\/de\/#\/schema\/logo\/image\/"}}]}},"_links":{"self":[{"href":"https:\/\/gelenkzentrum.at\/de\/wp-json\/wp\/v2\/pages\/24734","targetHints":{"allow":["GET"]}}],"collection":[{"href":"https:\/\/gelenkzentrum.at\/de\/wp-json\/wp\/v2\/pages"}],"about":[{"href":"https:\/\/gelenkzentrum.at\/de\/wp-json\/wp\/v2\/types\/page"}],"author":[{"embeddable":true,"href":"https:\/\/gelenkzentrum.at\/de\/wp-json\/wp\/v2\/users\/2"}],"replies":[{"embeddable":true,"href":"https:\/\/gelenkzentrum.at\/de\/wp-json\/wp\/v2\/comments?post=24734"}],"version-history":[{"count":19,"href":"https:\/\/gelenkzentrum.at\/de\/wp-json\/wp\/v2\/pages\/24734\/revisions"}],"predecessor-version":[{"id":28549,"href":"https:\/\/gelenkzentrum.at\/de\/wp-json\/wp\/v2\/pages\/24734\/revisions\/28549"}],"up":[{"embeddable":true,"href":"https:\/\/gelenkzentrum.at\/de\/wp-json\/wp\/v2\/pages\/24713"}],"wp:attachment":[{"href":"https:\/\/gelenkzentrum.at\/de\/wp-json\/wp\/v2\/media?parent=24734"}],"curies":[{"name":"wp","href":"https:\/\/api.w.org\/{rel}","templated":true}]}}